{"id":38382,"date":"2024-12-26T17:21:48","date_gmt":"2024-12-26T14:21:48","guid":{"rendered":"https:\/\/saudi-gift.com\/product\/hindistan-cevizli-nemli-seker\/"},"modified":"2024-12-26T17:21:48","modified_gmt":"2024-12-26T14:21:48","slug":"hindistan-cevizli-nemli-seker","status":"publish","type":"product","link":"https:\/\/saudi-dates.com\/tr\/urun\/hindistan-cevizli-nemli-seker\/","title":{"rendered":"Hindistan Cevizli Nemli \u015eeker"},"content":{"rendered":"<p>Hurman\u0131n do\u011fal tatl\u0131l\u0131\u011f\u0131 ile nargilenin kendine \u00f6zg\u00fc aromas\u0131 aras\u0131nda m\u00fckemmel bir denge kuran bu hurmalar, g\u00fcn\u00fcn her saatinde tad\u0131n\u0131 \u00e7\u0131karmak i\u00e7in m\u00fckemmel bir se\u00e7imdir. <\/p>\n<p><strong>Harika ve e\u015fsiz bir lezzet:<\/strong><\/p>\n<ul>\n<li class=\"ql-indent-1\">\u015eeker hurmalar\u0131 lezzetlidir ve nargile kremas\u0131 ve nargile tohumlar\u0131yla doldurulduklar\u0131nda kar\u015f\u0131 konulmaz bir \u015feye d\u00f6n\u00fc\u015f\u00fcrler.  <\/li>\n<\/ul>\n<p><strong>Hassasiyet ve kalite ile doldurulmu\u015ftur:<\/strong><\/p>\n<ul>\n<li class=\"ql-indent-1\">Bu hurmalar\u0131n her biri nargine kremas\u0131 ve nargine tohumlar\u0131yla titizlikle doldurulmu\u015ftur ve size her dokunu\u015fta lezzetli ve farkl\u0131 bir deneyim ya\u015fat\u0131r. <\/li>\n<\/ul>\n<p><strong>E\u015fsiz ve keyifli bir deneyim:<\/strong><\/p>\n<ul>\n<li class=\"ql-indent-1\">Nargile dolmas\u0131 ile i\u015ftah\u0131n\u0131za yeni ve yenilik\u00e7i bir dokunu\u015f yap\u0131n, e\u011flence ve lezzet dolu bir deneyim ya\u015fay\u0131n. <\/li>\n<\/ul>\n<p><strong>Do\u011fal bir enerji kayna\u011f\u0131:<\/strong><\/p>\n<ul>\n<li class=\"ql-indent-1\">Hurma do\u011fal \u015feker, lif, vitamin ve mineraller gibi bir\u00e7ok \u00f6nemli besin maddesi i\u00e7erdi\u011finden ideal bir enerji kayna\u011f\u0131d\u0131r. <\/li>\n<\/ul>\n<p><strong>Nargile kremas\u0131 ve nargile tohumu ile doldurulmu\u015f \u015fekerli hurmalar ile e\u015fsiz ve \u015fahane bir deneyim ya\u015fay\u0131n, duyular\u0131n\u0131z\u0131 b\u00fcy\u00fcleyen ve size unutulmaz zevk ve keyif anlar\u0131 ya\u015fatan enfes lezzetlerinin tad\u0131n\u0131 \u00e7\u0131kar\u0131n! <\/strong><\/p>\n","protected":false},"excerpt":{"rendered":"<p>Do\u011fal hurman\u0131n tatl\u0131 ve besleyici tad\u0131n\u0131 Nargin&#8217;in enfes kremsi lezzetiyle birle\u015ftiren Nargin Krema Dolgulu Hurma ve Nargin Fasulye ile benzersiz bir lezzet deneyimi ya\u015fay\u0131n. <\/p>\n<p>&nbsp;<\/p>\n<p>&nbsp;<\/p>\n<p><strong><span style=\"font-size: 17px\">Hapla kaplanm\u0131\u015f m\u0131?<\/span><\/strong><\/p>\n","protected":false},"featured_media":46330,"template":"","meta":[],"product_brand":[],"product_cat":[1861,15],"product_tag":[2131,2130,2132],"class_list":{"0":"post-38382","1":"product","2":"type-product","3":"status-publish","4":"has-post-thumbnail","6":"product_cat-medine-tarihleri","7":"product_cat-15","8":"product_tag-_-tr","9":"product_tag--tr","12":"first","13":"instock","14":"sale","15":"sold-individually","16":"shipping-taxable","17":"purchasable","18":"product-type-variable"},"aioseo_notices":[],"_links":{"self":[{"href":"https:\/\/saudi-dates.com\/tr\/wp-json\/wp\/v2\/product\/38382","targetHints":{"allow":["GET"]}}],"collection":[{"href":"https:\/\/saudi-dates.com\/tr\/wp-json\/wp\/v2\/product"}],"about":[{"href":"https:\/\/saudi-dates.com\/tr\/wp-json\/wp\/v2\/types\/product"}],"version-history":[{"count":0,"href":"https:\/\/saudi-dates.com\/tr\/wp-json\/wp\/v2\/product\/38382\/revisions"}],"wp:featuredmedia":[{"embeddable":true,"href":"https:\/\/saudi-dates.com\/tr\/wp-json\/wp\/v2\/media\/46330"}],"wp:attachment":[{"href":"https:\/\/saudi-dates.com\/tr\/wp-json\/wp\/v2\/media?parent=38382"}],"wp:term":[{"taxonomy":"product_brand","embeddable":true,"href":"https:\/\/saudi-dates.com\/tr\/wp-json\/wp\/v2\/product_brand?post=38382"},{"taxonomy":"product_cat","embeddable":true,"href":"https:\/\/saudi-dates.com\/tr\/wp-json\/wp\/v2\/product_cat?post=38382"},{"taxonomy":"product_tag","embeddable":true,"href":"https:\/\/saudi-dates.com\/tr\/wp-json\/wp\/v2\/product_tag?post=38382"}],"curies":[{"name":"wp","href":"https:\/\/api.w.org\/{rel}","templated":true}]}}