{"id":38357,"date":"2024-12-26T17:30:39","date_gmt":"2024-12-26T14:30:39","guid":{"rendered":"https:\/\/saudi-gift.com\/product\/bademli-ve-kakuleli-sajaqi\/"},"modified":"2024-12-26T17:30:39","modified_gmt":"2024-12-26T14:30:39","slug":"bademli-ve-kakuleli-sajaqi","status":"publish","type":"product","link":"https:\/\/saudi-dates.com\/tr\/urun\/bademli-ve-kakuleli-sajaqi\/","title":{"rendered":"Bademli ve Kakuleli Sajaqi"},"content":{"rendered":"","protected":false},"excerpt":{"rendered":"<p>Badem ve Kakule ile Doldurulmu\u015f Sakai Hurmas\u0131, hurman\u0131n do\u011fal, vitamin ve mineral a\u00e7\u0131s\u0131ndan zengin tad\u0131n\u0131, \u00e7\u0131t\u0131r badem dokunu\u015fu ve kakulenin e\u015fsiz lezzetiyle birle\u015ftiren kar\u015f\u0131 konulmaz bir deneyimdir. <\/p>\n<p>&nbsp;<\/p>\n<p>&nbsp;<\/p>\n<p><strong><span style=\"font-size: 17px\">Hapla kaplanm\u0131\u015f m\u0131?<\/span><\/strong><\/p>\n","protected":false},"featured_media":46342,"template":"","meta":[],"product_brand":[],"product_cat":[1861,15],"product_tag":[2130,2132],"class_list":{"0":"post-38357","1":"product","2":"type-product","3":"status-publish","4":"has-post-thumbnail","6":"product_cat-medine-tarihleri","7":"product_cat-15","8":"product_tag--tr","9":"product_tag-_-tr","11":"first","12":"instock","13":"sale","14":"sold-individually","15":"shipping-taxable","16":"purchasable","17":"product-type-variable"},"aioseo_notices":[],"_links":{"self":[{"href":"https:\/\/saudi-dates.com\/tr\/wp-json\/wp\/v2\/product\/38357","targetHints":{"allow":["GET"]}}],"collection":[{"href":"https:\/\/saudi-dates.com\/tr\/wp-json\/wp\/v2\/product"}],"about":[{"href":"https:\/\/saudi-dates.com\/tr\/wp-json\/wp\/v2\/types\/product"}],"version-history":[{"count":0,"href":"https:\/\/saudi-dates.com\/tr\/wp-json\/wp\/v2\/product\/38357\/revisions"}],"wp:featuredmedia":[{"embeddable":true,"href":"https:\/\/saudi-dates.com\/tr\/wp-json\/wp\/v2\/media\/46342"}],"wp:attachment":[{"href":"https:\/\/saudi-dates.com\/tr\/wp-json\/wp\/v2\/media?parent=38357"}],"wp:term":[{"taxonomy":"product_brand","embeddable":true,"href":"https:\/\/saudi-dates.com\/tr\/wp-json\/wp\/v2\/product_brand?post=38357"},{"taxonomy":"product_cat","embeddable":true,"href":"https:\/\/saudi-dates.com\/tr\/wp-json\/wp\/v2\/product_cat?post=38357"},{"taxonomy":"product_tag","embeddable":true,"href":"https:\/\/saudi-dates.com\/tr\/wp-json\/wp\/v2\/product_tag?post=38357"}],"curies":[{"name":"wp","href":"https:\/\/api.w.org\/{rel}","templated":true}]}}