{"id":43842,"date":"2021-08-26T09:00:47","date_gmt":"2021-08-26T06:00:47","guid":{"rendered":"https:\/\/saudi-dates.com\/sikca-sorulan-sorular-sss\/"},"modified":"2025-02-03T19:54:51","modified_gmt":"2025-02-03T16:54:51","slug":"sikca-sorulan-sorular-sss","status":"publish","type":"page","link":"https:\/\/saudi-dates.com\/tr\/sikca-sorulan-sorular-sss\/","title":{"rendered":"S\u0131k\u00e7a Sorulan Sorular (SSS)"},"content":{"rendered":"\t\t<div data-elementor-type=\"wp-page\" data-elementor-id=\"43842\" class=\"elementor elementor-43842 elementor-618\">\n\t\t\t\t\t\t<section class=\"wd-negative-gap elementor-section elementor-top-section elementor-element elementor-element-6c6f2176 elementor-section-full_width elementor-section-stretched elementor-section-height-default elementor-section-height-default\" data-id=\"6c6f2176\" data-element_type=\"section\" data-e-type=\"section\" data-settings=\"{&quot;stretch_section&quot;:&quot;section-stretched&quot;}\">\n\t\t\t\t\t\t<div class=\"elementor-container elementor-column-gap-default\">\n\t\t\t\t\t<div class=\"elementor-column elementor-col-100 elementor-top-column elementor-element elementor-element-72b5da9\" data-id=\"72b5da9\" data-element_type=\"column\" data-e-type=\"column\">\n\t\t\t<div class=\"elementor-widget-wrap elementor-element-populated\">\n\t\t\t\t\t\t<div class=\"elementor-element elementor-element-6742b490 elementor-widget elementor-widget-accordion\" data-id=\"6742b490\" data-element_type=\"widget\" data-e-type=\"widget\" data-widget_type=\"accordion.default\">\n\t\t\t\t<div class=\"elementor-widget-container\">\n\t\t\t\t\t\t\t<div class=\"elementor-accordion\">\n\t\t\t\t\t\t\t<div class=\"elementor-accordion-item\">\n\t\t\t\t\t<div id=\"elementor-tab-title-1731\" class=\"elementor-tab-title\" data-tab=\"1\" role=\"button\" aria-controls=\"elementor-tab-content-1731\" aria-expanded=\"false\">\n\t\t\t\t\t\t\t\t\t\t\t\t<a class=\"elementor-accordion-title\" tabindex=\"0\">Ne t\u00fcr randevular sunuyorsunuz?<\/a>\n\t\t\t\t\t<\/div>\n\t\t\t\t\t<div id=\"elementor-tab-content-1731\" class=\"elementor-tab-content elementor-clearfix\" data-tab=\"1\" role=\"region\" aria-labelledby=\"elementor-tab-title-1731\"><p>Alajwa, Sukkari, Majdoul, Khalas, Barahi gibi \u00e7ok \u00e7e\u015fitli hurmalar\u0131n yan\u0131 s\u0131ra organik ve \u00f6zel hurmalar da sunuyoruz. <\/p>\n<\/div>\n\t\t\t\t<\/div>\n\t\t\t\t\t\t\t<div class=\"elementor-accordion-item\">\n\t\t\t\t\t<div id=\"elementor-tab-title-1732\" class=\"elementor-tab-title\" data-tab=\"2\" role=\"button\" aria-controls=\"elementor-tab-content-1732\" aria-expanded=\"false\">\n\t\t\t\t\t\t\t\t\t\t\t\t<a class=\"elementor-accordion-title\" tabindex=\"0\">Web sitenizden nas\u0131l sipari\u015f verebilirim?<\/a>\n\t\t\t\t\t<\/div>\n\t\t\t\t\t<div id=\"elementor-tab-content-1732\" class=\"elementor-tab-content elementor-clearfix\" data-tab=\"2\" role=\"region\" aria-labelledby=\"elementor-tab-title-1732\"><p>Sipari\u015f vermek i\u00e7in \u00fcr\u00fcnlerimize g\u00f6z at\u0131n, istedi\u011finiz t\u00fcr\u00fc se\u00e7in, sepete ekleyin ve ard\u0131ndan sipari\u015fi onaylamak i\u00e7in \u00f6deme ad\u0131mlar\u0131n\u0131 izleyin.    <\/p>\n<\/div>\n\t\t\t\t<\/div>\n\t\t\t\t\t\t\t<div class=\"elementor-accordion-item\">\n\t\t\t\t\t<div id=\"elementor-tab-title-1733\" class=\"elementor-tab-title\" data-tab=\"3\" role=\"button\" aria-controls=\"elementor-tab-content-1733\" aria-expanded=\"false\">\n\t\t\t\t\t\t\t\t\t\t\t\t<a class=\"elementor-accordion-title\" tabindex=\"0\">Teslimat hizmeti sunuyor musunuz?<\/a>\n\t\t\t\t\t<\/div>\n\t\t\t\t\t<div id=\"elementor-tab-content-1733\" class=\"elementor-tab-content elementor-clearfix\" data-tab=\"3\" role=\"region\" aria-labelledby=\"elementor-tab-title-1733\"><p>Evet, Krall\u0131\u011f\u0131n t\u00fcm b\u00f6lgelerine teslimat sunuyoruz ve sipari\u015finiz konuma ba\u011fl\u0131 olarak 1-3 i\u015f g\u00fcn\u00fc i\u00e7inde g\u00f6nderilecektir.  <\/p>\n<\/div>\n\t\t\t\t<\/div>\n\t\t\t\t\t\t\t<div class=\"elementor-accordion-item\">\n\t\t\t\t\t<div id=\"elementor-tab-title-1734\" class=\"elementor-tab-title\" data-tab=\"4\" role=\"button\" aria-controls=\"elementor-tab-content-1734\" aria-expanded=\"false\">\n\t\t\t\t\t\t\t\t\t\t\t\t<a class=\"elementor-accordion-title\" tabindex=\"0\">\u00d6deme yapt\u0131ktan sonra sipari\u015fimi de\u011fi\u015ftirebilir veya iptal edebilir miyim?<\/a>\n\t\t\t\t\t<\/div>\n\t\t\t\t\t<div id=\"elementor-tab-content-1734\" class=\"elementor-tab-content elementor-clearfix\" data-tab=\"4\" role=\"region\" aria-labelledby=\"elementor-tab-title-1734\"><p>Sipari\u015flerinizi i\u015fleme koymak i\u00e7in h\u0131zl\u0131 bir \u015fekilde \u00e7al\u0131\u015f\u0131yoruz, ancak sipari\u015finizi de\u011fi\u015ftirmek veya iptal etmek isterseniz, l\u00fctfen Bize Ula\u015f\u0131n b\u00f6l\u00fcm\u00fcnden m\u00fcmk\u00fcn olan en k\u0131sa s\u00fcrede bizimle ileti\u015fime ge\u00e7in.  <\/p>\n<\/div>\n\t\t\t\t<\/div>\n\t\t\t\t\t\t\t<div class=\"elementor-accordion-item\">\n\t\t\t\t\t<div id=\"elementor-tab-title-1735\" class=\"elementor-tab-title\" data-tab=\"5\" role=\"button\" aria-controls=\"elementor-tab-content-1735\" aria-expanded=\"false\">\n\t\t\t\t\t\t\t\t\t\t\t\t<a class=\"elementor-accordion-title\" tabindex=\"0\">\u0130ndirim veya \u00f6zel teklifler sunuyor musunuz?<\/a>\n\t\t\t\t\t<\/div>\n\t\t\t\t\t<div id=\"elementor-tab-content-1735\" class=\"elementor-tab-content elementor-clearfix\" data-tab=\"5\" role=\"region\" aria-labelledby=\"elementor-tab-title-1735\"><p>Evet, zaman zaman \u00e7e\u015fitli tarihlerde indirimler ve \u00f6zel teklifler sunuyoruz. En son teklifler i\u00e7in bizi sosyal medyada takip edin.  <\/p>\n<\/div>\n\t\t\t\t<\/div>\n\t\t\t\t\t\t\t<div class=\"elementor-accordion-item\">\n\t\t\t\t\t<div id=\"elementor-tab-title-1736\" class=\"elementor-tab-title\" data-tab=\"6\" role=\"button\" aria-controls=\"elementor-tab-content-1736\" aria-expanded=\"false\">\n\t\t\t\t\t\t\t\t\t\t\t\t<a class=\"elementor-accordion-title\" tabindex=\"0\">Randevular\u0131m\u0131 iade edebilir veya de\u011fi\u015ftirebilir miyim?<\/a>\n\t\t\t\t\t<\/div>\n\t\t\t\t\t<div id=\"elementor-tab-content-1736\" class=\"elementor-tab-content elementor-clearfix\" data-tab=\"6\" role=\"region\" aria-labelledby=\"elementor-tab-title-1736\"><p>Evet, \u00fcr\u00fcn\u00fcn orijinal durumunda olmas\u0131 ko\u015fuluyla, sipari\u015fi ald\u0131ktan sonraki 7 g\u00fcn i\u00e7inde \u00fcr\u00fcnleri iade edebilir veya de\u011fi\u015ftirebilirsiniz.  <\/p>\n<\/div>\n\t\t\t\t<\/div>\n\t\t\t\t\t\t\t\t\t\t<script type=\"application\/ld+json\">{\"@context\":\"https:\\\/\\\/schema.org\",\"@type\":\"FAQPage\",\"mainEntity\":[{\"@type\":\"Question\",\"name\":\"Ne t\\u00fcr randevular sunuyorsunuz?\",\"acceptedAnswer\":{\"@type\":\"Answer\",\"text\":\"<p>Alajwa, Sukkari, Majdoul, Khalas, Barahi gibi \\u00e7ok \\u00e7e\\u015fitli hurmalar\\u0131n yan\\u0131 s\\u0131ra organik ve \\u00f6zel hurmalar da sunuyoruz. <\\\/p>\\n\"}},{\"@type\":\"Question\",\"name\":\"Web sitenizden nas\\u0131l sipari\\u015f verebilirim?\",\"acceptedAnswer\":{\"@type\":\"Answer\",\"text\":\"<p>Sipari\\u015f vermek i\\u00e7in \\u00fcr\\u00fcnlerimize g\\u00f6z at\\u0131n, istedi\\u011finiz t\\u00fcr\\u00fc se\\u00e7in, sepete ekleyin ve ard\\u0131ndan sipari\\u015fi onaylamak i\\u00e7in \\u00f6deme ad\\u0131mlar\\u0131n\\u0131 izleyin.    <\\\/p>\\n\"}},{\"@type\":\"Question\",\"name\":\"Teslimat hizmeti sunuyor musunuz?\",\"acceptedAnswer\":{\"@type\":\"Answer\",\"text\":\"<p>Evet, Krall\\u0131\\u011f\\u0131n t\\u00fcm b\\u00f6lgelerine teslimat sunuyoruz ve sipari\\u015finiz konuma ba\\u011fl\\u0131 olarak 1-3 i\\u015f g\\u00fcn\\u00fc i\\u00e7inde g\\u00f6nderilecektir.  <\\\/p>\\n\"}},{\"@type\":\"Question\",\"name\":\"\\u00d6deme yapt\\u0131ktan sonra sipari\\u015fimi de\\u011fi\\u015ftirebilir veya iptal edebilir miyim?\",\"acceptedAnswer\":{\"@type\":\"Answer\",\"text\":\"<p>Sipari\\u015flerinizi i\\u015fleme koymak i\\u00e7in h\\u0131zl\\u0131 bir \\u015fekilde \\u00e7al\\u0131\\u015f\\u0131yoruz, ancak sipari\\u015finizi de\\u011fi\\u015ftirmek veya iptal etmek isterseniz, l\\u00fctfen Bize Ula\\u015f\\u0131n b\\u00f6l\\u00fcm\\u00fcnden m\\u00fcmk\\u00fcn olan en k\\u0131sa s\\u00fcrede bizimle ileti\\u015fime ge\\u00e7in.  <\\\/p>\\n\"}},{\"@type\":\"Question\",\"name\":\"\\u0130ndirim veya \\u00f6zel teklifler sunuyor musunuz?\",\"acceptedAnswer\":{\"@type\":\"Answer\",\"text\":\"<p>Evet, zaman zaman \\u00e7e\\u015fitli tarihlerde indirimler ve \\u00f6zel teklifler sunuyoruz. En son teklifler i\\u00e7in bizi sosyal medyada takip edin.  <\\\/p>\\n\"}},{\"@type\":\"Question\",\"name\":\"Randevular\\u0131m\\u0131 iade edebilir veya de\\u011fi\\u015ftirebilir miyim?\",\"acceptedAnswer\":{\"@type\":\"Answer\",\"text\":\"<p>Evet, \\u00fcr\\u00fcn\\u00fcn orijinal durumunda olmas\\u0131 ko\\u015fuluyla, sipari\\u015fi ald\\u0131ktan sonraki 7 g\\u00fcn i\\u00e7inde \\u00fcr\\u00fcnleri iade edebilir veya de\\u011fi\\u015ftirebilirsiniz.  <\\\/p>\\n\"}}]}<\/script>\n\t\t\t\t\t<\/div>\n\t\t\t\t\t\t<\/div>\n\t\t\t\t<\/div>\n\t\t\t\t<div class=\"elementor-element elementor-element-1c0d5db color-scheme-inherit text-left elementor-widget elementor-widget-text-editor\" data-id=\"1c0d5db\" data-element_type=\"widget\" data-e-type=\"widget\" data-widget_type=\"text-editor.default\">\n\t\t\t\t<div class=\"elementor-widget-container\">\n\t\t\t\t\t\t\t\t\t<p>Hala ba\u015fka sorular\u0131n\u0131z m\u0131 var? <a href=\"https:\/\/saudi-dates.com\/tr\/bizi-arayin\/\"><span style=\"color: #00ab55;\">Buraya b\u0131rak\u0131n<\/span><\/a><\/p>\n\t\t\t\t\t\t\t\t<\/div>\n\t\t\t\t<\/div>\n\t\t\t\t\t<\/div>\n\t\t<\/div>\n\t\t\t\t\t<\/div>\n\t\t<\/section>\n\t\t\t\t<\/div>\n\t\t","protected":false},"excerpt":{"rendered":"<p>Ne t\u00fcr randevular sunuyorsunuz? Alajwa, Sukkari, Majdoul, Khalas, Barahi gibi \u00e7ok \u00e7e\u015fitli hurmalar\u0131n yan\u0131 s\u0131ra organik ve \u00f6zel hurmalar da<\/p>\n","protected":false},"author":1,"featured_media":0,"parent":0,"menu_order":0,"comment_status":"closed","ping_status":"closed","template":"","meta":{"footnotes":""},"class_list":["post-43842","page","type-page","status-publish","hentry"],"aioseo_notices":[],"_links":{"self":[{"href":"https:\/\/saudi-dates.com\/tr\/wp-json\/wp\/v2\/pages\/43842","targetHints":{"allow":["GET"]}}],"collection":[{"href":"https:\/\/saudi-dates.com\/tr\/wp-json\/wp\/v2\/pages"}],"about":[{"href":"https:\/\/saudi-dates.com\/tr\/wp-json\/wp\/v2\/types\/page"}],"author":[{"embeddable":true,"href":"https:\/\/saudi-dates.com\/tr\/wp-json\/wp\/v2\/users\/1"}],"replies":[{"embeddable":true,"href":"https:\/\/saudi-dates.com\/tr\/wp-json\/wp\/v2\/comments?post=43842"}],"version-history":[{"count":0,"href":"https:\/\/saudi-dates.com\/tr\/wp-json\/wp\/v2\/pages\/43842\/revisions"}],"wp:attachment":[{"href":"https:\/\/saudi-dates.com\/tr\/wp-json\/wp\/v2\/media?parent=43842"}],"curies":[{"name":"wp","href":"https:\/\/api.w.org\/{rel}","templated":true}]}}