{"id":30972,"date":"2024-12-23T20:02:29","date_gmt":"2024-12-23T17:02:29","guid":{"rendered":"https:\/\/saudi-gift.com\/degisim-ve-iade-politikasi\/"},"modified":"2025-02-03T12:12:06","modified_gmt":"2025-02-03T09:12:06","slug":"degisim-ve-iade-politikasi","status":"publish","type":"page","link":"https:\/\/saudi-dates.com\/tr\/degisim-ve-iade-politikasi\/","title":{"rendered":"De\u011fi\u015fim ve \u0130ade Politikas\u0131"},"content":{"rendered":"\n<p>Biz Saudi Dates olarak  <\/p>\n\n<p>Siz de\u011ferli m\u00fc\u015fterilerimizin memnuniyetini \u00f6nemsiyoruz, bu nedenle rahat ve g\u00fcvenli bir al\u0131\u015fveri\u015f deneyimi sa\u011flamak i\u00e7in size esnek ve kolay bir de\u011fi\u015fim ve iade politikas\u0131 sunuyoruz.<br\/><br\/>L\u00fctfen iade ve de\u011fi\u015fim politikam\u0131z\u0131 dikkatlice okuyunuz. 1\/ \u0130ade ve de\u011fi\u015fim ko\u015fullar\u0131: \u0130ade veya de\u011fi\u015fim s\u00fcresi: M\u00fc\u015fteri, sipari\u015fi teslim ald\u0131\u011f\u0131 tarihten itibaren 3 g\u00fcn i\u00e7inde \u00fcr\u00fcnleri iade etme veya de\u011fi\u015ftirme hakk\u0131na sahiptir.   <br\/>\u00dcr\u00fcn\u00fcn orijinal durumu:<br\/><br\/><br\/>\u00dcr\u00fcn orijinal a\u00e7\u0131lmam\u0131\u015f ve kullan\u0131lmam\u0131\u015f durumda olmal\u0131 ve t\u00fcm etiketleri ve ambalaj\u0131yla birlikte orijinal ambalaj\u0131nda olmal\u0131d\u0131r. 2\/ De\u011fi\u015fim veya iade talebi nas\u0131l yap\u0131l\u0131r: M\u00fc\u015fteri, belirtilen iade veya de\u011fi\u015fim s\u00fcresi i\u00e7inde saudidates20@gmail.com e-posta adresinden veya 0567268332 telefon numaras\u0131ndan M\u00fc\u015fteri Hizmetleri ile ileti\u015fime ge\u00e7melidir. Talebi g\u00f6nderdikten sonra ekibimiz, iade edilen veya de\u011fi\u015ftirilen \u00fcr\u00fcn\u00fc teslim etmek i\u00e7in gerekli ad\u0131mlarda m\u00fc\u015fteriye rehberlik edecektir.   <br\/><br\/><br\/>\u00dcr\u00fcn teslim al\u0131nd\u0131\u011f\u0131nda hasarl\u0131ysa veya uygun de\u011filse, iade veya de\u011fi\u015fim i\u00e7in nakliye masraflar\u0131 site taraf\u0131ndan kar\u015f\u0131lanacakt\u0131r. 3\/ Para \u0130adesi: \u0130ade edilen \u00fcr\u00fcn\u00fcn teslim al\u0131nmas\u0131ndan ve incelenmesinden sonra, \u00fcr\u00fcn\u00fcn teslim al\u0131nd\u0131\u011f\u0131 tarihten itibaren 14 g\u00fcn i\u00e7inde sat\u0131n alma s\u0131ras\u0131nda kullan\u0131lan ayn\u0131 \u00f6deme y\u00f6ntemi ile para iadesi yap\u0131lacakt\u0131r.   <br\/><br\/><br\/><br\/><br\/><br\/>De\u011fi\u015ftirme durumunda, yedek \u00fcr\u00fcn m\u00fc\u015fteriye ek maliyet olmadan g\u00f6nderilecektir. 4\/ \u0130ade Politikas\u0131n\u0131n \u0130stisnalar\u0131: A\u00e7\u0131lm\u0131\u015f veya kullan\u0131lm\u0131\u015f \u00fcr\u00fcnler. A\u00e7\u0131ld\u0131ktan sonra kalitesini etkileyebilecek tarihler veya malzemeler gibi bozulabilir g\u0131da \u00fcr\u00fcnleri. Ki\u015fiselle\u015ftirilmi\u015f veya \u00fczerinde \u00f6zel bask\u0131 veya grav\u00fcr bulunan \u00fcr\u00fcnler. 5<br\/>\/ Hasarl\u0131 veya kusurlu \u00fcr\u00fcnlerin durumu: Hasarl\u0131 veya kusurlu bir \u00fcr\u00fcn ald\u0131ysan\u0131z, durumun kontrol edilebilmesi ve i\u015flem yap\u0131labilmesi i\u00e7in l\u00fctfen kusurlu veya hasarl\u0131 \u00fcr\u00fcn\u00fcn bir foto\u011fraf\u0131yla birlikte en k\u0131sa s\u00fcrede bizimle ileti\u015fime ge\u00e7in.  <\/p>\n","protected":false},"excerpt":{"rendered":"<p>Biz Saudi Dates olarak Siz de\u011ferli m\u00fc\u015fterilerimizin memnuniyetini \u00f6nemsiyoruz, bu nedenle rahat ve g\u00fcvenli bir al\u0131\u015fveri\u015f deneyimi sa\u011flamak i\u00e7in size<\/p>\n","protected":false},"author":1,"featured_media":0,"parent":0,"menu_order":0,"comment_status":"closed","ping_status":"closed","template":"","meta":{"footnotes":""},"class_list":["post-30972","page","type-page","status-publish","hentry"],"aioseo_notices":[],"_links":{"self":[{"href":"https:\/\/saudi-dates.com\/tr\/wp-json\/wp\/v2\/pages\/30972","targetHints":{"allow":["GET"]}}],"collection":[{"href":"https:\/\/saudi-dates.com\/tr\/wp-json\/wp\/v2\/pages"}],"about":[{"href":"https:\/\/saudi-dates.com\/tr\/wp-json\/wp\/v2\/types\/page"}],"author":[{"embeddable":true,"href":"https:\/\/saudi-dates.com\/tr\/wp-json\/wp\/v2\/users\/1"}],"replies":[{"embeddable":true,"href":"https:\/\/saudi-dates.com\/tr\/wp-json\/wp\/v2\/comments?post=30972"}],"version-history":[{"count":0,"href":"https:\/\/saudi-dates.com\/tr\/wp-json\/wp\/v2\/pages\/30972\/revisions"}],"wp:attachment":[{"href":"https:\/\/saudi-dates.com\/tr\/wp-json\/wp\/v2\/media?parent=30972"}],"curies":[{"name":"wp","href":"https:\/\/api.w.org\/{rel}","templated":true}]}}