{"id":21356,"date":"2024-10-22T15:32:15","date_gmt":"2024-10-22T12:32:15","guid":{"rendered":"https:\/\/m3acom.com\/sartlar-ve-kosullar\/"},"modified":"2025-02-03T12:13:42","modified_gmt":"2025-02-03T09:13:42","slug":"sartlar-ve-kosullar","status":"publish","type":"page","link":"https:\/\/saudi-dates.com\/tr\/sartlar-ve-kosullar\/","title":{"rendered":"\u015eartlar ve Ko\u015fullar"},"content":{"rendered":"\n<p>Saudi Dates&#8217;e ho\u015f geldiniz!<br\/>Saudi Dates Platform, ki\u015fisel verilerinizi korumay\u0131 taahh\u00fct eder ve Saudi Dates Platform m\u00fc\u015fterileri i\u00e7in gizlilik politikas\u0131n\u0131 kabul ederek, ki\u015fisel bilgilerinizi yaln\u0131zca gizlilik politikas\u0131na uygun olarak ve \u00e7ok s\u0131n\u0131rl\u0131 bir \u015fekilde toplamam\u0131za ve kullanmam\u0131za izin verirsiniz.<br\/><br\/>Ki\u015fisel verilerinizi herhangi bir tarafa satmayaca\u011f\u0131m\u0131z\u0131, kullanmayaca\u011f\u0131m\u0131z\u0131 veya sunmayaca\u011f\u0131m\u0131z\u0131 taahh\u00fct ederiz. Verileriniz Saudi Dates Platform taraf\u0131ndan nas\u0131l toplan\u0131r: Bize ki\u015fisel bilgilerinizi sa\u011flama konusundaki g\u00fcveniniz i\u00e7in te\u015fekk\u00fcr ederiz. Saudi Dates Platformunda yeni bir hesap a\u00e7arken m\u00fc\u015fteriden bir dizi ki\u015fisel veri talep ediyoruz (ad, e-posta, hesab\u0131n kimli\u011fini do\u011frulamak i\u00e7in cep telefonu numaras\u0131 ve di\u011ferleri gibi) ve bu veriler, web sitesinde veya uygulamada kay\u0131t i\u015flemini tamamlamak ve yanl\u0131\u015f veya yan\u0131lt\u0131c\u0131 bilgi olmad\u0131\u011f\u0131ndan emin olmak i\u00e7in do\u011fru \u015fekilde doldurulmal\u0131d\u0131r. Sizden bize kendiniz hakk\u0131nda do\u011fru ve eksiksiz bilgi vermenizi istiyoruz ve bu bilgiler gerekti\u011finde g\u00fcncellenmelidir. Bu y\u00fck\u00fcml\u00fcl\u00fck, hizmetlerimizi veya \u00fcr\u00fcnlerimizi Saudi Dates platformu arac\u0131l\u0131\u011f\u0131yla sa\u011flaman\u0131n bir ko\u015fuludur.<br\/><br\/><br\/>Ki\u015fisel bilgilerinizi kullan\u0131m\u0131m\u0131z: Ki\u015fisel bilgilerinize yaln\u0131zca size en iyi hizmetleri ve deste\u011fi sa\u011flamak, size sundu\u011fumuz hizmetleri \u00f6l\u00e7mek ve iyile\u015ftirmek, sizinle yapt\u0131\u011f\u0131m\u0131z s\u00f6zle\u015fmenin \u015fartlar\u0131n\u0131 yerine getirmek, \u00fccretleri tahsil etmek, size uyar\u0131 veya promosyon e-postalar\u0131 sa\u011flamak ve bize sa\u011flad\u0131\u011f\u0131n\u0131z bilgileri \u00fc\u00e7\u00fcnc\u00fc taraflarla do\u011frulamak i\u00e7in ihtiya\u00e7 duyar\u0131z, \u00f6rne\u011fin ki\u015fisel bilgilerinizin bir k\u0131sm\u0131n\u0131 bankalarla payla\u015fabilir veya g\u00fcvenlik amac\u0131yla \u00fc\u00e7\u00fcnc\u00fc taraflarla hizmetleri i\u015flemek ve do\u011frulamak i\u00e7in kredi kartlar\u0131n\u0131 yetkilendirebiliriz. Ki\u015fisel bilgilerinizin ve di\u011fer kullan\u0131c\u0131lar\u0131n bilgilerinin kullan\u0131m\u0131:<br\/> 1\/ \u00dcyelerin, Saudi Dates platformundaki baz\u0131 i\u015flemleri tamamlamak i\u00e7in ki\u015fisel bilgilerini birbirleriyle payla\u015fmalar\u0131 gerekebilir. Di\u011fer \u00fcyelerin gizlili\u011fine her zaman sayg\u0131 g\u00f6stermelisiniz.              <br\/> <br\/>2\/ Di\u011fer \u00fcyelerle payla\u015ft\u0131\u011f\u0131n\u0131zda bilgilerinizin gizlili\u011fini garanti etmiyoruz, bu nedenle onlara herhangi bir finansal veya ki\u015fisel veri veya bilgi sa\u011flamaya ba\u015flamadan \u00f6nce sitedeki di\u011fer \u00fcyelerden gizlilik ve g\u00fcvenlik s\u00f6zle\u015fmelerinin seviyesi hakk\u0131nda bilgi talep etmelisiniz ve talebin ge\u00e7erlili\u011fini ve g\u00fcvenli\u011fini sa\u011flamak i\u00e7in m\u00fc\u015fteri hizmetleri personeline ba\u015fvurabilirsiniz. 3\/ Bu anla\u015fma, ki\u015fisel bilgilerinizi ba\u015fka bir sitenin \u00fcyesine if\u015fa etmenizi i\u00e7ermez.<br\/>Saudi Dates platformunda bir i\u015flemi tamamlamak amac\u0131yla ba\u015fka bir sitenin \u00fcyesinden ald\u0131\u011f\u0131n\u0131z herhangi bir ki\u015fisel bilgiyi yaln\u0131zca o i\u015flem i\u00e7in kullanmay\u0131 ve ba\u015fka bir sitenin \u00fcyesinden ald\u0131\u011f\u0131n\u0131z bilgileri ba\u015fka herhangi bir ama\u00e7la kullanmayaca\u011f\u0131n\u0131z\u0131 kabul edersiniz. G\u00fcvenlik \u00d6nlemleri:<br\/> 1\/ Birden fazla hesab\u0131 veya hileli davran\u0131\u015f\u0131 \u00f6nlememize veya sistemlerimizi yetkisiz eri\u015fime kar\u015f\u0131 korumam\u0131za olanak tan\u0131yan kullan\u0131m ve eri\u015fim verilerini toplay\u0131n.<br\/><br\/><br\/>2\/ Bu verileri, bu verileri analiz etmemize yard\u0131mc\u0131 olan uzman ve g\u00fcvenilir doland\u0131r\u0131c\u0131l\u0131k y\u00f6netimi hizmetleriyle payla\u015fabiliriz. \u00c7ocuk Bilgileri: 1\/ \u00d6nceli\u011fimizin bir di\u011fer par\u00e7as\u0131 da \u0130nternet kullan\u0131rken \u00e7ocuklar i\u00e7in koruma sa\u011flamakt\u0131r. Ebeveynleri ve velileri \u00e7ocuklar\u0131n \u00e7evrimi\u00e7i faaliyetlerini izlemeye, bunlara kat\u0131lmaya ve\/veya bunlar\u0131 kontrol etmeye ve y\u00f6nlendirmeye te\u015fvik ediyoruz.     <\/p>\n\n<p>2\/ 13 ya\u015f\u0131n alt\u0131ndaki \u00e7ocuklardan bilerek ki\u015fisel olarak tan\u0131mlanabilir herhangi bir bilgi toplam\u0131yoruz.<br\/><br\/><br\/>\u00c7ocu\u011funuzun web sitemizde bu t\u00fcr bilgiler verdi\u011fini d\u00fc\u015f\u00fcn\u00fcyorsan\u0131z, derhal bizimle ileti\u015fime ge\u00e7menizi \u015fiddetle tavsiye ederiz ve bu t\u00fcr bilgileri kay\u0131tlar\u0131m\u0131zdan derhal kald\u0131rmak i\u00e7in elimizden geleni yapaca\u011f\u0131z. Bize ula\u015f\u0131n: Bu s\u00f6zle\u015fmenin herhangi bir \u015fart\u0131ndan memnun de\u011filseniz, Suudi Tarihleri Platformu hizmetlerini kullanmadan \u00f6nce m\u00fc\u015fteri hizmetleri ekibimizle ileti\u015fime ge\u00e7ebilirsiniz. saudidates20@gmail.com e-posta adresinden t\u00fcm soru ve sorular\u0131n\u0131za yan\u0131t vermekten mutluluk duyar\u0131z.   <\/p>\n","protected":false},"excerpt":{"rendered":"<p>Saudi Dates&#8217;e ho\u015f geldiniz!Saudi Dates Platform, ki\u015fisel verilerinizi korumay\u0131 taahh\u00fct eder ve Saudi Dates Platform m\u00fc\u015fterileri i\u00e7in gizlilik politikas\u0131n\u0131 kabul<\/p>\n","protected":false},"author":1,"featured_media":0,"parent":0,"menu_order":0,"comment_status":"closed","ping_status":"closed","template":"","meta":{"footnotes":""},"class_list":["post-21356","page","type-page","status-publish","hentry"],"aioseo_notices":[],"_links":{"self":[{"href":"https:\/\/saudi-dates.com\/tr\/wp-json\/wp\/v2\/pages\/21356","targetHints":{"allow":["GET"]}}],"collection":[{"href":"https:\/\/saudi-dates.com\/tr\/wp-json\/wp\/v2\/pages"}],"about":[{"href":"https:\/\/saudi-dates.com\/tr\/wp-json\/wp\/v2\/types\/page"}],"author":[{"embeddable":true,"href":"https:\/\/saudi-dates.com\/tr\/wp-json\/wp\/v2\/users\/1"}],"replies":[{"embeddable":true,"href":"https:\/\/saudi-dates.com\/tr\/wp-json\/wp\/v2\/comments?post=21356"}],"version-history":[{"count":0,"href":"https:\/\/saudi-dates.com\/tr\/wp-json\/wp\/v2\/pages\/21356\/revisions"}],"wp:attachment":[{"href":"https:\/\/saudi-dates.com\/tr\/wp-json\/wp\/v2\/media?parent=21356"}],"curies":[{"name":"wp","href":"https:\/\/api.w.org\/{rel}","templated":true}]}}