{"id":53996,"date":"2025-01-18T15:41:20","date_gmt":"2025-01-18T12:41:20","guid":{"rendered":"https:\/\/saudi-dates.com\/product\/city-luxury-ajwa\/"},"modified":"2025-01-18T15:41:20","modified_gmt":"2025-01-18T12:41:20","slug":"city-luxury-ajwa","status":"publish","type":"product","link":"https:\/\/saudi-dates.com\/fr\/produit\/city-luxury-ajwa\/","title":{"rendered":"City Luxury Ajwa"},"content":{"rendered":"<h3 style=\"text-align: right;\">Luxueuse M\u00e9dina Ajwa Dates<\/h3>\n<h3 style=\"text-align: right;\">Caract\u00e9ristiques<\/h3>\n<p style=\"text-align: right;\"><strong>Enti\u00e8rement naturelles<\/strong>: Les <strong>v\u00e9ritables dattes Ajwa<\/strong> sont exemptes de produits chimiques et d&#8217;additifs artificiels. Chez Elixir, nous vous garantissons un produit sain et s\u00fbr sur lequel vous pouvez compter pour votre sant\u00e9 et celle de votre famille.<\/p>\n<h3 style=\"text-align: right;\">Avantages pour la sant\u00e9<\/h3>\n<ul style=\"text-align: right;\">\n<li><strong>Favoriser la sant\u00e9 digestive<\/strong>: riche en fibres qui contribuent \u00e0 am\u00e9liorer le transit intestinal.<\/li>\n<li><strong>Favorisez la sant\u00e9 cardiaque<\/strong>: Contient du potassium et du magn\u00e9sium, qui sont importants pour r\u00e9guler la tension art\u00e9rielle et renforcer le muscle cardiaque.<\/li>\n<li><strong>Renforcer l&#8217;immunit\u00e9<\/strong>: Riche en antioxydants qui prot\u00e8gent l&#8217;organisme contre les inflammations et les maladies chroniques.<\/li>\n<li><strong>R\u00e9guler le taux de sucre dans le sang<\/strong>: Les sucres naturels contenus dans <strong>Medina Ojwa<\/strong> sont absorb\u00e9s lentement. Cela permet de r\u00e9guler le taux de sucre.<\/li>\n<li><strong>Une source d&#8217;\u00e9nergie<\/strong>: La teneur \u00e9lev\u00e9e en sucres naturels fournit \u00e0 l&#8217;organisme une \u00e9nergie rapide gr\u00e2ce \u00e0 sa teneur \u00e9lev\u00e9e en sucres naturels.<\/li>\n<li><strong>Am\u00e9liore la sant\u00e9 des os<\/strong>: Contient des min\u00e9raux tels que le calcium et le magn\u00e9sium qui favorisent la sant\u00e9 des os et minimisent le risque d&#8217;ost\u00e9oporose.<\/li>\n<\/ul>\n<h3 style=\"text-align: right;\">Pourquoi choisir Elixir Dates ?<\/h3>\n<ul style=\"text-align: right;\">\n<li><strong>La qualit\u00e9 par la nature<\/strong>: Chez Elixir, nous pensons que la v\u00e9ritable qualit\u00e9 provient de l&#8217;utilisation d&#8217;ingr\u00e9dients enti\u00e8rement naturels.<\/li>\n<li><strong>Riche en bienfaits pour la sant\u00e9<\/strong>: Nos <strong>dattes Ajwa biologiques<\/strong> vous offrent de nombreux avantages nutritionnels et une saveur in\u00e9gal\u00e9e.<\/li>\n<li><strong>Un emballage original<\/strong>: L&#8217;\u00e9lixir de <strong>dattes de luxe<\/strong> est pr\u00e9sent\u00e9 dans un emballage soigneusement con\u00e7u pour offrir un cadeau unique au c\u0153ur de la <strong>M\u00e9dina<\/strong>.<\/li>\n<\/ul>\n<h3 style=\"text-align: right;\">Instructions de stockage<\/h3>\n<p style=\"text-align: right;\">Conservez les dattes dans un endroit frais et sec pour pr\u00e9server leur saveur et leur qualit\u00e9.<\/p>\n<p style=\"text-align: right;\"><strong>Commandez d\u00e8s maintenant<\/strong> dans la <strong>boutique Elixir <\/strong>et d\u00e9couvrez la qualit\u00e9 in\u00e9gal\u00e9e des <strong>dattes Al-Ajwa originales<\/strong> d&#8217;<strong>Elixir<\/strong>!<\/p>\n","protected":false},"excerpt":{"rendered":"<p><strong>Medina Ajoura &#8211; Les dattes Ajoura de qualit\u00e9 sup\u00e9rieure d&#8217;Elixir : La saveur de la nature et l&#8217;authenticit\u00e9 de la ville \u00e0 chaque date<\/strong><\/p>\n<p><strong>Appr\u00e9ciez le go\u00fbt des<\/strong> authentiques <strong>dattes<\/strong> Medina <strong>Ajwa<\/strong> d&#8217;<strong>Elixir Farms<\/strong> \u00e0 <strong>Medina<\/strong>. Nous vous proposons une <strong>luxueuse Ajwa<\/strong><\/p>\n","protected":false},"featured_media":46376,"template":"","meta":[],"product_brand":[],"product_cat":[1859],"product_tag":[2195,2190],"class_list":{"0":"post-53996","1":"product","2":"type-product","3":"status-publish","4":"has-post-thumbnail","6":"product_cat-dattes-de-medine","7":"product_tag-_-fr","10":"first","11":"instock","12":"sale","13":"shipping-taxable","14":"purchasable","15":"product-type-variable"},"aioseo_notices":[],"_links":{"self":[{"href":"https:\/\/saudi-dates.com\/fr\/wp-json\/wp\/v2\/product\/53996","targetHints":{"allow":["GET"]}}],"collection":[{"href":"https:\/\/saudi-dates.com\/fr\/wp-json\/wp\/v2\/product"}],"about":[{"href":"https:\/\/saudi-dates.com\/fr\/wp-json\/wp\/v2\/types\/product"}],"version-history":[{"count":0,"href":"https:\/\/saudi-dates.com\/fr\/wp-json\/wp\/v2\/product\/53996\/revisions"}],"wp:featuredmedia":[{"embeddable":true,"href":"https:\/\/saudi-dates.com\/fr\/wp-json\/wp\/v2\/media\/46376"}],"wp:attachment":[{"href":"https:\/\/saudi-dates.com\/fr\/wp-json\/wp\/v2\/media?parent=53996"}],"wp:term":[{"taxonomy":"product_brand","embeddable":true,"href":"https:\/\/saudi-dates.com\/fr\/wp-json\/wp\/v2\/product_brand?post=53996"},{"taxonomy":"product_cat","embeddable":true,"href":"https:\/\/saudi-dates.com\/fr\/wp-json\/wp\/v2\/product_cat?post=53996"},{"taxonomy":"product_tag","embeddable":true,"href":"https:\/\/saudi-dates.com\/fr\/wp-json\/wp\/v2\/product_tag?post=53996"}],"curies":[{"name":"wp","href":"https:\/\/api.w.org\/{rel}","templated":true}]}}