{"id":53726,"date":"2025-01-21T17:16:18","date_gmt":"2025-01-21T14:16:18","guid":{"rendered":"https:\/\/saudi-dates.com\/product\/sucre-epice-fantaisie-1kg-2\/"},"modified":"2025-01-21T17:16:18","modified_gmt":"2025-01-21T14:16:18","slug":"sucre-epice-fantaisie-1kg-2","status":"publish","type":"product","link":"https:\/\/saudi-dates.com\/fr\/produit\/sucre-epice-fantaisie-1kg-2\/","title":{"rendered":"Sucre \u00e9pic\u00e9 fantaisie &#8211; 1kg"},"content":{"rendered":"<p>Sucre \u00e9pic\u00e9 fantaisie &#8211; 1kg<\/p>\n<p>&nbsp;<\/p>\n","protected":false},"excerpt":{"rendered":"<p>Sucre \u00e9pic\u00e9 fantaisie &#8211; 1kg<\/p>\n","protected":false},"featured_media":46748,"template":"","meta":[],"product_brand":[],"product_cat":[1859],"product_tag":[2158,2257],"class_list":{"0":"post-53726","1":"product","2":"type-product","3":"status-publish","4":"has-post-thumbnail","6":"product_cat-dattes-de-medine","7":"product_tag--fr","8":"product_tag-_-fr","10":"first","11":"instock","12":"shipping-taxable","13":"purchasable","14":"product-type-simple"},"aioseo_notices":[],"_links":{"self":[{"href":"https:\/\/saudi-dates.com\/fr\/wp-json\/wp\/v2\/product\/53726","targetHints":{"allow":["GET"]}}],"collection":[{"href":"https:\/\/saudi-dates.com\/fr\/wp-json\/wp\/v2\/product"}],"about":[{"href":"https:\/\/saudi-dates.com\/fr\/wp-json\/wp\/v2\/types\/product"}],"version-history":[{"count":0,"href":"https:\/\/saudi-dates.com\/fr\/wp-json\/wp\/v2\/product\/53726\/revisions"}],"wp:featuredmedia":[{"embeddable":true,"href":"https:\/\/saudi-dates.com\/fr\/wp-json\/wp\/v2\/media\/46748"}],"wp:attachment":[{"href":"https:\/\/saudi-dates.com\/fr\/wp-json\/wp\/v2\/media?parent=53726"}],"wp:term":[{"taxonomy":"product_brand","embeddable":true,"href":"https:\/\/saudi-dates.com\/fr\/wp-json\/wp\/v2\/product_brand?post=53726"},{"taxonomy":"product_cat","embeddable":true,"href":"https:\/\/saudi-dates.com\/fr\/wp-json\/wp\/v2\/product_cat?post=53726"},{"taxonomy":"product_tag","embeddable":true,"href":"https:\/\/saudi-dates.com\/fr\/wp-json\/wp\/v2\/product_tag?post=53726"}],"curies":[{"name":"wp","href":"https:\/\/api.w.org\/{rel}","templated":true}]}}