{"id":53720,"date":"2025-01-21T17:13:52","date_gmt":"2025-01-21T14:13:52","guid":{"rendered":"https:\/\/saudi-dates.com\/product\/alaliya-ojwa-250g\/"},"modified":"2025-01-21T17:13:52","modified_gmt":"2025-01-21T14:13:52","slug":"alaliya-ojwa-250g","status":"publish","type":"product","link":"https:\/\/saudi-dates.com\/fr\/produit\/alaliya-ojwa-250g\/","title":{"rendered":"Alaliya Ojwa &#8211; 250g"},"content":{"rendered":"<p>&nbsp;<\/p>\n<p>Ajwa Al-Aaliyah &#8211; 250 grammes Ajwa Al-Aaliyah provenant de notre ferme \u00e0 Upper Madinah Muslim (2048) a rapport\u00e9 sur l&#8217;autorit\u00e9 de Aisha, que le Messager d&#8217;Allah, qu&#8217;Allah le b\u00e9nisse et lui accorde la paix, a dit : &#8220;Il y a un rem\u00e8de dans Ajwa Al-Aaliyah &#8211; ou qu&#8217;il s&#8217;agit d&#8217;une purification &#8211; \u00e0 la premi\u00e8re heure du matin.<\/p>\n","protected":false},"excerpt":{"rendered":"<p>Nettoy\u00e9, st\u00e9rilis\u00e9 et thermoform\u00e9.<\/p>\n<p>Taille des perles Moyenne<\/p>\n","protected":false},"featured_media":46742,"template":"","meta":[],"product_brand":[],"product_cat":[1859],"product_tag":[2158,2195,2190],"class_list":{"0":"post-53720","1":"product","2":"type-product","3":"status-publish","4":"has-post-thumbnail","6":"product_cat-dattes-de-medine","7":"product_tag--fr","8":"product_tag-_-fr","11":"first","12":"instock","13":"shipping-taxable","14":"purchasable","15":"product-type-simple"},"aioseo_notices":[],"_links":{"self":[{"href":"https:\/\/saudi-dates.com\/fr\/wp-json\/wp\/v2\/product\/53720","targetHints":{"allow":["GET"]}}],"collection":[{"href":"https:\/\/saudi-dates.com\/fr\/wp-json\/wp\/v2\/product"}],"about":[{"href":"https:\/\/saudi-dates.com\/fr\/wp-json\/wp\/v2\/types\/product"}],"version-history":[{"count":0,"href":"https:\/\/saudi-dates.com\/fr\/wp-json\/wp\/v2\/product\/53720\/revisions"}],"wp:featuredmedia":[{"embeddable":true,"href":"https:\/\/saudi-dates.com\/fr\/wp-json\/wp\/v2\/media\/46742"}],"wp:attachment":[{"href":"https:\/\/saudi-dates.com\/fr\/wp-json\/wp\/v2\/media?parent=53720"}],"wp:term":[{"taxonomy":"product_brand","embeddable":true,"href":"https:\/\/saudi-dates.com\/fr\/wp-json\/wp\/v2\/product_brand?post=53720"},{"taxonomy":"product_cat","embeddable":true,"href":"https:\/\/saudi-dates.com\/fr\/wp-json\/wp\/v2\/product_cat?post=53720"},{"taxonomy":"product_tag","embeddable":true,"href":"https:\/\/saudi-dates.com\/fr\/wp-json\/wp\/v2\/product_tag?post=53720"}],"curies":[{"name":"wp","href":"https:\/\/api.w.org\/{rel}","templated":true}]}}