{"id":53715,"date":"2025-01-21T17:10:47","date_gmt":"2025-01-21T14:10:47","guid":{"rendered":"https:\/\/saudi-dates.com\/product\/royal-alia-agwa-1kg\/"},"modified":"2025-01-21T17:10:47","modified_gmt":"2025-01-21T14:10:47","slug":"royal-alia-agwa-1kg","status":"publish","type":"product","link":"https:\/\/saudi-dates.com\/fr\/produit\/royal-alia-agwa-1kg\/","title":{"rendered":"Royal Alia Agwa &#8211; 1kg"},"content":{"rendered":"<p>&nbsp;<\/p>\n<p>Al-Aaliyah Royal Ajwa 1kg Al-Aaliyah Ajwa de notre ferme \u00e0 Upper Madinah Muslim (2048) a rapport\u00e9 d&#8217;Aisha que le Messager d&#8217;Allah, qu&#8217;Allah le b\u00e9nisse et lui accorde la paix, a dit : (&#8220;Il y a une gu\u00e9rison dans Al-Aaliyah Ajwa &#8211; ou c&#8217;est un antidote &#8211; d\u00e8s le matin.<\/p>\n","protected":false},"excerpt":{"rendered":"<p>Nettoy\u00e9, st\u00e9rilis\u00e9 et thermoform\u00e9.<\/p>\n<p>Taille des perles de luxe<\/p>\n","protected":false},"featured_media":46730,"template":"","meta":[],"product_brand":[],"product_cat":[1859],"product_tag":[2158,2190],"class_list":{"0":"post-53715","1":"product","2":"type-product","3":"status-publish","4":"has-post-thumbnail","6":"product_cat-dattes-de-medine","7":"product_tag--fr","8":"product_tag-_-fr","10":"first","11":"instock","12":"shipping-taxable","13":"purchasable","14":"product-type-simple"},"aioseo_notices":[],"_links":{"self":[{"href":"https:\/\/saudi-dates.com\/fr\/wp-json\/wp\/v2\/product\/53715","targetHints":{"allow":["GET"]}}],"collection":[{"href":"https:\/\/saudi-dates.com\/fr\/wp-json\/wp\/v2\/product"}],"about":[{"href":"https:\/\/saudi-dates.com\/fr\/wp-json\/wp\/v2\/types\/product"}],"version-history":[{"count":0,"href":"https:\/\/saudi-dates.com\/fr\/wp-json\/wp\/v2\/product\/53715\/revisions"}],"wp:featuredmedia":[{"embeddable":true,"href":"https:\/\/saudi-dates.com\/fr\/wp-json\/wp\/v2\/media\/46730"}],"wp:attachment":[{"href":"https:\/\/saudi-dates.com\/fr\/wp-json\/wp\/v2\/media?parent=53715"}],"wp:term":[{"taxonomy":"product_brand","embeddable":true,"href":"https:\/\/saudi-dates.com\/fr\/wp-json\/wp\/v2\/product_brand?post=53715"},{"taxonomy":"product_cat","embeddable":true,"href":"https:\/\/saudi-dates.com\/fr\/wp-json\/wp\/v2\/product_cat?post=53715"},{"taxonomy":"product_tag","embeddable":true,"href":"https:\/\/saudi-dates.com\/fr\/wp-json\/wp\/v2\/product_tag?post=53715"}],"curies":[{"name":"wp","href":"https:\/\/api.w.org\/{rel}","templated":true}]}}