{"id":53695,"date":"2025-01-18T20:08:20","date_gmt":"2025-01-18T17:08:20","guid":{"rendered":"https:\/\/saudi-dates.com\/product\/pate-de-fantaisie-1kg\/"},"modified":"2025-01-18T20:08:20","modified_gmt":"2025-01-18T17:08:20","slug":"pate-de-fantaisie-1kg","status":"publish","type":"product","link":"https:\/\/saudi-dates.com\/fr\/produit\/pate-de-fantaisie-1kg\/","title":{"rendered":"P\u00e2te de fantaisie (1kg)"},"content":{"rendered":"<h5>P\u00e2te de fantaisie (1kg)<\/h5>\n<h5>Cela en fait un compl\u00e9ment id\u00e9al \u00e0 une grande vari\u00e9t\u00e9 de plats et de desserts. Que vous soyez \u00e0 la recherche d&#8217;un en-cas sain ou d&#8217;un ingr\u00e9dient sp\u00e9cial pour vos recettes, la p\u00e2te d&#8217;Ajwa est le choix id\u00e9al.  <\/h5>\n<h5>Connues pour \u00eatre l&#8217;une des meilleures entreprises qui combinent la culture, la production et la vente de dattes naturelles de premi\u00e8re qualit\u00e9, les dattes Elixir sont produites \u00e0 l&#8217;aide de m\u00e9thodes agricoles modernes et durables qui garantissent le go\u00fbt et la qualit\u00e9 de chaque noyau de datte.<\/h5>\n","protected":false},"excerpt":{"rendered":"<h5>Cette luxueuse p\u00e2te al-Ajwa est fabriqu\u00e9e \u00e0 partir des meilleures dattes al-Ajwa provenant des fermes Elixir de M\u00e9dine. Elle se caract\u00e9rise par son go\u00fbt riche et sucr\u00e9 et sa texture onctueuse. <\/h5>\n","protected":false},"featured_media":46670,"template":"","meta":[],"product_brand":[],"product_cat":[1859],"product_tag":[2158,2252],"class_list":{"0":"post-53695","1":"product","2":"type-product","3":"status-publish","4":"has-post-thumbnail","6":"product_cat-dattes-de-medine","7":"product_tag--fr","8":"product_tag-_-fr","10":"first","11":"instock","12":"shipping-taxable","13":"purchasable","14":"product-type-simple"},"aioseo_notices":[],"_links":{"self":[{"href":"https:\/\/saudi-dates.com\/fr\/wp-json\/wp\/v2\/product\/53695","targetHints":{"allow":["GET"]}}],"collection":[{"href":"https:\/\/saudi-dates.com\/fr\/wp-json\/wp\/v2\/product"}],"about":[{"href":"https:\/\/saudi-dates.com\/fr\/wp-json\/wp\/v2\/types\/product"}],"version-history":[{"count":0,"href":"https:\/\/saudi-dates.com\/fr\/wp-json\/wp\/v2\/product\/53695\/revisions"}],"wp:featuredmedia":[{"embeddable":true,"href":"https:\/\/saudi-dates.com\/fr\/wp-json\/wp\/v2\/media\/46670"}],"wp:attachment":[{"href":"https:\/\/saudi-dates.com\/fr\/wp-json\/wp\/v2\/media?parent=53695"}],"wp:term":[{"taxonomy":"product_brand","embeddable":true,"href":"https:\/\/saudi-dates.com\/fr\/wp-json\/wp\/v2\/product_brand?post=53695"},{"taxonomy":"product_cat","embeddable":true,"href":"https:\/\/saudi-dates.com\/fr\/wp-json\/wp\/v2\/product_cat?post=53695"},{"taxonomy":"product_tag","embeddable":true,"href":"https:\/\/saudi-dates.com\/fr\/wp-json\/wp\/v2\/product_tag?post=53695"}],"curies":[{"name":"wp","href":"https:\/\/api.w.org\/{rel}","templated":true}]}}