{"id":53532,"date":"2025-02-19T18:59:08","date_gmt":"2025-02-19T15:59:08","guid":{"rendered":"https:\/\/saudi-dates.com\/product\/ble-de-medine-5kg\/"},"modified":"2025-02-19T18:59:08","modified_gmt":"2025-02-19T15:59:08","slug":"ble-de-medine-5kg","status":"publish","type":"product","link":"https:\/\/saudi-dates.com\/fr\/produit\/ble-de-medine-5kg\/","title":{"rendered":"Bl\u00e9 de M\u00e9dine 5kg"},"content":{"rendered":"<p>Caract\u00e9ris\u00e9es par leur forme ronde, leur couleur noire et leur go\u00fbt particulier, les dattes Medina Ajwa font partie des meilleurs types de dattes que les p\u00e8lerins viennent chercher \u00e0 Medina pendant la saison du Hajj. <\/p>\n<p>&nbsp;<\/p>\n","protected":false},"excerpt":{"rendered":"<p>L&#8217;ojwa est riche en glucides et en vitamines et contient du calcium et du magn\u00e9sium.<\/p>\n","protected":false},"featured_media":47468,"template":"","meta":[],"product_brand":[],"product_cat":[1859],"product_tag":[2190],"class_list":{"0":"post-53532","1":"product","2":"type-product","3":"status-publish","4":"has-post-thumbnail","6":"product_cat-dattes-de-medine","7":"product_tag-_-fr","9":"first","10":"instock","11":"shipping-taxable","12":"purchasable","13":"product-type-simple"},"aioseo_notices":[],"_links":{"self":[{"href":"https:\/\/saudi-dates.com\/fr\/wp-json\/wp\/v2\/product\/53532","targetHints":{"allow":["GET"]}}],"collection":[{"href":"https:\/\/saudi-dates.com\/fr\/wp-json\/wp\/v2\/product"}],"about":[{"href":"https:\/\/saudi-dates.com\/fr\/wp-json\/wp\/v2\/types\/product"}],"version-history":[{"count":0,"href":"https:\/\/saudi-dates.com\/fr\/wp-json\/wp\/v2\/product\/53532\/revisions"}],"wp:featuredmedia":[{"embeddable":true,"href":"https:\/\/saudi-dates.com\/fr\/wp-json\/wp\/v2\/media\/47468"}],"wp:attachment":[{"href":"https:\/\/saudi-dates.com\/fr\/wp-json\/wp\/v2\/media?parent=53532"}],"wp:term":[{"taxonomy":"product_brand","embeddable":true,"href":"https:\/\/saudi-dates.com\/fr\/wp-json\/wp\/v2\/product_brand?post=53532"},{"taxonomy":"product_cat","embeddable":true,"href":"https:\/\/saudi-dates.com\/fr\/wp-json\/wp\/v2\/product_cat?post=53532"},{"taxonomy":"product_tag","embeddable":true,"href":"https:\/\/saudi-dates.com\/fr\/wp-json\/wp\/v2\/product_tag?post=53532"}],"curies":[{"name":"wp","href":"https:\/\/api.w.org\/{rel}","templated":true}]}}