{"id":53413,"date":"2025-02-19T18:59:33","date_gmt":"2025-02-19T15:59:33","guid":{"rendered":"https:\/\/saudi-dates.com\/product\/al-awali-ojwa-paquet-de-1000g-2\/"},"modified":"2025-02-19T18:59:33","modified_gmt":"2025-02-19T15:59:33","slug":"al-awali-ojwa-paquet-de-1000g-2","status":"publish","type":"product","link":"https:\/\/saudi-dates.com\/fr\/produit\/al-awali-ojwa-paquet-de-1000g-2\/","title":{"rendered":"Al Awali Ojwa paquet de 1000g"},"content":{"rendered":"","protected":false},"excerpt":{"rendered":"<p>Ajwa est soigneusement s\u00e9lectionn\u00e9 dans les fermes d&#8217;Al Alia, situ\u00e9es pr\u00e8s de la mosqu\u00e9e Quba et de la r\u00e9gion d&#8217;Al Awali, qui se caract\u00e9risent par une eau de puits douce, des terres fertiles et un sol b\u00e9ni.<\/p>\n","protected":false},"featured_media":47689,"template":"","meta":[],"product_brand":[],"product_cat":[1859],"product_tag":[2170],"class_list":{"0":"post-53413","1":"product","2":"type-product","3":"status-publish","4":"has-post-thumbnail","6":"product_cat-dattes-de-medine","7":"product_tag-__-fr","9":"first","10":"instock","11":"shipping-taxable","12":"purchasable","13":"product-type-simple"},"aioseo_notices":[],"_links":{"self":[{"href":"https:\/\/saudi-dates.com\/fr\/wp-json\/wp\/v2\/product\/53413","targetHints":{"allow":["GET"]}}],"collection":[{"href":"https:\/\/saudi-dates.com\/fr\/wp-json\/wp\/v2\/product"}],"about":[{"href":"https:\/\/saudi-dates.com\/fr\/wp-json\/wp\/v2\/types\/product"}],"version-history":[{"count":0,"href":"https:\/\/saudi-dates.com\/fr\/wp-json\/wp\/v2\/product\/53413\/revisions"}],"wp:featuredmedia":[{"embeddable":true,"href":"https:\/\/saudi-dates.com\/fr\/wp-json\/wp\/v2\/media\/47689"}],"wp:attachment":[{"href":"https:\/\/saudi-dates.com\/fr\/wp-json\/wp\/v2\/media?parent=53413"}],"wp:term":[{"taxonomy":"product_brand","embeddable":true,"href":"https:\/\/saudi-dates.com\/fr\/wp-json\/wp\/v2\/product_brand?post=53413"},{"taxonomy":"product_cat","embeddable":true,"href":"https:\/\/saudi-dates.com\/fr\/wp-json\/wp\/v2\/product_cat?post=53413"},{"taxonomy":"product_tag","embeddable":true,"href":"https:\/\/saudi-dates.com\/fr\/wp-json\/wp\/v2\/product_tag?post=53413"}],"curies":[{"name":"wp","href":"https:\/\/api.w.org\/{rel}","templated":true}]}}