{"id":53378,"date":"2025-02-19T18:59:09","date_gmt":"2025-02-19T15:59:09","guid":{"rendered":"https:\/\/saudi-dates.com\/product\/dattes-800g-2\/"},"modified":"2025-02-19T18:59:09","modified_gmt":"2025-02-19T15:59:09","slug":"dattes-800g-2","status":"publish","type":"product","link":"https:\/\/saudi-dates.com\/fr\/produit\/dattes-800g-2\/","title":{"rendered":"Dattes 800g"},"content":{"rendered":"","protected":false},"excerpt":{"rendered":"<p>Les dattes Majdoul se caract\u00e9risent par leur go\u00fbt naturellement sucr\u00e9, leur grande taille et leur couleur fonc\u00e9e par rapport aux autres types de dattes.<\/p>\n","protected":false},"featured_media":47616,"template":"","meta":[],"product_brand":[],"product_cat":[1859],"product_tag":[2158,2159],"class_list":{"0":"post-53378","1":"product","2":"type-product","3":"status-publish","4":"has-post-thumbnail","6":"product_cat-dattes-de-medine","7":"product_tag--fr","8":"product_tag-_-fr","10":"first","11":"instock","12":"shipping-taxable","13":"purchasable","14":"product-type-simple"},"aioseo_notices":[],"_links":{"self":[{"href":"https:\/\/saudi-dates.com\/fr\/wp-json\/wp\/v2\/product\/53378","targetHints":{"allow":["GET"]}}],"collection":[{"href":"https:\/\/saudi-dates.com\/fr\/wp-json\/wp\/v2\/product"}],"about":[{"href":"https:\/\/saudi-dates.com\/fr\/wp-json\/wp\/v2\/types\/product"}],"version-history":[{"count":0,"href":"https:\/\/saudi-dates.com\/fr\/wp-json\/wp\/v2\/product\/53378\/revisions"}],"wp:featuredmedia":[{"embeddable":true,"href":"https:\/\/saudi-dates.com\/fr\/wp-json\/wp\/v2\/media\/47616"}],"wp:attachment":[{"href":"https:\/\/saudi-dates.com\/fr\/wp-json\/wp\/v2\/media?parent=53378"}],"wp:term":[{"taxonomy":"product_brand","embeddable":true,"href":"https:\/\/saudi-dates.com\/fr\/wp-json\/wp\/v2\/product_brand?post=53378"},{"taxonomy":"product_cat","embeddable":true,"href":"https:\/\/saudi-dates.com\/fr\/wp-json\/wp\/v2\/product_cat?post=53378"},{"taxonomy":"product_tag","embeddable":true,"href":"https:\/\/saudi-dates.com\/fr\/wp-json\/wp\/v2\/product_tag?post=53378"}],"curies":[{"name":"wp","href":"https:\/\/api.w.org\/{rel}","templated":true}]}}