{"id":53373,"date":"2025-02-19T18:59:09","date_gmt":"2025-02-19T15:59:09","guid":{"rendered":"https:\/\/saudi-dates.com\/product\/dattes-safawi-500g-2\/"},"modified":"2025-02-19T18:59:09","modified_gmt":"2025-02-19T15:59:09","slug":"dattes-safawi-500g-2","status":"publish","type":"product","link":"https:\/\/saudi-dates.com\/fr\/produit\/dattes-safawi-500g-2\/","title":{"rendered":"Dattes Safawi 500g"},"content":{"rendered":"","protected":false},"excerpt":{"rendered":"<p>Les dattes Safawi se caract\u00e9risent par leur couleur noir fonc\u00e9, leur forme allong\u00e9e et leur taille moyenne. Elles sont proches des dattes al-Ajwa en termes de douceur et de go\u00fbt et sont consid\u00e9r\u00e9es comme l&#8217;un des types de dattes les plus fins et les plus utiles.<\/p>\n","protected":false},"featured_media":47623,"template":"","meta":[],"product_brand":[],"product_cat":[1859],"product_tag":[2150],"class_list":{"0":"post-53373","1":"product","2":"type-product","3":"status-publish","4":"has-post-thumbnail","6":"product_cat-dattes-de-medine","7":"product_tag-_-fr","9":"first","10":"instock","11":"shipping-taxable","12":"purchasable","13":"product-type-simple"},"aioseo_notices":[],"_links":{"self":[{"href":"https:\/\/saudi-dates.com\/fr\/wp-json\/wp\/v2\/product\/53373","targetHints":{"allow":["GET"]}}],"collection":[{"href":"https:\/\/saudi-dates.com\/fr\/wp-json\/wp\/v2\/product"}],"about":[{"href":"https:\/\/saudi-dates.com\/fr\/wp-json\/wp\/v2\/types\/product"}],"version-history":[{"count":0,"href":"https:\/\/saudi-dates.com\/fr\/wp-json\/wp\/v2\/product\/53373\/revisions"}],"wp:featuredmedia":[{"embeddable":true,"href":"https:\/\/saudi-dates.com\/fr\/wp-json\/wp\/v2\/media\/47623"}],"wp:attachment":[{"href":"https:\/\/saudi-dates.com\/fr\/wp-json\/wp\/v2\/media?parent=53373"}],"wp:term":[{"taxonomy":"product_brand","embeddable":true,"href":"https:\/\/saudi-dates.com\/fr\/wp-json\/wp\/v2\/product_brand?post=53373"},{"taxonomy":"product_cat","embeddable":true,"href":"https:\/\/saudi-dates.com\/fr\/wp-json\/wp\/v2\/product_cat?post=53373"},{"taxonomy":"product_tag","embeddable":true,"href":"https:\/\/saudi-dates.com\/fr\/wp-json\/wp\/v2\/product_tag?post=53373"}],"curies":[{"name":"wp","href":"https:\/\/api.w.org\/{rel}","templated":true}]}}