{"id":53327,"date":"2025-02-19T18:59:08","date_gmt":"2025-02-19T15:59:08","guid":{"rendered":"https:\/\/saudi-dates.com\/product\/dattes-a-tremper-500g-2\/"},"modified":"2025-02-19T18:59:08","modified_gmt":"2025-02-19T15:59:08","slug":"dattes-a-tremper-500g-2","status":"publish","type":"product","link":"https:\/\/saudi-dates.com\/fr\/produit\/dattes-a-tremper-500g-2\/","title":{"rendered":"dattes \u00e0 tremper 500g"},"content":{"rendered":"<p>Les dattes Al Saqi&#8217;i sont c\u00e9l\u00e8bres pour leurs deux couleurs : au d\u00e9but, elles sont l\u00e9g\u00e8rement dor\u00e9es et l\u00e9g\u00e8rement s\u00e8ches, tandis que le reste du corps est brun, doux et tout simplement d\u00e9licieux.    <\/p>\n","protected":false},"excerpt":{"rendered":"<p>Les dattes Sakkah sont emball\u00e9es dans des bo\u00eetes en papier prot\u00e9g\u00e9es de premi\u00e8re qualit\u00e9, pour qu&#8217;elles soient toujours fra\u00eeches. <\/p>\n<p>&nbsp;<\/p>\n","protected":false},"featured_media":47428,"template":"","meta":[],"product_brand":[],"product_cat":[1859],"product_tag":[2143],"class_list":{"0":"post-53327","1":"product","2":"type-product","3":"status-publish","4":"has-post-thumbnail","6":"product_cat-dattes-de-medine","7":"product_tag-_-fr","9":"first","10":"instock","11":"shipping-taxable","12":"purchasable","13":"product-type-simple"},"aioseo_notices":[],"_links":{"self":[{"href":"https:\/\/saudi-dates.com\/fr\/wp-json\/wp\/v2\/product\/53327","targetHints":{"allow":["GET"]}}],"collection":[{"href":"https:\/\/saudi-dates.com\/fr\/wp-json\/wp\/v2\/product"}],"about":[{"href":"https:\/\/saudi-dates.com\/fr\/wp-json\/wp\/v2\/types\/product"}],"version-history":[{"count":0,"href":"https:\/\/saudi-dates.com\/fr\/wp-json\/wp\/v2\/product\/53327\/revisions"}],"wp:featuredmedia":[{"embeddable":true,"href":"https:\/\/saudi-dates.com\/fr\/wp-json\/wp\/v2\/media\/47428"}],"wp:attachment":[{"href":"https:\/\/saudi-dates.com\/fr\/wp-json\/wp\/v2\/media?parent=53327"}],"wp:term":[{"taxonomy":"product_brand","embeddable":true,"href":"https:\/\/saudi-dates.com\/fr\/wp-json\/wp\/v2\/product_brand?post=53327"},{"taxonomy":"product_cat","embeddable":true,"href":"https:\/\/saudi-dates.com\/fr\/wp-json\/wp\/v2\/product_cat?post=53327"},{"taxonomy":"product_tag","embeddable":true,"href":"https:\/\/saudi-dates.com\/fr\/wp-json\/wp\/v2\/product_tag?post=53327"}],"curies":[{"name":"wp","href":"https:\/\/api.w.org\/{rel}","templated":true}]}}