{"id":53322,"date":"2025-02-26T16:40:14","date_gmt":"2025-02-26T13:40:14","guid":{"rendered":"https:\/\/saudi-dates.com\/product\/ojwa-farcie-aux-roses-de-medine-2\/"},"modified":"2025-02-26T16:40:14","modified_gmt":"2025-02-26T13:40:14","slug":"ojwa-farcie-aux-roses-de-medine-2","status":"publish","type":"product","link":"https:\/\/saudi-dates.com\/fr\/produit\/ojwa-farcie-aux-roses-de-medine-2\/","title":{"rendered":"Ojwa farcie aux roses de M\u00e9dine"},"content":{"rendered":"<p>Ojwa farcie aux roses de M\u00e9dine<\/p>\n<p>&nbsp;<\/p>\n","protected":false},"excerpt":{"rendered":"<p>Vivez une exp\u00e9rience unique et distinctive avec notre gamme de dattes farcies aromatis\u00e9es et profitez de leurs bienfaits nutritionnels \u00e0 chaque repas. <\/p>\n","protected":false},"featured_media":46034,"template":"","meta":[],"product_brand":[2183],"product_cat":[],"product_tag":[2158,2242,2215],"class_list":{"0":"post-53322","1":"product","2":"type-product","3":"status-publish","4":"has-post-thumbnail","6":"product_brand-dates-de-medine","7":"product_tag--fr","9":"product_tag-_-fr","11":"first","12":"instock","13":"sold-individually","14":"shipping-taxable","15":"purchasable","16":"product-type-simple"},"aioseo_notices":[],"_links":{"self":[{"href":"https:\/\/saudi-dates.com\/fr\/wp-json\/wp\/v2\/product\/53322","targetHints":{"allow":["GET"]}}],"collection":[{"href":"https:\/\/saudi-dates.com\/fr\/wp-json\/wp\/v2\/product"}],"about":[{"href":"https:\/\/saudi-dates.com\/fr\/wp-json\/wp\/v2\/types\/product"}],"version-history":[{"count":0,"href":"https:\/\/saudi-dates.com\/fr\/wp-json\/wp\/v2\/product\/53322\/revisions"}],"wp:featuredmedia":[{"embeddable":true,"href":"https:\/\/saudi-dates.com\/fr\/wp-json\/wp\/v2\/media\/46034"}],"wp:attachment":[{"href":"https:\/\/saudi-dates.com\/fr\/wp-json\/wp\/v2\/media?parent=53322"}],"wp:term":[{"taxonomy":"product_brand","embeddable":true,"href":"https:\/\/saudi-dates.com\/fr\/wp-json\/wp\/v2\/product_brand?post=53322"},{"taxonomy":"product_cat","embeddable":true,"href":"https:\/\/saudi-dates.com\/fr\/wp-json\/wp\/v2\/product_cat?post=53322"},{"taxonomy":"product_tag","embeddable":true,"href":"https:\/\/saudi-dates.com\/fr\/wp-json\/wp\/v2\/product_tag?post=53322"}],"curies":[{"name":"wp","href":"https:\/\/api.w.org\/{rel}","templated":true}]}}