{"id":53178,"date":"2025-02-19T19:34:25","date_gmt":"2025-02-19T16:34:25","guid":{"rendered":"https:\/\/saudi-dates.com\/product\/basilic-de-ville-menthe-hasawi\/"},"modified":"2025-02-19T19:34:25","modified_gmt":"2025-02-19T16:34:25","slug":"basilic-de-ville-menthe-hasawi","status":"publish","type":"product","link":"https:\/\/saudi-dates.com\/fr\/produit\/basilic-de-ville-menthe-hasawi\/","title":{"rendered":"Basilic de ville &#8211; Menthe Hasawi"},"content":{"rendered":"<h3 class=\"ql-direction-rtl\"><strong>Basilic de ville &#8211; Menthe Hasawi  <\/strong><\/h3>\n<h3 class=\"ql-direction-rtl\"><strong>Sp\u00e9cifications :<\/strong><\/h3>\n<p class=\"ql-direction-rtl\"><strong>Nom du produit<\/strong>: Basilic de ville &#8211; Menthe Hassawi &#8211; Menthe s\u00e9ch\u00e9e biologique<\/p>\n<p class=\"ql-direction-rtl\">La <strong>marque<\/strong>: Elite Dates<\/p>\n<p class=\"ql-direction-rtl\"><strong>Taille de l&#8217;emballage<\/strong>: Pr\u00e9sent\u00e9 dans un emballage de 25 g, id\u00e9al pour le bureau et la maison et scell\u00e9 pour les voyages et les cadeaux.<\/p>\n<p class=\"ql-direction-rtl\"><strong>Type<\/strong>: Monnaie<\/p>\n<p class=\"ql-direction-rtl\"><strong>Source<\/strong>: Nos fermes \u00e0 Medina<\/p>\n<p class=\"ql-direction-rtl\">\n","protected":false},"excerpt":{"rendered":"<h2 class=\"ql-direction-rtl\"><span style=\"font-size: 13px;\">Basilic de M\u00e9dine &#8211; une menthe Hassawi soigneusement pr\u00e9par\u00e9e \u00e0 partir de nos terres fertiles et reconnue pour sa grande qualit\u00e9.<\/span><\/h2>\n","protected":false},"featured_media":48358,"template":"","meta":[],"product_brand":[],"product_cat":[1859],"product_tag":[2215],"class_list":{"0":"post-53178","1":"product","2":"type-product","3":"status-publish","4":"has-post-thumbnail","6":"product_cat-dattes-de-medine","7":"product_tag-_-fr","9":"first","10":"instock","11":"shipping-taxable","12":"purchasable","13":"product-type-simple"},"aioseo_notices":[],"_links":{"self":[{"href":"https:\/\/saudi-dates.com\/fr\/wp-json\/wp\/v2\/product\/53178","targetHints":{"allow":["GET"]}}],"collection":[{"href":"https:\/\/saudi-dates.com\/fr\/wp-json\/wp\/v2\/product"}],"about":[{"href":"https:\/\/saudi-dates.com\/fr\/wp-json\/wp\/v2\/types\/product"}],"version-history":[{"count":0,"href":"https:\/\/saudi-dates.com\/fr\/wp-json\/wp\/v2\/product\/53178\/revisions"}],"wp:featuredmedia":[{"embeddable":true,"href":"https:\/\/saudi-dates.com\/fr\/wp-json\/wp\/v2\/media\/48358"}],"wp:attachment":[{"href":"https:\/\/saudi-dates.com\/fr\/wp-json\/wp\/v2\/media?parent=53178"}],"wp:term":[{"taxonomy":"product_brand","embeddable":true,"href":"https:\/\/saudi-dates.com\/fr\/wp-json\/wp\/v2\/product_brand?post=53178"},{"taxonomy":"product_cat","embeddable":true,"href":"https:\/\/saudi-dates.com\/fr\/wp-json\/wp\/v2\/product_cat?post=53178"},{"taxonomy":"product_tag","embeddable":true,"href":"https:\/\/saudi-dates.com\/fr\/wp-json\/wp\/v2\/product_tag?post=53178"}],"curies":[{"name":"wp","href":"https:\/\/api.w.org\/{rel}","templated":true}]}}