{"id":53163,"date":"2025-02-19T19:34:25","date_gmt":"2025-02-19T16:34:25","guid":{"rendered":"https:\/\/saudi-dates.com\/product\/cafe-saoudien-au-safran-et-a-la-cardamome\/"},"modified":"2025-02-19T19:34:25","modified_gmt":"2025-02-19T16:34:25","slug":"cafe-saoudien-au-safran-et-a-la-cardamome","status":"publish","type":"product","link":"https:\/\/saudi-dates.com\/fr\/produit\/cafe-saoudien-au-safran-et-a-la-cardamome\/","title":{"rendered":"Caf\u00e9 saoudien au safran et \u00e0 la cardamome"},"content":{"rendered":"<h3 class=\"ql-direction-rtl\"><strong>Caf\u00e9 saoudien au safran et \u00e0 la cardamome  <\/strong><\/h3>\n<h3 class=\"ql-direction-rtl\"><strong>Sp\u00e9cifications<\/strong><\/h3>\n<p class=\"ql-direction-rtl\"><strong>Nom du produit :<\/strong> Caf\u00e9 saoudien au safran et \u00e0 la cardamome<\/p>\n<p class=\"ql-direction-rtl\"><strong>Poids :<\/strong> 400g (suffisant pour 20 seaux)<\/p>\n<p class=\"ql-direction-rtl\"><strong>Ingr\u00e9dients : <\/strong>Grains de caf\u00e9 lav\u00e9s et torr\u00e9fi\u00e9s, cardamome Safran Super Nakil First Class<\/p>\n<p class=\"ql-direction-rtl\"><strong>Emballage :<\/strong> Emball\u00e9 dans des bo\u00eetes sp\u00e9ciales anti-oxydation et anti-humidit\u00e9.<\/p>\n","protected":false},"excerpt":{"rendered":"<h2 class=\"ql-align-center text-center ql-direction-rtl\"><span style=\"font-size: 13px;\"><strong>Caf\u00e9 saoudien au safran et \u00e0 la cardamome &#8211; une saveur \u00e9quilibr\u00e9e qui allie originalit\u00e9 et modernit\u00e9<\/strong><\/span><\/h2>\n","protected":false},"featured_media":48433,"template":"","meta":[],"product_brand":[],"product_cat":[1859],"product_tag":[2225],"class_list":{"0":"post-53163","1":"product","2":"type-product","3":"status-publish","4":"has-post-thumbnail","6":"product_cat-dattes-de-medine","7":"product_tag-_-fr","9":"first","10":"instock","11":"sale","12":"shipping-taxable","13":"purchasable","14":"product-type-simple"},"aioseo_notices":[],"_links":{"self":[{"href":"https:\/\/saudi-dates.com\/fr\/wp-json\/wp\/v2\/product\/53163","targetHints":{"allow":["GET"]}}],"collection":[{"href":"https:\/\/saudi-dates.com\/fr\/wp-json\/wp\/v2\/product"}],"about":[{"href":"https:\/\/saudi-dates.com\/fr\/wp-json\/wp\/v2\/types\/product"}],"version-history":[{"count":0,"href":"https:\/\/saudi-dates.com\/fr\/wp-json\/wp\/v2\/product\/53163\/revisions"}],"wp:featuredmedia":[{"embeddable":true,"href":"https:\/\/saudi-dates.com\/fr\/wp-json\/wp\/v2\/media\/48433"}],"wp:attachment":[{"href":"https:\/\/saudi-dates.com\/fr\/wp-json\/wp\/v2\/media?parent=53163"}],"wp:term":[{"taxonomy":"product_brand","embeddable":true,"href":"https:\/\/saudi-dates.com\/fr\/wp-json\/wp\/v2\/product_brand?post=53163"},{"taxonomy":"product_cat","embeddable":true,"href":"https:\/\/saudi-dates.com\/fr\/wp-json\/wp\/v2\/product_cat?post=53163"},{"taxonomy":"product_tag","embeddable":true,"href":"https:\/\/saudi-dates.com\/fr\/wp-json\/wp\/v2\/product_tag?post=53163"}],"curies":[{"name":"wp","href":"https:\/\/api.w.org\/{rel}","templated":true}]}}