{"id":53148,"date":"2025-02-19T19:34:24","date_gmt":"2025-02-19T16:34:24","guid":{"rendered":"https:\/\/saudi-dates.com\/product\/30-paquets-domelette-snack\/"},"modified":"2025-02-19T19:34:24","modified_gmt":"2025-02-19T16:34:24","slug":"30-paquets-domelette-snack","status":"publish","type":"product","link":"https:\/\/saudi-dates.com\/fr\/produit\/30-paquets-domelette-snack\/","title":{"rendered":"30 paquets d&#8217;Omelette Snack"},"content":{"rendered":"<p>30 paquets d&#8217;Omelette Snack<\/p>\n<ul>\n<li class=\"ql-direction-rtl\" style=\"text-align: right;\"><strong>Ingr\u00e9dients :<\/strong> 100% de vraies dattes de M\u00e9dine<\/li>\n<li class=\"ql-direction-rtl\" style=\"text-align: right;\"><strong>Poids :<\/strong> 30 paquets faciles \u00e0 utiliser<\/li>\n<li class=\"ql-direction-rtl\" style=\"text-align: right;\"><strong>Utilisation :<\/strong> En-cas id\u00e9al au travail, \u00e0 l&#8217;\u00e9cole ou en d\u00e9placement <\/li>\n<li class=\"ql-direction-rtl\" style=\"text-align: right;\"><strong>Stockage : Conserver<\/strong> dans un endroit frais et sec pour pr\u00e9server la saveur et la qualit\u00e9.<\/li>\n<li class=\"ql-direction-rtl\" style=\"text-align: right;\"><strong>Dur\u00e9e de conservation :<\/strong> Frais jusqu&#8217;\u00e0 12 mois \u00e0 partir de la date de production.<\/li>\n<li class=\"ql-direction-rtl\" style=\"text-align: right;\"><strong>La saveur :<\/strong> Go\u00fbt authentique de dattes, douceur naturelle sans additifs. <\/li>\n<\/ul>\n","protected":false},"excerpt":{"rendered":"<h3 class=\"ql-direction-rtl\"><span style=\"font-size: 12px;\"><strong>Votre en-cas sain et parfait d&#8217;Ajwa Al Madina &#8211; \u00e9nergie, nutrition et commodit\u00e9 dans chaque paquet ! <\/strong><\/span><\/h3>\n","protected":false},"featured_media":47881,"template":"","meta":[],"product_brand":[],"product_cat":[1859],"product_tag":[2190,2215,2220],"class_list":{"0":"post-53148","1":"product","2":"type-product","3":"status-publish","4":"has-post-thumbnail","6":"product_cat-dattes-de-medine","7":"product_tag-_-fr","11":"first","12":"instock","13":"sale","14":"shipping-taxable","15":"purchasable","16":"product-type-simple"},"aioseo_notices":[],"_links":{"self":[{"href":"https:\/\/saudi-dates.com\/fr\/wp-json\/wp\/v2\/product\/53148","targetHints":{"allow":["GET"]}}],"collection":[{"href":"https:\/\/saudi-dates.com\/fr\/wp-json\/wp\/v2\/product"}],"about":[{"href":"https:\/\/saudi-dates.com\/fr\/wp-json\/wp\/v2\/types\/product"}],"version-history":[{"count":0,"href":"https:\/\/saudi-dates.com\/fr\/wp-json\/wp\/v2\/product\/53148\/revisions"}],"wp:featuredmedia":[{"embeddable":true,"href":"https:\/\/saudi-dates.com\/fr\/wp-json\/wp\/v2\/media\/47881"}],"wp:attachment":[{"href":"https:\/\/saudi-dates.com\/fr\/wp-json\/wp\/v2\/media?parent=53148"}],"wp:term":[{"taxonomy":"product_brand","embeddable":true,"href":"https:\/\/saudi-dates.com\/fr\/wp-json\/wp\/v2\/product_brand?post=53148"},{"taxonomy":"product_cat","embeddable":true,"href":"https:\/\/saudi-dates.com\/fr\/wp-json\/wp\/v2\/product_cat?post=53148"},{"taxonomy":"product_tag","embeddable":true,"href":"https:\/\/saudi-dates.com\/fr\/wp-json\/wp\/v2\/product_tag?post=53148"}],"curies":[{"name":"wp","href":"https:\/\/api.w.org\/{rel}","templated":true}]}}