{"id":53143,"date":"2025-02-19T19:34:24","date_gmt":"2025-02-19T16:34:24","guid":{"rendered":"https:\/\/saudi-dates.com\/product\/dattes-de-luxe-bio-de-medina-1kg\/"},"modified":"2025-02-19T19:34:24","modified_gmt":"2025-02-19T16:34:24","slug":"dattes-de-luxe-bio-de-medina-1kg","status":"publish","type":"product","link":"https:\/\/saudi-dates.com\/fr\/produit\/dattes-de-luxe-bio-de-medina-1kg\/","title":{"rendered":"Dattes de luxe bio de Medina 1kg"},"content":{"rendered":"<h3 class=\"ql-direction-rtl\" style=\"text-align: right;\"><strong>Dattes de luxe bio de Medina 1kg<\/strong><\/h3>\n<h3 class=\"ql-direction-rtl\" style=\"text-align: right;\"><strong>Sp\u00e9cifications de Medina Ajwa Dates<\/strong><\/h3>\n<p class=\"ql-direction-rtl\" style=\"text-align: right;\"><strong>Nom du produit :<\/strong> Omelette biologique de qualit\u00e9 sup\u00e9rieure 1kg<\/p>\n<p class=\"ql-direction-rtl\" style=\"text-align: right;\">La <strong>marque<\/strong>: Elite Dates<\/p>\n<p class=\"ql-direction-rtl\" style=\"text-align: right;\">La <strong>couleur<\/strong>: Noir<\/p>\n<p class=\"ql-direction-rtl\" style=\"text-align: right;\"><strong>Taille<\/strong>: 1kg<\/p>\n<p class=\"ql-direction-rtl\" style=\"text-align: right;\"><strong>Type<\/strong>: Dates<\/p>\n<p class=\"ql-direction-rtl\" style=\"text-align: right;\"><strong>Source<\/strong>: Medina Farms Medina Farms<\/p>\n<p class=\"ql-direction-rtl\" style=\"text-align: right;\"><strong>Cat\u00e9gorie<\/strong>: Certifi\u00e9 biologique<\/p>\n","protected":false},"excerpt":{"rendered":"<p><strong>Profitez des bienfaits des dattes Medina Ajwa biologiques de premi\u00e8re qualit\u00e9, cultiv\u00e9es au c\u0153ur de M\u00e9dine. <\/strong><\/p>\n","protected":false},"featured_media":47906,"template":"","meta":[],"product_brand":[],"product_cat":[1859],"product_tag":[2190,2136],"class_list":{"0":"post-53143","1":"product","2":"type-product","3":"status-publish","4":"has-post-thumbnail","6":"product_cat-dattes-de-medine","7":"product_tag-_-fr","8":"product_tag--fr","10":"first","11":"instock","12":"sale","13":"shipping-taxable","14":"purchasable","15":"product-type-simple"},"aioseo_notices":[],"_links":{"self":[{"href":"https:\/\/saudi-dates.com\/fr\/wp-json\/wp\/v2\/product\/53143","targetHints":{"allow":["GET"]}}],"collection":[{"href":"https:\/\/saudi-dates.com\/fr\/wp-json\/wp\/v2\/product"}],"about":[{"href":"https:\/\/saudi-dates.com\/fr\/wp-json\/wp\/v2\/types\/product"}],"version-history":[{"count":0,"href":"https:\/\/saudi-dates.com\/fr\/wp-json\/wp\/v2\/product\/53143\/revisions"}],"wp:featuredmedia":[{"embeddable":true,"href":"https:\/\/saudi-dates.com\/fr\/wp-json\/wp\/v2\/media\/47906"}],"wp:attachment":[{"href":"https:\/\/saudi-dates.com\/fr\/wp-json\/wp\/v2\/media?parent=53143"}],"wp:term":[{"taxonomy":"product_brand","embeddable":true,"href":"https:\/\/saudi-dates.com\/fr\/wp-json\/wp\/v2\/product_brand?post=53143"},{"taxonomy":"product_cat","embeddable":true,"href":"https:\/\/saudi-dates.com\/fr\/wp-json\/wp\/v2\/product_cat?post=53143"},{"taxonomy":"product_tag","embeddable":true,"href":"https:\/\/saudi-dates.com\/fr\/wp-json\/wp\/v2\/product_tag?post=53143"}],"curies":[{"name":"wp","href":"https:\/\/api.w.org\/{rel}","templated":true}]}}