{"id":53118,"date":"2025-02-19T19:34:24","date_gmt":"2025-02-19T16:34:24","guid":{"rendered":"https:\/\/saudi-dates.com\/product\/1-repas-domelette-legere\/"},"modified":"2025-02-19T19:34:24","modified_gmt":"2025-02-19T16:34:24","slug":"1-repas-domelette-legere","status":"publish","type":"product","link":"https:\/\/saudi-dates.com\/fr\/produit\/1-repas-domelette-legere\/","title":{"rendered":"1 repas d&#8217;omelette l\u00e9g\u00e8re"},"content":{"rendered":"<p><strong>1 repas d&#8217;omelette l\u00e9g\u00e8re  <\/strong><\/p>\n<ul>\n<li class=\"ql-direction-rtl\"><strong>100% de dattes Ajwa authentiques :<\/strong> Dattes naturelles provenant des fermes de Medina, sans aucun additif ni conservateur. <\/li>\n<li class=\"ql-direction-rtl\"><strong>Une source d&#8217;\u00e9nergie naturelle :<\/strong> Riche en sucres naturels qui vous donnent une \u00e9nergie instantan\u00e9e et une sant\u00e9 durable.<\/li>\n<li class=\"ql-direction-rtl\"><strong>Riche en fibres et en min\u00e9raux :<\/strong> Contient des fibres qui favorisent la digestion, ainsi que du potassium et du magn\u00e9sium qui contribuent \u00e0 la sant\u00e9 du c\u0153ur.<\/li>\n<li class=\"ql-direction-rtl\"><strong>Sains et d\u00e9licieux :<\/strong> Exempts de graisses nocives, ils constituent un en-cas riche en nutriments. <\/li>\n<li class=\"ql-direction-rtl\"><strong>Parfait pour le grignotage :<\/strong> Convient comme en-cas rapide ou sain pendant la journ\u00e9e, que vous soyez au travail ou en d\u00e9placement. <\/li>\n<li class=\"ql-direction-rtl\"><strong>Emballage :<\/strong> Un emballage herm\u00e9tique qui pr\u00e9serve plus longtemps la fra\u00eecheur et la saveur authentique des dattes.<\/li>\n<\/ul>\n","protected":false},"excerpt":{"rendered":"<h2 class=\"ql-direction-rtl\"><span style=\"font-size: 13px;\"><strong>Dates individuelles Repas<\/strong><\/span><\/h2>\n","protected":false},"featured_media":48031,"template":"","meta":[],"product_brand":[],"product_cat":[1859],"product_tag":[2190,2136,2215],"class_list":{"0":"post-53118","1":"product","2":"type-product","3":"status-publish","4":"has-post-thumbnail","6":"product_cat-dattes-de-medine","7":"product_tag-_-fr","8":"product_tag--fr","11":"first","12":"instock","13":"sale","14":"shipping-taxable","15":"purchasable","16":"product-type-simple"},"aioseo_notices":[],"_links":{"self":[{"href":"https:\/\/saudi-dates.com\/fr\/wp-json\/wp\/v2\/product\/53118","targetHints":{"allow":["GET"]}}],"collection":[{"href":"https:\/\/saudi-dates.com\/fr\/wp-json\/wp\/v2\/product"}],"about":[{"href":"https:\/\/saudi-dates.com\/fr\/wp-json\/wp\/v2\/types\/product"}],"version-history":[{"count":0,"href":"https:\/\/saudi-dates.com\/fr\/wp-json\/wp\/v2\/product\/53118\/revisions"}],"wp:featuredmedia":[{"embeddable":true,"href":"https:\/\/saudi-dates.com\/fr\/wp-json\/wp\/v2\/media\/48031"}],"wp:attachment":[{"href":"https:\/\/saudi-dates.com\/fr\/wp-json\/wp\/v2\/media?parent=53118"}],"wp:term":[{"taxonomy":"product_brand","embeddable":true,"href":"https:\/\/saudi-dates.com\/fr\/wp-json\/wp\/v2\/product_brand?post=53118"},{"taxonomy":"product_cat","embeddable":true,"href":"https:\/\/saudi-dates.com\/fr\/wp-json\/wp\/v2\/product_cat?post=53118"},{"taxonomy":"product_tag","embeddable":true,"href":"https:\/\/saudi-dates.com\/fr\/wp-json\/wp\/v2\/product_tag?post=53118"}],"curies":[{"name":"wp","href":"https:\/\/api.w.org\/{rel}","templated":true}]}}