{"id":53108,"date":"2025-02-19T19:34:24","date_gmt":"2025-02-19T16:34:24","guid":{"rendered":"https:\/\/saudi-dates.com\/product\/ajwa-al-madinah-box-12-paquets-nature\/"},"modified":"2025-02-19T19:34:24","modified_gmt":"2025-02-19T16:34:24","slug":"ajwa-al-madinah-box-12-paquets-nature","status":"publish","type":"product","link":"https:\/\/saudi-dates.com\/fr\/produit\/ajwa-al-madinah-box-12-paquets-nature\/","title":{"rendered":"Ajwa Al Madinah Box 12 paquets nature"},"content":{"rendered":"<h3 class=\"ql-direction-rtl\"><strong>Ajwa Al Madinah Box 12 paquets nature  <\/strong><\/h3>\n<p class=\"ql-direction-rtl\"><strong>Nom du produit :<\/strong> Medina Ajwa Box 12 paquets Nature<\/p>\n<p class=\"ql-direction-rtl\"><strong>Le poids du produit :<\/strong> 12 paquets de 7 dattes par paquet <\/p>\n<p class=\"ql-direction-rtl\"><strong>Nombre de produits<\/strong>: 12 paquets, chaque paquet contient 7 dattes de M\u00e9dine de premi\u00e8re qualit\u00e9<\/p>\n<p class=\"ql-direction-rtl\"><strong>Origine<\/strong>: Origine : M\u00e9dina Ajwa Dates<\/p>\n<p class=\"ql-direction-rtl\"><strong>Emballage<\/strong>: \u00c9l\u00e9gant et facile \u00e0 transporter et \u00e0 utiliser<\/p>\n<p class=\"ql-direction-rtl\"><strong>La couleur des dates :<\/strong> Noir fonc\u00e9<\/p>\n<p class=\"ql-direction-rtl\">Premi\u00e8re classe et classe Premium<\/p>\n","protected":false},"excerpt":{"rendered":"<p>Medina Ajwa Box 12 Pack Plain est notre produit de luxe qui allie authenticit\u00e9 et qualit\u00e9.<\/p>\n","protected":false},"featured_media":48069,"template":"","meta":[],"product_brand":[],"product_cat":[1859],"product_tag":[2190,2136],"class_list":{"0":"post-53108","1":"product","2":"type-product","3":"status-publish","4":"has-post-thumbnail","6":"product_cat-dattes-de-medine","7":"product_tag-_-fr","8":"product_tag--fr","10":"first","11":"instock","12":"sale","13":"shipping-taxable","14":"purchasable","15":"product-type-simple"},"aioseo_notices":[],"_links":{"self":[{"href":"https:\/\/saudi-dates.com\/fr\/wp-json\/wp\/v2\/product\/53108","targetHints":{"allow":["GET"]}}],"collection":[{"href":"https:\/\/saudi-dates.com\/fr\/wp-json\/wp\/v2\/product"}],"about":[{"href":"https:\/\/saudi-dates.com\/fr\/wp-json\/wp\/v2\/types\/product"}],"version-history":[{"count":0,"href":"https:\/\/saudi-dates.com\/fr\/wp-json\/wp\/v2\/product\/53108\/revisions"}],"wp:featuredmedia":[{"embeddable":true,"href":"https:\/\/saudi-dates.com\/fr\/wp-json\/wp\/v2\/media\/48069"}],"wp:attachment":[{"href":"https:\/\/saudi-dates.com\/fr\/wp-json\/wp\/v2\/media?parent=53108"}],"wp:term":[{"taxonomy":"product_brand","embeddable":true,"href":"https:\/\/saudi-dates.com\/fr\/wp-json\/wp\/v2\/product_brand?post=53108"},{"taxonomy":"product_cat","embeddable":true,"href":"https:\/\/saudi-dates.com\/fr\/wp-json\/wp\/v2\/product_cat?post=53108"},{"taxonomy":"product_tag","embeddable":true,"href":"https:\/\/saudi-dates.com\/fr\/wp-json\/wp\/v2\/product_tag?post=53108"}],"curies":[{"name":"wp","href":"https:\/\/api.w.org\/{rel}","templated":true}]}}