{"id":53103,"date":"2025-02-19T19:34:24","date_gmt":"2025-02-19T16:34:24","guid":{"rendered":"https:\/\/saudi-dates.com\/product\/medina-ojwa-a-la-cardamome-et-au-safran-paquet-de-7-pieces\/"},"modified":"2025-02-19T19:34:24","modified_gmt":"2025-02-19T16:34:24","slug":"medina-ojwa-a-la-cardamome-et-au-safran-paquet-de-7-pieces","status":"publish","type":"product","link":"https:\/\/saudi-dates.com\/fr\/produit\/medina-ojwa-a-la-cardamome-et-au-safran-paquet-de-7-pieces\/","title":{"rendered":"M\u00e9dina Ojwa \u00e0 la cardamome et au safran paquet de 7 pi\u00e8ces"},"content":{"rendered":"<h3 class=\"ql-direction-rtl\" style=\"text-align: right;\"><strong>M\u00e9dina Ojwa \u00e0 la cardamome et au safran paquet de 7 pi\u00e8ces  <\/strong><\/h3>\n<h3 class=\"ql-direction-rtl\" style=\"text-align: right;\"><strong>Sp\u00e9cifications<\/strong><\/h3>\n<p class=\"ql-direction-rtl\" style=\"text-align: right;\"><strong>Nom du produit :<\/strong> Medina Ajwa Dates avec Cardamome et Safran Pack 7 pi\u00e8ces<\/p>\n<p class=\"ql-direction-rtl\" style=\"text-align: right;\"><strong>Le poids du produit :<\/strong> 7 pi\u00e8ces de dattes Medina Ajwa<\/p>\n<p class=\"ql-direction-rtl\" style=\"text-align: right;\"><strong>Nombre de produits :<\/strong> Paquet de luxe \u00e0 la cardamome et au safran 7 pi\u00e8ces<\/p>\n<p class=\"ql-direction-rtl\" style=\"text-align: right;\"><strong>La couleur des dates :<\/strong> Noir fonc\u00e9<\/p>\n<p class=\"ql-direction-rtl\" style=\"text-align: right;\">Premi\u00e8re classe et classe Premium<\/p>\n","protected":false},"excerpt":{"rendered":"<p>Le paquet Medina Cardamom &amp; Saffron Ajwa vous offre un go\u00fbt distinctif qui combine la douceur des dattes Medina naturelles avec la saveur aromatique de la cardamome et la touche de safran luxueux.<\/p>\n","protected":false},"featured_media":48088,"template":"","meta":[],"product_brand":[],"product_cat":[1859],"product_tag":[2190,2138],"class_list":{"0":"post-53103","1":"product","2":"type-product","3":"status-publish","4":"has-post-thumbnail","6":"product_cat-dattes-de-medine","7":"product_tag-_-fr","10":"first","11":"instock","12":"sale","13":"shipping-taxable","14":"purchasable","15":"product-type-simple"},"aioseo_notices":[],"_links":{"self":[{"href":"https:\/\/saudi-dates.com\/fr\/wp-json\/wp\/v2\/product\/53103","targetHints":{"allow":["GET"]}}],"collection":[{"href":"https:\/\/saudi-dates.com\/fr\/wp-json\/wp\/v2\/product"}],"about":[{"href":"https:\/\/saudi-dates.com\/fr\/wp-json\/wp\/v2\/types\/product"}],"version-history":[{"count":0,"href":"https:\/\/saudi-dates.com\/fr\/wp-json\/wp\/v2\/product\/53103\/revisions"}],"wp:featuredmedia":[{"embeddable":true,"href":"https:\/\/saudi-dates.com\/fr\/wp-json\/wp\/v2\/media\/48088"}],"wp:attachment":[{"href":"https:\/\/saudi-dates.com\/fr\/wp-json\/wp\/v2\/media?parent=53103"}],"wp:term":[{"taxonomy":"product_brand","embeddable":true,"href":"https:\/\/saudi-dates.com\/fr\/wp-json\/wp\/v2\/product_brand?post=53103"},{"taxonomy":"product_cat","embeddable":true,"href":"https:\/\/saudi-dates.com\/fr\/wp-json\/wp\/v2\/product_cat?post=53103"},{"taxonomy":"product_tag","embeddable":true,"href":"https:\/\/saudi-dates.com\/fr\/wp-json\/wp\/v2\/product_tag?post=53103"}],"curies":[{"name":"wp","href":"https:\/\/api.w.org\/{rel}","templated":true}]}}