{"id":53053,"date":"2025-02-19T19:34:25","date_gmt":"2025-02-19T16:34:25","guid":{"rendered":"https:\/\/saudi-dates.com\/product\/flocons-davoine-au-millet-maamoula-sans-sucre\/"},"modified":"2025-02-19T19:34:25","modified_gmt":"2025-02-19T16:34:25","slug":"flocons-davoine-au-millet-maamoula-sans-sucre","status":"publish","type":"product","link":"https:\/\/saudi-dates.com\/fr\/produit\/flocons-davoine-au-millet-maamoula-sans-sucre\/","title":{"rendered":"Flocons d&#8217;avoine au millet Maamoula sans sucre"},"content":{"rendered":"<h3 class=\"ql-direction-rtl\"><strong>Flocons d&#8217;avoine au millet Maamoula sans sucre  <\/strong><\/h3>\n<h3 class=\"ql-direction-rtl\"><strong>Sp\u00e9cifications de l&#8217;omelette Maamoul<\/strong><\/h3>\n<p class=\"ql-direction-rtl\"><strong>Nom du produit :<\/strong> Maamoul Al Ajwa avec du millet<\/p>\n<p class=\"ql-direction-rtl\"><strong>La marque :<\/strong> Elite Dates<\/p>\n<p class=\"ql-direction-rtl\"><strong>Type :<\/strong> Omelette Maamoul<\/p>\n<p class=\"ql-direction-rtl\"><strong>Taille :<\/strong> Moyen<\/p>\n<p class=\"ql-direction-rtl\"><strong>Poids :<\/strong> 500 grammes<\/p>\n<p class=\"ql-direction-rtl\"><strong>Utilisations :<\/strong> Le millet sans sucre Ojwa Maamoul peut \u00eatre utilis\u00e9 comme un d\u00e9licieux petit-d\u00e9jeuner, un en-cas entre les repas, un cadeau pr\u00e9cieux pour les occasions, un en-cas pour les enfants et les travailleurs, un ingr\u00e9dient suppl\u00e9mentaire dans une vari\u00e9t\u00e9 de recettes, et une option appropri\u00e9e pour ceux qui aiment \u00eatre actifs.     <\/p>\n","protected":false},"excerpt":{"rendered":"<h2 class=\"ql-align-center ql-direction-rtl text-center\"><span style=\"font-size: 12px;\"><strong>Pudding de millet sans sucre &#8211; l&#8217;en-cas id\u00e9al \u00e0 tout moment<\/strong><\/span><\/h2>\n","protected":false},"featured_media":48207,"template":"","meta":[],"product_brand":[],"product_cat":[2308],"product_tag":[2190,2210],"class_list":{"0":"post-53053","1":"product","2":"type-product","3":"status-publish","4":"has-post-thumbnail","6":"product_cat-deyafa","7":"product_tag-_-fr","8":"product_tag--fr","10":"first","11":"instock","12":"shipping-taxable","13":"purchasable","14":"product-type-simple"},"aioseo_notices":[],"_links":{"self":[{"href":"https:\/\/saudi-dates.com\/fr\/wp-json\/wp\/v2\/product\/53053","targetHints":{"allow":["GET"]}}],"collection":[{"href":"https:\/\/saudi-dates.com\/fr\/wp-json\/wp\/v2\/product"}],"about":[{"href":"https:\/\/saudi-dates.com\/fr\/wp-json\/wp\/v2\/types\/product"}],"version-history":[{"count":0,"href":"https:\/\/saudi-dates.com\/fr\/wp-json\/wp\/v2\/product\/53053\/revisions"}],"wp:featuredmedia":[{"embeddable":true,"href":"https:\/\/saudi-dates.com\/fr\/wp-json\/wp\/v2\/media\/48207"}],"wp:attachment":[{"href":"https:\/\/saudi-dates.com\/fr\/wp-json\/wp\/v2\/media?parent=53053"}],"wp:term":[{"taxonomy":"product_brand","embeddable":true,"href":"https:\/\/saudi-dates.com\/fr\/wp-json\/wp\/v2\/product_brand?post=53053"},{"taxonomy":"product_cat","embeddable":true,"href":"https:\/\/saudi-dates.com\/fr\/wp-json\/wp\/v2\/product_cat?post=53053"},{"taxonomy":"product_tag","embeddable":true,"href":"https:\/\/saudi-dates.com\/fr\/wp-json\/wp\/v2\/product_tag?post=53053"}],"curies":[{"name":"wp","href":"https:\/\/api.w.org\/{rel}","templated":true}]}}