{"id":53048,"date":"2025-02-19T19:34:25","date_gmt":"2025-02-19T16:34:25","guid":{"rendered":"https:\/\/saudi-dates.com\/product\/majmoul-al-ajwa-a-la-farine-et-a-la-nigelle-nigella\/"},"modified":"2025-02-19T19:34:25","modified_gmt":"2025-02-19T16:34:25","slug":"majmoul-al-ajwa-a-la-farine-et-a-la-nigelle-nigella","status":"publish","type":"product","link":"https:\/\/saudi-dates.com\/fr\/produit\/majmoul-al-ajwa-a-la-farine-et-a-la-nigelle-nigella\/","title":{"rendered":"Majmoul Al Ajwa \u00e0 la farine et \u00e0 la Nigelle Nigella"},"content":{"rendered":"<h3 class=\"ql-direction-rtl\"><strong>Majmoul Al Ajwa \u00e0 la farine et \u00e0 la Nigelle Nigella<\/strong><\/h3>\n<h3 class=\"ql-direction-rtl\"><strong>Sp\u00e9cifications d&#8217;Alajwa Maamoul<\/strong><\/h3>\n<p class=\"ql-direction-rtl\"><strong>Nom du produit :<\/strong> Maamoul Al Ajwa \u00e0 la farine et \u00e0 la nigelle<\/p>\n<p class=\"ql-direction-rtl\"><strong>La marque :<\/strong> Elite Dates<\/p>\n<p class=\"ql-direction-rtl\"><strong>Type :<\/strong> Omelette Maamoul<\/p>\n<p class=\"ql-direction-rtl\"><strong>Taille :<\/strong> Moyen<\/p>\n<p class=\"ql-direction-rtl\"><strong>Poids : <\/strong>500 grammes<\/p>\n<p class=\"ql-direction-rtl\"><strong>Le public cible :<\/strong> Toutes les cat\u00e9gories<\/p>\n<p class=\"ql-direction-rtl\"><strong>Section :<\/strong> Dates<\/p>\n<p class=\"ql-direction-rtl\">Le Majmoul al-Ajwa \u00e0 base de farine et de nigelle est utilis\u00e9 comme petit-d\u00e9jeuner sp\u00e9cial. Une d\u00e9licieuse collation. Un cadeau luxueux pour vos amis et votre famille. Une excellente option pour les voyageurs.<\/p>\n","protected":false},"excerpt":{"rendered":"<h2 class=\"ql-direction-rtl ql-align-center\"><span style=\"font-size: 13px;\"><strong>Majmoul Al Ajwa avec farine et Nigelle Nigella &#8211; pour des repas pleins d&#8217;\u00e9nergie et de saveur<\/strong><\/span><\/h2>\n","protected":false},"featured_media":48232,"template":"","meta":[],"product_brand":[],"product_cat":[2308],"product_tag":[2190,2210],"class_list":{"0":"post-53048","1":"product","2":"type-product","3":"status-publish","4":"has-post-thumbnail","6":"product_cat-deyafa","7":"product_tag-_-fr","8":"product_tag--fr","10":"first","11":"instock","12":"shipping-taxable","13":"purchasable","14":"product-type-simple"},"aioseo_notices":[],"_links":{"self":[{"href":"https:\/\/saudi-dates.com\/fr\/wp-json\/wp\/v2\/product\/53048","targetHints":{"allow":["GET"]}}],"collection":[{"href":"https:\/\/saudi-dates.com\/fr\/wp-json\/wp\/v2\/product"}],"about":[{"href":"https:\/\/saudi-dates.com\/fr\/wp-json\/wp\/v2\/types\/product"}],"version-history":[{"count":0,"href":"https:\/\/saudi-dates.com\/fr\/wp-json\/wp\/v2\/product\/53048\/revisions"}],"wp:featuredmedia":[{"embeddable":true,"href":"https:\/\/saudi-dates.com\/fr\/wp-json\/wp\/v2\/media\/48232"}],"wp:attachment":[{"href":"https:\/\/saudi-dates.com\/fr\/wp-json\/wp\/v2\/media?parent=53048"}],"wp:term":[{"taxonomy":"product_brand","embeddable":true,"href":"https:\/\/saudi-dates.com\/fr\/wp-json\/wp\/v2\/product_brand?post=53048"},{"taxonomy":"product_cat","embeddable":true,"href":"https:\/\/saudi-dates.com\/fr\/wp-json\/wp\/v2\/product_cat?post=53048"},{"taxonomy":"product_tag","embeddable":true,"href":"https:\/\/saudi-dates.com\/fr\/wp-json\/wp\/v2\/product_tag?post=53048"}],"curies":[{"name":"wp","href":"https:\/\/api.w.org\/{rel}","templated":true}]}}