{"id":53043,"date":"2025-02-19T19:34:25","date_gmt":"2025-02-19T16:34:25","guid":{"rendered":"https:\/\/saudi-dates.com\/product\/maamoul-aux-flocons-davoine-et-a-la-cardamome\/"},"modified":"2025-02-19T19:34:25","modified_gmt":"2025-02-19T16:34:25","slug":"maamoul-aux-flocons-davoine-et-a-la-cardamome","status":"publish","type":"product","link":"https:\/\/saudi-dates.com\/fr\/produit\/maamoul-aux-flocons-davoine-et-a-la-cardamome\/","title":{"rendered":"Maamoul aux flocons d&#8217;avoine et \u00e0 la cardamome"},"content":{"rendered":"<h3 class=\"ql-direction-rtl\"><strong>Maamoul aux flocons d&#8217;avoine et \u00e0 la cardamome  <\/strong><\/h3>\n<h3 class=\"ql-direction-rtl\"><strong>Sp\u00e9cifications<\/strong><\/h3>\n<p class=\"ql-direction-rtl\"><strong>Nom du produit :<\/strong> Maamoul Al Madinah Cardamome<\/p>\n<p class=\"ql-direction-rtl\">La <strong>marque<\/strong>: Elite Dates<\/p>\n<p class=\"ql-direction-rtl\"><strong>Poids<\/strong>: 500 grammes<\/p>\n<p class=\"ql-direction-rtl\"><strong>Type<\/strong>: Maamoul fourr\u00e9 de Medina Agwa m\u00e9lang\u00e9 \u00e0 la saveur aromatique de la cardamome.<\/p>\n<p class=\"ql-direction-rtl\"><strong>Utilisations<\/strong>: Id\u00e9al pour les r\u00e9ceptions, les en-cas entre les repas, une alternative aux desserts, pour les f\u00eates et les occasions sp\u00e9ciales.<\/p>\n","protected":false},"excerpt":{"rendered":"<h2 class=\"ql-direction-rtl ql-align-center\"><span style=\"font-size: 13px;\"><strong>Al Ajwa Cardamom Maamoul &#8211; le choix id\u00e9al pour les amateurs des meilleures dattes de la ville<\/strong><\/span><\/h2>\n","protected":false},"featured_media":48257,"template":"","meta":[],"product_brand":[],"product_cat":[2308],"product_tag":[2210],"class_list":{"0":"post-53043","1":"product","2":"type-product","3":"status-publish","4":"has-post-thumbnail","6":"product_cat-deyafa","7":"product_tag--fr","9":"first","10":"instock","11":"shipping-taxable","12":"purchasable","13":"product-type-simple"},"aioseo_notices":[],"_links":{"self":[{"href":"https:\/\/saudi-dates.com\/fr\/wp-json\/wp\/v2\/product\/53043","targetHints":{"allow":["GET"]}}],"collection":[{"href":"https:\/\/saudi-dates.com\/fr\/wp-json\/wp\/v2\/product"}],"about":[{"href":"https:\/\/saudi-dates.com\/fr\/wp-json\/wp\/v2\/types\/product"}],"version-history":[{"count":0,"href":"https:\/\/saudi-dates.com\/fr\/wp-json\/wp\/v2\/product\/53043\/revisions"}],"wp:featuredmedia":[{"embeddable":true,"href":"https:\/\/saudi-dates.com\/fr\/wp-json\/wp\/v2\/media\/48257"}],"wp:attachment":[{"href":"https:\/\/saudi-dates.com\/fr\/wp-json\/wp\/v2\/media?parent=53043"}],"wp:term":[{"taxonomy":"product_brand","embeddable":true,"href":"https:\/\/saudi-dates.com\/fr\/wp-json\/wp\/v2\/product_brand?post=53043"},{"taxonomy":"product_cat","embeddable":true,"href":"https:\/\/saudi-dates.com\/fr\/wp-json\/wp\/v2\/product_cat?post=53043"},{"taxonomy":"product_tag","embeddable":true,"href":"https:\/\/saudi-dates.com\/fr\/wp-json\/wp\/v2\/product_tag?post=53043"}],"curies":[{"name":"wp","href":"https:\/\/api.w.org\/{rel}","templated":true}]}}