{"id":52914,"date":"2025-02-19T19:42:08","date_gmt":"2025-02-19T16:42:08","guid":{"rendered":"https:\/\/saudi-dates.com\/product\/medina-ojwa-500g\/"},"modified":"2025-02-19T19:42:08","modified_gmt":"2025-02-19T16:42:08","slug":"medina-ojwa-500g","status":"publish","type":"product","link":"https:\/\/saudi-dates.com\/fr\/produit\/medina-ojwa-500g\/","title":{"rendered":"Medina Ojwa 500g"},"content":{"rendered":"<p>Caract\u00e9ris\u00e9es par leur forme ronde, leur couleur noire et leur go\u00fbt particulier, les dattes Medina Ajwa font partie des meilleurs types de dattes que les p\u00e8lerins viennent chercher \u00e0 Medina pendant la saison du Hajj. <\/p>\n<p>&nbsp;<\/p>\n","protected":false},"excerpt":{"rendered":"<p>L&#8217;ojwa est riche en glucides et en vitamines et contient du calcium et du magn\u00e9sium.<\/p>\n","protected":false},"featured_media":47518,"template":"","meta":[],"product_brand":[],"product_cat":[],"product_tag":[2190],"class_list":{"0":"post-52914","1":"product","2":"type-product","3":"status-publish","4":"has-post-thumbnail","6":"product_tag-_-fr","8":"first","9":"instock","10":"shipping-taxable","11":"purchasable","12":"product-type-simple"},"aioseo_notices":[],"_links":{"self":[{"href":"https:\/\/saudi-dates.com\/fr\/wp-json\/wp\/v2\/product\/52914","targetHints":{"allow":["GET"]}}],"collection":[{"href":"https:\/\/saudi-dates.com\/fr\/wp-json\/wp\/v2\/product"}],"about":[{"href":"https:\/\/saudi-dates.com\/fr\/wp-json\/wp\/v2\/types\/product"}],"version-history":[{"count":0,"href":"https:\/\/saudi-dates.com\/fr\/wp-json\/wp\/v2\/product\/52914\/revisions"}],"wp:featuredmedia":[{"embeddable":true,"href":"https:\/\/saudi-dates.com\/fr\/wp-json\/wp\/v2\/media\/47518"}],"wp:attachment":[{"href":"https:\/\/saudi-dates.com\/fr\/wp-json\/wp\/v2\/media?parent=52914"}],"wp:term":[{"taxonomy":"product_brand","embeddable":true,"href":"https:\/\/saudi-dates.com\/fr\/wp-json\/wp\/v2\/product_brand?post=52914"},{"taxonomy":"product_cat","embeddable":true,"href":"https:\/\/saudi-dates.com\/fr\/wp-json\/wp\/v2\/product_cat?post=52914"},{"taxonomy":"product_tag","embeddable":true,"href":"https:\/\/saudi-dates.com\/fr\/wp-json\/wp\/v2\/product_tag?post=52914"}],"curies":[{"name":"wp","href":"https:\/\/api.w.org\/{rel}","templated":true}]}}