{"id":52894,"date":"2025-02-19T19:42:08","date_gmt":"2025-02-19T16:42:08","guid":{"rendered":"https:\/\/saudi-dates.com\/product\/dattes-hachees-400g\/"},"modified":"2025-02-19T19:42:08","modified_gmt":"2025-02-19T16:42:08","slug":"dattes-hachees-400g","status":"publish","type":"product","link":"https:\/\/saudi-dates.com\/fr\/produit\/dattes-hachees-400g\/","title":{"rendered":"Dattes hach\u00e9es 400g"},"content":{"rendered":"","protected":false},"excerpt":{"rendered":"<p>Les dattes Mabrum sont d&#8217;excellentes vari\u00e9t\u00e9s, caract\u00e9ris\u00e9es par leur forme allong\u00e9e et leur couleur rouge. Elles sont consid\u00e9r\u00e9es comme l&#8217;une des dattes les plus qualitatives et les plus savoureuses et pr\u00e9sentent de nombreux avantages pour la sant\u00e9.<\/p>\n","protected":false},"featured_media":47576,"template":"","meta":[],"product_brand":[],"product_cat":[1869],"product_tag":[2165],"class_list":{"0":"post-52894","1":"product","2":"type-product","3":"status-publish","4":"has-post-thumbnail","6":"product_cat-dattes-de-najran","7":"product_tag-_-fr","9":"first","10":"instock","11":"shipping-taxable","12":"purchasable","13":"product-type-simple"},"aioseo_notices":[],"_links":{"self":[{"href":"https:\/\/saudi-dates.com\/fr\/wp-json\/wp\/v2\/product\/52894","targetHints":{"allow":["GET"]}}],"collection":[{"href":"https:\/\/saudi-dates.com\/fr\/wp-json\/wp\/v2\/product"}],"about":[{"href":"https:\/\/saudi-dates.com\/fr\/wp-json\/wp\/v2\/types\/product"}],"version-history":[{"count":0,"href":"https:\/\/saudi-dates.com\/fr\/wp-json\/wp\/v2\/product\/52894\/revisions"}],"wp:featuredmedia":[{"embeddable":true,"href":"https:\/\/saudi-dates.com\/fr\/wp-json\/wp\/v2\/media\/47576"}],"wp:attachment":[{"href":"https:\/\/saudi-dates.com\/fr\/wp-json\/wp\/v2\/media?parent=52894"}],"wp:term":[{"taxonomy":"product_brand","embeddable":true,"href":"https:\/\/saudi-dates.com\/fr\/wp-json\/wp\/v2\/product_brand?post=52894"},{"taxonomy":"product_cat","embeddable":true,"href":"https:\/\/saudi-dates.com\/fr\/wp-json\/wp\/v2\/product_cat?post=52894"},{"taxonomy":"product_tag","embeddable":true,"href":"https:\/\/saudi-dates.com\/fr\/wp-json\/wp\/v2\/product_tag?post=52894"}],"curies":[{"name":"wp","href":"https:\/\/api.w.org\/{rel}","templated":true}]}}