{"id":52873,"date":"2025-02-19T20:52:34","date_gmt":"2025-02-19T17:52:34","guid":{"rendered":"https:\/\/saudi-dates.com\/product\/dattes-a-sucre-farcies-au-lotus\/"},"modified":"2025-02-19T20:52:34","modified_gmt":"2025-02-19T17:52:34","slug":"dattes-a-sucre-farcies-au-lotus","status":"publish","type":"product","link":"https:\/\/saudi-dates.com\/fr\/produit\/dattes-a-sucre-farcies-au-lotus\/","title":{"rendered":"Dattes \u00e0 sucre farcies au lotus"},"content":{"rendered":"<p>Dattes \u00e0 sucre farcies au lotus<\/p>\n<p>&nbsp;<\/p>\n<p><strong>Une saveur merveilleuse et unique :<\/strong><\/p>\n<ul>\n<li class=\"ql-indent-1\">Les dattes de sucre ont une saveur merveilleuse et, lorsqu&#8217;elles sont remplies d&#8217;ar\u00f4me de lotus, elles deviennent irr\u00e9sistibles.  <\/li>\n<\/ul>\n<p><strong>Rempli de pr\u00e9cision et de qualit\u00e9 :<\/strong><\/p>\n<ul>\n<li class=\"ql-indent-1\">Chacune de ces dattes Lotus est soigneusement remplie de lotus, vous offrant une exp\u00e9rience d\u00e9licieuse et \u00e9quilibr\u00e9e \u00e0 chaque fois que vous les d\u00e9gustez. <\/li>\n<\/ul>\n<p><strong>Une exp\u00e9rience luxueuse et nourrissante :<\/strong><\/p>\n<ul>\n<li class=\"ql-indent-1\">Les dattes sont tr\u00e8s nutritives et lorsqu&#8217;elles sont remplies de lotus, elles ajoutent une valeur nutritive et un luxe suppl\u00e9mentaires.  <\/li>\n<\/ul>\n<p><strong>Des moments de plaisir :<\/strong><\/p>\n<ul>\n<li class=\"ql-indent-1\">Laissez les dattes Lotus vous emmener dans un voyage d\u00e9licieux et appr\u00e9ciez chaque touche, ce qui en fait un choix parfait \u00e0 savourer \u00e0 tout moment de la journ\u00e9e. <\/li>\n<\/ul>\n<p><strong>Vivez une exp\u00e9rience unique et luxueuse avec les dattes fourr\u00e9es au lotus, et laissez leur go\u00fbt d\u00e9licieux captiver vos sens et vous procurer de v\u00e9ritables moments de plaisir ! <\/strong><\/p>\n","protected":false},"excerpt":{"rendered":"<p>Appr\u00e9ciez un soup\u00e7on de luxe et de saveur avec nos dattes farcies au lotus, o\u00f9 la douceur naturelle des dattes rencontre la saveur riche et cr\u00e9meuse du lotus. \u00c9quilibre parfait entre la douceur naturelle des dattes et la saveur unique du lotus, ces dattes offrent une exp\u00e9rience inoubliable \u00e0 chaque fois que vous les touchez.   <\/p>\n","protected":false},"featured_media":46256,"template":"","meta":[],"product_brand":[2183],"product_cat":[1843],"product_tag":[2137,2184,2175],"class_list":{"0":"post-52873","1":"product","2":"type-product","3":"status-publish","4":"has-post-thumbnail","6":"product_brand-dates-de-medine","7":"product_cat-diabete","8":"product_tag-_-fr","10":"product_tag--fr","12":"first","13":"instock","14":"sale","15":"sold-individually","16":"shipping-taxable","17":"purchasable","18":"product-type-variable"},"aioseo_notices":[],"_links":{"self":[{"href":"https:\/\/saudi-dates.com\/fr\/wp-json\/wp\/v2\/product\/52873","targetHints":{"allow":["GET"]}}],"collection":[{"href":"https:\/\/saudi-dates.com\/fr\/wp-json\/wp\/v2\/product"}],"about":[{"href":"https:\/\/saudi-dates.com\/fr\/wp-json\/wp\/v2\/types\/product"}],"version-history":[{"count":0,"href":"https:\/\/saudi-dates.com\/fr\/wp-json\/wp\/v2\/product\/52873\/revisions"}],"wp:featuredmedia":[{"embeddable":true,"href":"https:\/\/saudi-dates.com\/fr\/wp-json\/wp\/v2\/media\/46256"}],"wp:attachment":[{"href":"https:\/\/saudi-dates.com\/fr\/wp-json\/wp\/v2\/media?parent=52873"}],"wp:term":[{"taxonomy":"product_brand","embeddable":true,"href":"https:\/\/saudi-dates.com\/fr\/wp-json\/wp\/v2\/product_brand?post=52873"},{"taxonomy":"product_cat","embeddable":true,"href":"https:\/\/saudi-dates.com\/fr\/wp-json\/wp\/v2\/product_cat?post=52873"},{"taxonomy":"product_tag","embeddable":true,"href":"https:\/\/saudi-dates.com\/fr\/wp-json\/wp\/v2\/product_tag?post=52873"}],"curies":[{"name":"wp","href":"https:\/\/api.w.org\/{rel}","templated":true}]}}