{"id":52813,"date":"2025-02-19T19:42:33","date_gmt":"2025-02-19T16:42:33","guid":{"rendered":"https:\/\/saudi-dates.com\/product\/al-awali-ojwa-paquet-de-1000g\/"},"modified":"2025-02-19T19:42:33","modified_gmt":"2025-02-19T16:42:33","slug":"al-awali-ojwa-paquet-de-1000g","status":"publish","type":"product","link":"https:\/\/saudi-dates.com\/fr\/produit\/al-awali-ojwa-paquet-de-1000g\/","title":{"rendered":"Al Awali Ojwa paquet de 1000g"},"content":{"rendered":"","protected":false},"excerpt":{"rendered":"<p>Ajwa est soigneusement s\u00e9lectionn\u00e9 dans les fermes d&#8217;Al Alia, situ\u00e9es pr\u00e8s de la mosqu\u00e9e Quba et de la r\u00e9gion d&#8217;Al Awali, qui se caract\u00e9risent par une eau de puits douce, des terres fertiles et un sol b\u00e9ni.<\/p>\n","protected":false},"featured_media":47689,"template":"","meta":[],"product_brand":[],"product_cat":[],"product_tag":[2170],"class_list":{"0":"post-52813","1":"product","2":"type-product","3":"status-publish","4":"has-post-thumbnail","6":"product_tag-__-fr","8":"first","9":"instock","10":"shipping-taxable","11":"purchasable","12":"product-type-simple"},"aioseo_notices":[],"_links":{"self":[{"href":"https:\/\/saudi-dates.com\/fr\/wp-json\/wp\/v2\/product\/52813","targetHints":{"allow":["GET"]}}],"collection":[{"href":"https:\/\/saudi-dates.com\/fr\/wp-json\/wp\/v2\/product"}],"about":[{"href":"https:\/\/saudi-dates.com\/fr\/wp-json\/wp\/v2\/types\/product"}],"version-history":[{"count":0,"href":"https:\/\/saudi-dates.com\/fr\/wp-json\/wp\/v2\/product\/52813\/revisions"}],"wp:featuredmedia":[{"embeddable":true,"href":"https:\/\/saudi-dates.com\/fr\/wp-json\/wp\/v2\/media\/47689"}],"wp:attachment":[{"href":"https:\/\/saudi-dates.com\/fr\/wp-json\/wp\/v2\/media?parent=52813"}],"wp:term":[{"taxonomy":"product_brand","embeddable":true,"href":"https:\/\/saudi-dates.com\/fr\/wp-json\/wp\/v2\/product_brand?post=52813"},{"taxonomy":"product_cat","embeddable":true,"href":"https:\/\/saudi-dates.com\/fr\/wp-json\/wp\/v2\/product_cat?post=52813"},{"taxonomy":"product_tag","embeddable":true,"href":"https:\/\/saudi-dates.com\/fr\/wp-json\/wp\/v2\/product_tag?post=52813"}],"curies":[{"name":"wp","href":"https:\/\/api.w.org\/{rel}","templated":true}]}}