{"id":39736,"date":"2025-01-18T19:03:16","date_gmt":"2025-01-18T16:03:16","guid":{"rendered":"https:\/\/saudi-gift.com\/product\/bouquet-de-noix-et-de-dattes-3kg\/"},"modified":"2025-02-27T14:35:30","modified_gmt":"2025-02-27T11:35:30","slug":"bouquet-de-noix-et-de-dattes-3kg","status":"publish","type":"product","link":"https:\/\/saudi-dates.com\/fr\/produit\/bouquet-de-noix-et-de-dattes-3kg\/","title":{"rendered":"Bouquet de noix et de dattes (3kg)"},"content":{"rendered":"<article id=\"more-content\" class=\"full-description details opt-text relative overflow-hidden transition-all duration-300\">Bouquet de noix et de dattes (3kg)  <\/article>\n<article class=\"full-description details opt-text relative overflow-hidden transition-all duration-300\">  Les dattes et les noix ont \u00e9t\u00e9 soigneusement s\u00e9lectionn\u00e9es pour garantir une qualit\u00e9 et une saveur exceptionnelles, ce qui les rend id\u00e9ales pour les occasions sp\u00e9ciales ou comme cadeau de luxe. Un emballage \u00e9l\u00e9gant pour ajouter une touche de luxe  <\/article>\n","protected":false},"excerpt":{"rendered":"<p>Le bouquet de dattes aux noix m\u00e9lang\u00e9es offre la combinaison parfaite de la douceur des dattes de premi\u00e8re qualit\u00e9 et du croquant des noix m\u00e9lang\u00e9es.<\/p>\n","protected":false},"featured_media":46568,"template":"","meta":[],"product_brand":[],"product_cat":[1859],"product_tag":[2136,2138],"class_list":{"0":"post-39736","1":"product","2":"type-product","3":"status-publish","4":"has-post-thumbnail","6":"product_cat-dattes-de-medine","7":"product_tag--fr","8":"product_tag-_-fr","10":"first","11":"instock","12":"sale","13":"shipping-taxable","14":"purchasable","15":"product-type-simple"},"aioseo_notices":[],"_links":{"self":[{"href":"https:\/\/saudi-dates.com\/fr\/wp-json\/wp\/v2\/product\/39736","targetHints":{"allow":["GET"]}}],"collection":[{"href":"https:\/\/saudi-dates.com\/fr\/wp-json\/wp\/v2\/product"}],"about":[{"href":"https:\/\/saudi-dates.com\/fr\/wp-json\/wp\/v2\/types\/product"}],"version-history":[{"count":0,"href":"https:\/\/saudi-dates.com\/fr\/wp-json\/wp\/v2\/product\/39736\/revisions"}],"wp:featuredmedia":[{"embeddable":true,"href":"https:\/\/saudi-dates.com\/fr\/wp-json\/wp\/v2\/media\/46568"}],"wp:attachment":[{"href":"https:\/\/saudi-dates.com\/fr\/wp-json\/wp\/v2\/media?parent=39736"}],"wp:term":[{"taxonomy":"product_brand","embeddable":true,"href":"https:\/\/saudi-dates.com\/fr\/wp-json\/wp\/v2\/product_brand?post=39736"},{"taxonomy":"product_cat","embeddable":true,"href":"https:\/\/saudi-dates.com\/fr\/wp-json\/wp\/v2\/product_cat?post=39736"},{"taxonomy":"product_tag","embeddable":true,"href":"https:\/\/saudi-dates.com\/fr\/wp-json\/wp\/v2\/product_tag?post=39736"}],"curies":[{"name":"wp","href":"https:\/\/api.w.org\/{rel}","templated":true}]}}