{"id":39721,"date":"2025-01-18T19:10:12","date_gmt":"2025-01-18T16:10:12","guid":{"rendered":"https:\/\/saudi-gift.com\/product\/bouquet-de-fantaisie-saqi-3-kilo\/"},"modified":"2025-02-27T14:37:04","modified_gmt":"2025-02-27T11:37:04","slug":"bouquet-de-fantaisie-saqi-3-kilo","status":"publish","type":"product","link":"https:\/\/saudi-dates.com\/fr\/produit\/bouquet-de-fantaisie-saqi-3-kilo\/","title":{"rendered":"Bouquet de fantaisie Saqi (3 Kilo)"},"content":{"rendered":"<article id=\"more-content\" class=\"full-description details opt-text relative overflow-hidden transition-all duration-300\">Fancy Saqi Bouquet (3 Kilo)  <\/article>\n<article class=\"full-description details opt-text relative overflow-hidden transition-all duration-300\">Les dattes Saqi&#8217;i ont un go\u00fbt mod\u00e9r\u00e9ment sucr\u00e9 et une saveur riche, avec une texture ferme et une forme distinctive. Les dattes sont soigneusement s\u00e9lectionn\u00e9es pour vous offrir la meilleure exp\u00e9rience de d\u00e9gustation et sont pr\u00e9sent\u00e9es dans un emballage luxueux qui refl\u00e8te la qualit\u00e9 et l&#8217;authenticit\u00e9 du produit. Ce bouquet est un choix parfait pour enrichir n&#8217;importe quelle occasion ou comme cadeau attentionn\u00e9 pour un \u00eatre cher.    <\/article>\n","protected":false},"excerpt":{"rendered":"<p>Le bouquet de dattes Al Saqi vous offre une exp\u00e9rience exceptionnelle avec des dattes de premi\u00e8re qualit\u00e9.<\/p>\n","protected":false},"featured_media":46604,"template":"","meta":[],"product_brand":[],"product_cat":[1859],"product_tag":[2143,2136],"class_list":{"0":"post-39721","1":"product","2":"type-product","3":"status-publish","4":"has-post-thumbnail","6":"product_cat-dattes-de-medine","7":"product_tag-_-fr","8":"product_tag--fr","10":"first","11":"instock","12":"sale","13":"shipping-taxable","14":"purchasable","15":"product-type-simple"},"aioseo_notices":[],"_links":{"self":[{"href":"https:\/\/saudi-dates.com\/fr\/wp-json\/wp\/v2\/product\/39721","targetHints":{"allow":["GET"]}}],"collection":[{"href":"https:\/\/saudi-dates.com\/fr\/wp-json\/wp\/v2\/product"}],"about":[{"href":"https:\/\/saudi-dates.com\/fr\/wp-json\/wp\/v2\/types\/product"}],"version-history":[{"count":0,"href":"https:\/\/saudi-dates.com\/fr\/wp-json\/wp\/v2\/product\/39721\/revisions"}],"wp:featuredmedia":[{"embeddable":true,"href":"https:\/\/saudi-dates.com\/fr\/wp-json\/wp\/v2\/media\/46604"}],"wp:attachment":[{"href":"https:\/\/saudi-dates.com\/fr\/wp-json\/wp\/v2\/media?parent=39721"}],"wp:term":[{"taxonomy":"product_brand","embeddable":true,"href":"https:\/\/saudi-dates.com\/fr\/wp-json\/wp\/v2\/product_brand?post=39721"},{"taxonomy":"product_cat","embeddable":true,"href":"https:\/\/saudi-dates.com\/fr\/wp-json\/wp\/v2\/product_cat?post=39721"},{"taxonomy":"product_tag","embeddable":true,"href":"https:\/\/saudi-dates.com\/fr\/wp-json\/wp\/v2\/product_tag?post=39721"}],"curies":[{"name":"wp","href":"https:\/\/api.w.org\/{rel}","templated":true}]}}