{"id":39716,"date":"2025-01-18T19:10:23","date_gmt":"2025-01-18T16:10:23","guid":{"rendered":"https:\/\/saudi-gift.com\/product\/bouquet-fantaisie-safawi-3kg\/"},"modified":"2025-03-01T13:02:07","modified_gmt":"2025-03-01T10:02:07","slug":"bouquet-fantaisie-safawi-3kg","status":"publish","type":"product","link":"https:\/\/saudi-dates.com\/fr\/produit\/bouquet-fantaisie-safawi-3kg\/","title":{"rendered":"Bouquet fantaisie Safawi (3kg)"},"content":{"rendered":"<article id=\"more-content\" class=\"full-description details opt-text relative overflow-hidden transition-all duration-300\">Bouquet fantaisie Safawi (3kg)<\/article>\n<article class=\"full-description details opt-text relative overflow-hidden transition-all duration-300\">Avec leur saveur riche et leur texture douce, les dattes Safawi sont un excellent choix. Les dattes ont \u00e9t\u00e9 soigneusement s\u00e9lectionn\u00e9es pour garantir une qualit\u00e9 et une saveur optimales. L&#8217;emballage \u00e9l\u00e9gant refl\u00e8te l&#8217;authenticit\u00e9 et la splendeur du produit, ce qui en fait un cadeau id\u00e9al.    <\/article>\n","protected":false},"excerpt":{"rendered":"<p>Le bouquet de dattes Safawi vous offre une exp\u00e9rience luxueuse avec les meilleures dattes saoudiennes.<\/p>\n","protected":false},"featured_media":46616,"template":"","meta":[],"product_brand":[],"product_cat":[1859],"product_tag":[2150,2136],"class_list":{"0":"post-39716","1":"product","2":"type-product","3":"status-publish","4":"has-post-thumbnail","6":"product_cat-dattes-de-medine","7":"product_tag-_-fr","8":"product_tag--fr","10":"first","11":"instock","12":"sale","13":"shipping-taxable","14":"purchasable","15":"product-type-simple"},"aioseo_notices":[],"_links":{"self":[{"href":"https:\/\/saudi-dates.com\/fr\/wp-json\/wp\/v2\/product\/39716","targetHints":{"allow":["GET"]}}],"collection":[{"href":"https:\/\/saudi-dates.com\/fr\/wp-json\/wp\/v2\/product"}],"about":[{"href":"https:\/\/saudi-dates.com\/fr\/wp-json\/wp\/v2\/types\/product"}],"version-history":[{"count":0,"href":"https:\/\/saudi-dates.com\/fr\/wp-json\/wp\/v2\/product\/39716\/revisions"}],"wp:featuredmedia":[{"embeddable":true,"href":"https:\/\/saudi-dates.com\/fr\/wp-json\/wp\/v2\/media\/46616"}],"wp:attachment":[{"href":"https:\/\/saudi-dates.com\/fr\/wp-json\/wp\/v2\/media?parent=39716"}],"wp:term":[{"taxonomy":"product_brand","embeddable":true,"href":"https:\/\/saudi-dates.com\/fr\/wp-json\/wp\/v2\/product_brand?post=39716"},{"taxonomy":"product_cat","embeddable":true,"href":"https:\/\/saudi-dates.com\/fr\/wp-json\/wp\/v2\/product_cat?post=39716"},{"taxonomy":"product_tag","embeddable":true,"href":"https:\/\/saudi-dates.com\/fr\/wp-json\/wp\/v2\/product_tag?post=39716"}],"curies":[{"name":"wp","href":"https:\/\/api.w.org\/{rel}","templated":true}]}}