{"id":39698,"date":"2025-01-22T13:46:04","date_gmt":"2025-01-22T10:46:04","guid":{"rendered":"https:\/\/saudi-gift.com\/product\/ambre-gris-luxueux-400g\/"},"modified":"2025-02-27T15:58:43","modified_gmt":"2025-02-27T12:58:43","slug":"ambre-gris-luxueux-400g","status":"publish","type":"product","link":"https:\/\/saudi-dates.com\/fr\/produit\/ambre-gris-luxueux-400g\/","title":{"rendered":"Ambre gris luxueux &#8211; 400g"},"content":{"rendered":"<p>Dattes ambr\u00e9es &#8211; 400g<\/p>\n<ul>\n<li>On l&#8217;appelle la date des rois.<\/li>\n<li>Haute qualit\u00e9 avec un toucher doux et sec.<\/li>\n<li class=\"ql-align-right\">Aide \u00e0 tuer les vers et \u00e0 se d\u00e9barrasser des germes.<\/li>\n<li class=\"ql-align-right\">Gu\u00e9rit et d\u00e9toxifie le foie.<\/li>\n<li class=\"ql-align-right\">Contribue au traitement du chol\u00e9ra.<\/li>\n<li class=\"ql-align-right\">Il traite la constipation.<\/li>\n<li class=\"ql-align-right\">Il est utile pour traiter l&#8217;hypertension art\u00e9rielle.<\/li>\n<li class=\"ql-align-right\">Utile pour la diur\u00e8se.<\/li>\n<li class=\"ql-align-right\">Prot\u00e8ge l&#8217;organisme contre l&#8217;infarctus du myocarde.<\/li>\n<li class=\"ql-align-right\">B\u00e9n\u00e9fique pour l&#8217;organisme en cas d&#8217;an\u00e9mie.<\/li>\n<li class=\"ql-align-right\">Contribue au traitement du venin de serpent.<\/li>\n<\/ul>\n","protected":false},"excerpt":{"rendered":"<p>Le deuxi\u00e8me type de dates de M\u00e9dine le plus r\u00e9pandu apr\u00e8s al-Ajwa<\/p>\n","protected":false},"featured_media":46832,"template":"","meta":[],"product_brand":[],"product_cat":[1859],"product_tag":[2158,2195,2200],"class_list":{"0":"post-39698","1":"product","2":"type-product","3":"status-publish","4":"has-post-thumbnail","6":"product_cat-dattes-de-medine","7":"product_tag--fr","8":"product_tag-_-fr","11":"first","12":"instock","13":"shipping-taxable","14":"purchasable","15":"product-type-simple"},"aioseo_notices":[],"_links":{"self":[{"href":"https:\/\/saudi-dates.com\/fr\/wp-json\/wp\/v2\/product\/39698","targetHints":{"allow":["GET"]}}],"collection":[{"href":"https:\/\/saudi-dates.com\/fr\/wp-json\/wp\/v2\/product"}],"about":[{"href":"https:\/\/saudi-dates.com\/fr\/wp-json\/wp\/v2\/types\/product"}],"version-history":[{"count":0,"href":"https:\/\/saudi-dates.com\/fr\/wp-json\/wp\/v2\/product\/39698\/revisions"}],"wp:featuredmedia":[{"embeddable":true,"href":"https:\/\/saudi-dates.com\/fr\/wp-json\/wp\/v2\/media\/46832"}],"wp:attachment":[{"href":"https:\/\/saudi-dates.com\/fr\/wp-json\/wp\/v2\/media?parent=39698"}],"wp:term":[{"taxonomy":"product_brand","embeddable":true,"href":"https:\/\/saudi-dates.com\/fr\/wp-json\/wp\/v2\/product_brand?post=39698"},{"taxonomy":"product_cat","embeddable":true,"href":"https:\/\/saudi-dates.com\/fr\/wp-json\/wp\/v2\/product_cat?post=39698"},{"taxonomy":"product_tag","embeddable":true,"href":"https:\/\/saudi-dates.com\/fr\/wp-json\/wp\/v2\/product_tag?post=39698"}],"curies":[{"name":"wp","href":"https:\/\/api.w.org\/{rel}","templated":true}]}}