{"id":39676,"date":"2025-01-22T14:17:56","date_gmt":"2025-01-22T11:17:56","guid":{"rendered":"https:\/\/saudi-gift.com\/product\/carton-36-boites-3tm-ajwa-aux-amandes-et-a-la-cardamome\/"},"modified":"2025-02-27T16:10:42","modified_gmt":"2025-02-27T13:10:42","slug":"carton-36-boites-3tm-ajwa-aux-amandes-et-a-la-cardamome","status":"publish","type":"product","link":"https:\/\/saudi-dates.com\/fr\/produit\/carton-36-boites-3tm-ajwa-aux-amandes-et-a-la-cardamome\/","title":{"rendered":"Carton 36 bo\u00eetes 3TM Ajwa aux amandes et \u00e0 la cardamome"},"content":{"rendered":"<p>Carton 36 bo\u00eetes 3TM Ajwa aux amandes et \u00e0 la cardamome<\/p>\n<p>&nbsp;<\/p>\n<p>Saad ibn Abi Waqqas (qu&#8217;Allah le b\u00e9nisse et lui accorde la paix) a rapport\u00e9 du Proph\u00e8te (que la pri\u00e8re et la paix d&#8217;Allah soient sur lui) qu&#8217;il a dit :<\/p>\n<p>(Celui qui mange sept dattes juteuses le matin ne sera pas atteint par le poison ou la magie ce jour-l\u00e0).  <\/p>\n","protected":false},"excerpt":{"rendered":"<p>Nettoy\u00e9, st\u00e9rilis\u00e9 et thermoform\u00e9.<\/p>\n<p>Taille des perles Moyenne<\/p>\n","protected":false},"featured_media":46881,"template":"","meta":[],"product_brand":[],"product_cat":[1859],"product_tag":[2195,2190],"class_list":{"0":"post-39676","1":"product","2":"type-product","3":"status-publish","4":"has-post-thumbnail","6":"product_cat-dattes-de-medine","7":"product_tag-_-fr","10":"first","11":"instock","12":"shipping-taxable","13":"purchasable","14":"product-type-simple"},"aioseo_notices":[],"_links":{"self":[{"href":"https:\/\/saudi-dates.com\/fr\/wp-json\/wp\/v2\/product\/39676","targetHints":{"allow":["GET"]}}],"collection":[{"href":"https:\/\/saudi-dates.com\/fr\/wp-json\/wp\/v2\/product"}],"about":[{"href":"https:\/\/saudi-dates.com\/fr\/wp-json\/wp\/v2\/types\/product"}],"version-history":[{"count":0,"href":"https:\/\/saudi-dates.com\/fr\/wp-json\/wp\/v2\/product\/39676\/revisions"}],"wp:featuredmedia":[{"embeddable":true,"href":"https:\/\/saudi-dates.com\/fr\/wp-json\/wp\/v2\/media\/46881"}],"wp:attachment":[{"href":"https:\/\/saudi-dates.com\/fr\/wp-json\/wp\/v2\/media?parent=39676"}],"wp:term":[{"taxonomy":"product_brand","embeddable":true,"href":"https:\/\/saudi-dates.com\/fr\/wp-json\/wp\/v2\/product_brand?post=39676"},{"taxonomy":"product_cat","embeddable":true,"href":"https:\/\/saudi-dates.com\/fr\/wp-json\/wp\/v2\/product_cat?post=39676"},{"taxonomy":"product_tag","embeddable":true,"href":"https:\/\/saudi-dates.com\/fr\/wp-json\/wp\/v2\/product_tag?post=39676"}],"curies":[{"name":"wp","href":"https:\/\/api.w.org\/{rel}","templated":true}]}}