{"id":39615,"date":"2025-01-22T14:58:49","date_gmt":"2025-01-22T11:58:49","guid":{"rendered":"https:\/\/saudi-gift.com\/product\/offre-de-luxe\/"},"modified":"2025-02-27T12:51:59","modified_gmt":"2025-02-27T09:51:59","slug":"offre-de-luxe","status":"publish","type":"product","link":"https:\/\/saudi-dates.com\/fr\/produit\/offre-de-luxe\/","title":{"rendered":"Offre de luxe"},"content":{"rendered":"<p>L&#8217;offre de luxe contient : Ajwa aux amandes et \u00e0 la cardamome 500g Ajwa aux pistaches 500g Sucre fractur\u00e9 aux amandes et \u00e0 la cardamome 500g Dattes Maamoul Alajwa 500g Tahini au s\u00e9same 200g M\u00e9lasse de dattes 250g<\/p>\n","protected":false},"excerpt":{"rendered":"<p>L&#8217;offre de luxe contient : Ajwa aux amandes et \u00e0 la cardamome 500g Ajwa aux pistaches 500g Sucre fractur\u00e9 aux<\/p>\n","protected":false},"featured_media":39519,"template":"","meta":[],"product_brand":[],"product_cat":[1859],"product_tag":[],"class_list":{"0":"post-39615","1":"product","2":"type-product","3":"status-publish","4":"has-post-thumbnail","6":"product_cat-dattes-de-medine","8":"first","9":"instock","10":"sale","11":"shipping-taxable","12":"purchasable","13":"product-type-simple"},"aioseo_notices":[],"_links":{"self":[{"href":"https:\/\/saudi-dates.com\/fr\/wp-json\/wp\/v2\/product\/39615","targetHints":{"allow":["GET"]}}],"collection":[{"href":"https:\/\/saudi-dates.com\/fr\/wp-json\/wp\/v2\/product"}],"about":[{"href":"https:\/\/saudi-dates.com\/fr\/wp-json\/wp\/v2\/types\/product"}],"version-history":[{"count":0,"href":"https:\/\/saudi-dates.com\/fr\/wp-json\/wp\/v2\/product\/39615\/revisions"}],"wp:featuredmedia":[{"embeddable":true,"href":"https:\/\/saudi-dates.com\/fr\/wp-json\/wp\/v2\/media\/39519"}],"wp:attachment":[{"href":"https:\/\/saudi-dates.com\/fr\/wp-json\/wp\/v2\/media?parent=39615"}],"wp:term":[{"taxonomy":"product_brand","embeddable":true,"href":"https:\/\/saudi-dates.com\/fr\/wp-json\/wp\/v2\/product_brand?post=39615"},{"taxonomy":"product_cat","embeddable":true,"href":"https:\/\/saudi-dates.com\/fr\/wp-json\/wp\/v2\/product_cat?post=39615"},{"taxonomy":"product_tag","embeddable":true,"href":"https:\/\/saudi-dates.com\/fr\/wp-json\/wp\/v2\/product_tag?post=39615"}],"curies":[{"name":"wp","href":"https:\/\/api.w.org\/{rel}","templated":true}]}}