{"id":39227,"date":"2025-01-18T18:34:07","date_gmt":"2025-01-18T15:34:07","guid":{"rendered":"https:\/\/saudi-gift.com\/product\/omelette-premium-2kg\/"},"modified":"2025-02-27T14:34:00","modified_gmt":"2025-02-27T11:34:00","slug":"omelette-premium-2kg","status":"publish","type":"product","link":"https:\/\/saudi-dates.com\/fr\/produit\/omelette-premium-2kg\/","title":{"rendered":"Omelette Premium (2kg)"},"content":{"rendered":"<article id=\"more-content\" class=\"full-description details opt-text relative overflow-hidden transition-all duration-300\">\n<p style=\"text-align: right;\">Omelette Premium (2kg)<\/p>\n<p style=\"text-align: right;\">Les dattes Al Ajwa sont cultiv\u00e9es dans les fermes Elixir \u00e0 M\u00e9dine, o\u00f9 elles sont soigneusement s\u00e9lectionn\u00e9es pour garantir leur haute qualit\u00e9, leur go\u00fbt d\u00e9licieux et leurs nombreux bienfaits pour la sant\u00e9.<\/p>\n<p style=\"text-align: right;\">Comment conserver les dates<\/p>\n<p style=\"text-align: right;\">Conservez les dattes dans un endroit frais et sec pour pr\u00e9server leur saveur et leur qualit\u00e9.<\/p>\n<h5 style=\"text-align: right;\">Connues pour \u00eatre l&#8217;une des meilleures entreprises combinant la culture, la production et la vente de d\u00e9licieuses dattes, les dattes Elixir sont produites \u00e0 l&#8217;aide de m\u00e9thodes agricoles modernes et durables qui garantissent le go\u00fbt et la qualit\u00e9 de chaque datte.<\/h5>\n<\/article>\n<section class=\"weight details\">\n<div class=\"details__wrapper \"><\/div>\n<\/section>\n<section class=\"sticky-product-bar bg-white da-bgg p-5 mt-4 rounded-md \">\n<div class=\"container flex flex-col md:flex-row justify-between items-center gap-2 md:gap-4\">\n<div class=\"mob:!hidden flex gap-4 w-2\/3\" style=\"text-align: right;\"><\/div>\n<\/div>\n<\/section>\n","protected":false},"excerpt":{"rendered":"<p>Original Al Ajwa Dates Ce produit contient 2 kilos des c\u00e9l\u00e8bres dattes Al Ajwa de M\u00e9dine.<\/p>\n","protected":false},"featured_media":46514,"template":"","meta":[],"product_brand":[],"product_cat":[1859],"product_tag":[2158,2190],"class_list":{"0":"post-39227","1":"product","2":"type-product","3":"status-publish","4":"has-post-thumbnail","6":"product_cat-dattes-de-medine","7":"product_tag--fr","8":"product_tag-_-fr","10":"first","11":"instock","12":"sale","13":"shipping-taxable","14":"purchasable","15":"product-type-simple"},"aioseo_notices":[],"_links":{"self":[{"href":"https:\/\/saudi-dates.com\/fr\/wp-json\/wp\/v2\/product\/39227","targetHints":{"allow":["GET"]}}],"collection":[{"href":"https:\/\/saudi-dates.com\/fr\/wp-json\/wp\/v2\/product"}],"about":[{"href":"https:\/\/saudi-dates.com\/fr\/wp-json\/wp\/v2\/types\/product"}],"version-history":[{"count":0,"href":"https:\/\/saudi-dates.com\/fr\/wp-json\/wp\/v2\/product\/39227\/revisions"}],"wp:featuredmedia":[{"embeddable":true,"href":"https:\/\/saudi-dates.com\/fr\/wp-json\/wp\/v2\/media\/46514"}],"wp:attachment":[{"href":"https:\/\/saudi-dates.com\/fr\/wp-json\/wp\/v2\/media?parent=39227"}],"wp:term":[{"taxonomy":"product_brand","embeddable":true,"href":"https:\/\/saudi-dates.com\/fr\/wp-json\/wp\/v2\/product_brand?post=39227"},{"taxonomy":"product_cat","embeddable":true,"href":"https:\/\/saudi-dates.com\/fr\/wp-json\/wp\/v2\/product_cat?post=39227"},{"taxonomy":"product_tag","embeddable":true,"href":"https:\/\/saudi-dates.com\/fr\/wp-json\/wp\/v2\/product_tag?post=39227"}],"curies":[{"name":"wp","href":"https:\/\/api.w.org\/{rel}","templated":true}]}}