{"id":39145,"date":"2024-12-25T17:36:38","date_gmt":"2024-12-25T14:36:38","guid":{"rendered":"https:\/\/saudi-gift.com\/product\/dattes-melangees-plain-et-mahshi-dish\/"},"modified":"2024-12-25T17:36:38","modified_gmt":"2024-12-25T14:36:38","slug":"dattes-melangees-plain-et-mahshi-dish","status":"publish","type":"product","link":"https:\/\/saudi-dates.com\/fr\/produit\/dattes-melangees-plain-et-mahshi-dish\/","title":{"rendered":"Dattes m\u00e9lang\u00e9es Plain et Mahshi Dish"},"content":{"rendered":"<p>Ces dattes farcies sont la combinaison parfaite de saveurs riches et d&#8217;ingr\u00e9dients nutritionnels homog\u00e8nes, ce qui en fait un choix id\u00e9al pour satisfaire vos envies nutritionnelles et ajouter une touche d\u00e9licieuse \u00e0 votre temps. <\/p>\n<p>&nbsp;<\/p>\n<p><strong>Valeur nutritionnelle :<\/strong><\/p>\n<ul>\n<li class=\"ql-indent-1\">Les dattes sont une riche source de vitamines et de min\u00e9raux, tandis que les garnitures et les noix apportent des prot\u00e9ines, des graisses saines et des fibres.  <\/li>\n<\/ul>\n<p><strong>Ingr\u00e9dients naturels :<\/strong><\/p>\n<ul>\n<li class=\"ql-indent-1\">Ces dattes ne contiennent que des ingr\u00e9dients naturels et sains, sans conservateurs ajout\u00e9s. <\/li>\n<\/ul>\n<p><strong>Convient \u00e0 tout moment :<\/strong><\/p>\n<ul>\n<li class=\"ql-indent-1\">Ces dattes constituent un choix id\u00e9al pour un en-cas sain ou un en-cas \u00e9nerg\u00e9tique pour un regain d&#8217;\u00e9nergie au cours de la journ\u00e9e.<\/li>\n<\/ul>\n","protected":false},"excerpt":{"rendered":"<p><strong>Vivez une exp\u00e9rience unique et distinctive avec notre gamme de dattes farcies aromatis\u00e9es et profitez de leur haute valeur nutritionnelle \u00e0 chaque repas ! <\/strong><\/p>\n<p>&nbsp;<\/p>\n","protected":false},"featured_media":46052,"template":"","meta":[],"product_brand":[],"product_cat":[15],"product_tag":[],"class_list":{"0":"post-39145","1":"product","2":"type-product","3":"status-publish","4":"has-post-thumbnail","6":"product_cat-15","8":"first","9":"instock","10":"sold-individually","11":"shipping-taxable","12":"purchasable","13":"product-type-variable"},"aioseo_notices":[],"_links":{"self":[{"href":"https:\/\/saudi-dates.com\/fr\/wp-json\/wp\/v2\/product\/39145","targetHints":{"allow":["GET"]}}],"collection":[{"href":"https:\/\/saudi-dates.com\/fr\/wp-json\/wp\/v2\/product"}],"about":[{"href":"https:\/\/saudi-dates.com\/fr\/wp-json\/wp\/v2\/types\/product"}],"version-history":[{"count":0,"href":"https:\/\/saudi-dates.com\/fr\/wp-json\/wp\/v2\/product\/39145\/revisions"}],"wp:featuredmedia":[{"embeddable":true,"href":"https:\/\/saudi-dates.com\/fr\/wp-json\/wp\/v2\/media\/46052"}],"wp:attachment":[{"href":"https:\/\/saudi-dates.com\/fr\/wp-json\/wp\/v2\/media?parent=39145"}],"wp:term":[{"taxonomy":"product_brand","embeddable":true,"href":"https:\/\/saudi-dates.com\/fr\/wp-json\/wp\/v2\/product_brand?post=39145"},{"taxonomy":"product_cat","embeddable":true,"href":"https:\/\/saudi-dates.com\/fr\/wp-json\/wp\/v2\/product_cat?post=39145"},{"taxonomy":"product_tag","embeddable":true,"href":"https:\/\/saudi-dates.com\/fr\/wp-json\/wp\/v2\/product_tag?post=39145"}],"curies":[{"name":"wp","href":"https:\/\/api.w.org\/{rel}","templated":true}]}}