{"id":38546,"date":"2024-12-26T14:43:07","date_gmt":"2024-12-26T11:43:07","guid":{"rendered":"https:\/\/saudi-gift.com\/product\/dattes-au-sucre-rape-fantaisie\/"},"modified":"2024-12-26T14:43:07","modified_gmt":"2024-12-26T11:43:07","slug":"dattes-au-sucre-rape-fantaisie","status":"publish","type":"product","link":"https:\/\/saudi-dates.com\/fr\/produit\/dattes-au-sucre-rape-fantaisie\/","title":{"rendered":"Dattes au sucre r\u00e2p\u00e9 fantaisie"},"content":{"rendered":"<p class=\"ql-direction-rtl\"><strong>Dattes au sucre fantaisie  <\/strong><\/p>\n<p>&nbsp;<\/p>\n<p class=\"ql-direction-rtl\"><strong>Comment conserver plus longtemps vos dattes diab\u00e9tiques ?<\/strong><\/p>\n<p class=\"ql-direction-rtl\">Pour prolonger la dur\u00e9e de vie de vos dattes, \u00e9vitez de les laver \u00e0 l&#8217;eau, sauf avant de les utiliser. Les dattes se conservent pendant des semaines, mais si vous voulez les garder pendant des mois, couvrez-les et congelez-les.    <\/p>\n<p class=\"ql-direction-rtl\"><strong>Pourquoi acheter des dattes au sucre de palme Asalah ?<\/strong><\/p>\n<p class=\"ql-direction-rtl\">&#8211; Toutes les dattes d&#8217;Asalah Palm Farms sont de la plus haute qualit\u00e9.<\/p>\n<p class=\"ql-direction-rtl\">&#8211; Toutes les dattes de l&#8217;Asala Al Nakheel sont 100% naturelles.<\/p>\n<p class=\"ql-direction-rtl\">&#8211; Toutes nos dattes sont nettoy\u00e9es, tri\u00e9es et emball\u00e9es dans des bo\u00eetes herm\u00e9tiques.<\/p>\n<p class=\"ql-direction-rtl\">&#8211; Toutes nos dates sont tri\u00e9es sur le volet et s\u00e9lectionn\u00e9es avec soin.<\/p>\n","protected":false},"excerpt":{"rendered":"<p class=\"ql-direction-rtl\">Les <strong>dattes Sukari r\u00e2p\u00e9es<\/strong> ont des noyaux de taille moyenne \u00e0 grande et sont l&#8217;un des types de dattes Sukari les plus populaires. Les dattes r\u00e2p\u00e9es sont celles dont la peau a \u00e9t\u00e9 r\u00e2p\u00e9e et coll\u00e9e \u00e0 la datte, et dont la texture se situe entre le mou et le sec.   <\/p>\n<p>&nbsp;<\/p>\n<p>&nbsp;<\/p>\n<p><strong><span style=\"font-size: 17px;\">Enrob\u00e9 de pilule ?<\/span><\/strong><\/p>\n","protected":false},"featured_media":46220,"template":"","meta":[],"product_brand":[],"product_cat":[15],"product_tag":[],"class_list":{"0":"post-38546","1":"product","2":"type-product","3":"status-publish","4":"has-post-thumbnail","6":"product_cat-15","8":"first","9":"instock","10":"sold-individually","11":"shipping-taxable","12":"purchasable","13":"product-type-variable"},"aioseo_notices":[],"_links":{"self":[{"href":"https:\/\/saudi-dates.com\/fr\/wp-json\/wp\/v2\/product\/38546","targetHints":{"allow":["GET"]}}],"collection":[{"href":"https:\/\/saudi-dates.com\/fr\/wp-json\/wp\/v2\/product"}],"about":[{"href":"https:\/\/saudi-dates.com\/fr\/wp-json\/wp\/v2\/types\/product"}],"version-history":[{"count":0,"href":"https:\/\/saudi-dates.com\/fr\/wp-json\/wp\/v2\/product\/38546\/revisions"}],"wp:featuredmedia":[{"embeddable":true,"href":"https:\/\/saudi-dates.com\/fr\/wp-json\/wp\/v2\/media\/46220"}],"wp:attachment":[{"href":"https:\/\/saudi-dates.com\/fr\/wp-json\/wp\/v2\/media?parent=38546"}],"wp:term":[{"taxonomy":"product_brand","embeddable":true,"href":"https:\/\/saudi-dates.com\/fr\/wp-json\/wp\/v2\/product_brand?post=38546"},{"taxonomy":"product_cat","embeddable":true,"href":"https:\/\/saudi-dates.com\/fr\/wp-json\/wp\/v2\/product_cat?post=38546"},{"taxonomy":"product_tag","embeddable":true,"href":"https:\/\/saudi-dates.com\/fr\/wp-json\/wp\/v2\/product_tag?post=38546"}],"curies":[{"name":"wp","href":"https:\/\/api.w.org\/{rel}","templated":true}]}}