{"id":38461,"date":"2024-12-26T16:22:03","date_gmt":"2024-12-26T13:22:03","guid":{"rendered":"https:\/\/saudi-gift.com\/product\/sukkari-farci-damandes-douces\/"},"modified":"2024-12-26T16:22:03","modified_gmt":"2024-12-26T13:22:03","slug":"sukkari-farci-damandes-douces","status":"publish","type":"product","link":"https:\/\/saudi-dates.com\/fr\/produit\/sukkari-farci-damandes-douces\/","title":{"rendered":"Sukkari farci d&#8217;amandes douces"},"content":{"rendered":"<p>Avec leur belle couleur orange fonc\u00e9 et leur ar\u00f4me unique, ces dattes ne sont pas seulement un repas, mais une exp\u00e9rience inoubliable. Laissez la richesse des amandes et la douceur des dattes vous emmener dans un voyage de saveurs.  <\/p>\n<p><strong>Une grande saveur qui met l&#8217;eau \u00e0 la bouche :<\/strong><\/p>\n<ul>\n<li class=\"ql-indent-1\">Les dattes sucr\u00e9es sont d\u00e9licieusement douces et sal\u00e9es, et se marient parfaitement avec la douceur des amandes. <\/li>\n<\/ul>\n<p><strong>Rempli avec soin et pr\u00e9cision :<\/strong><\/p>\n<ul>\n<li class=\"ql-indent-1\">Chacune de ces dattes est m\u00e9ticuleusement emball\u00e9e avec des amandes fines, ce qui leur conf\u00e8re une touche de sophistication et de luxe. <\/li>\n<\/ul>\n<p><strong>Go\u00fbt unique et nutritif :<\/strong><\/p>\n<ul>\n<li class=\"ql-indent-1\">Les dattes sont riches en de nombreux nutriments essentiels \u00e0 la sant\u00e9 de l&#8217;organisme, en plus des bienfaits des amandes douces pour le c\u0153ur et la sant\u00e9 en g\u00e9n\u00e9ral. <\/li>\n<\/ul>\n<p><strong>Des moments de douceur et de bonheur :<\/strong><\/p>\n<ul>\n<li class=\"ql-indent-1\">Laissez-vous entra\u00eener par ces dattes dans un voyage de douceur et de bonheur o\u00f9 chaque touche de saveur vous fera vivre des moments exceptionnels et inoubliables. <\/li>\n<\/ul>\n<p><strong>D\u00e9couvrez un aper\u00e7u du luxe et de la d\u00e9licatesse avec les dattes Sukkari farcies d&#8217;amandes douces, et profitez d&#8217;une exp\u00e9rience in\u00e9gal\u00e9e \u00e0 chaque fois que vous les savourez ! <\/strong><\/p>\n","protected":false},"excerpt":{"rendered":"<p>Une exp\u00e9rience luxueuse et app\u00e9tissante sans pareille, les dattes Sukkari fourr\u00e9es aux amandes ont une texture douce et tendre et sont remplies d&#8217;amandes douces et cr\u00e9meuses. <\/p>\n<p>&nbsp;<\/p>\n<p>&nbsp;<\/p>\n<p><strong><span style=\"font-size: 17px\">Enrob\u00e9 de pilule ?<\/span><\/strong><\/p>\n","protected":false},"featured_media":46286,"template":"","meta":[],"product_brand":[],"product_cat":[15],"product_tag":[2137,2136,2138],"class_list":{"0":"post-38461","1":"product","2":"type-product","3":"status-publish","4":"has-post-thumbnail","6":"product_cat-15","7":"product_tag-_-fr","8":"product_tag--fr","11":"first","12":"instock","13":"sale","14":"sold-individually","15":"shipping-taxable","16":"purchasable","17":"product-type-variable"},"aioseo_notices":[],"_links":{"self":[{"href":"https:\/\/saudi-dates.com\/fr\/wp-json\/wp\/v2\/product\/38461","targetHints":{"allow":["GET"]}}],"collection":[{"href":"https:\/\/saudi-dates.com\/fr\/wp-json\/wp\/v2\/product"}],"about":[{"href":"https:\/\/saudi-dates.com\/fr\/wp-json\/wp\/v2\/types\/product"}],"version-history":[{"count":0,"href":"https:\/\/saudi-dates.com\/fr\/wp-json\/wp\/v2\/product\/38461\/revisions"}],"wp:featuredmedia":[{"embeddable":true,"href":"https:\/\/saudi-dates.com\/fr\/wp-json\/wp\/v2\/media\/46286"}],"wp:attachment":[{"href":"https:\/\/saudi-dates.com\/fr\/wp-json\/wp\/v2\/media?parent=38461"}],"wp:term":[{"taxonomy":"product_brand","embeddable":true,"href":"https:\/\/saudi-dates.com\/fr\/wp-json\/wp\/v2\/product_brand?post=38461"},{"taxonomy":"product_cat","embeddable":true,"href":"https:\/\/saudi-dates.com\/fr\/wp-json\/wp\/v2\/product_cat?post=38461"},{"taxonomy":"product_tag","embeddable":true,"href":"https:\/\/saudi-dates.com\/fr\/wp-json\/wp\/v2\/product_tag?post=38461"}],"curies":[{"name":"wp","href":"https:\/\/api.w.org\/{rel}","templated":true}]}}