{"id":38409,"date":"2024-12-26T16:54:52","date_gmt":"2024-12-26T13:54:52","guid":{"rendered":"https:\/\/saudi-gift.com\/product\/sucre-au-tahini-et-au-sesame\/"},"modified":"2024-12-26T16:54:52","modified_gmt":"2024-12-26T13:54:52","slug":"sucre-au-tahini-et-au-sesame","status":"publish","type":"product","link":"https:\/\/saudi-dates.com\/fr\/produit\/sucre-au-tahini-et-au-sesame\/","title":{"rendered":"Sucre au tahini et au s\u00e9same"},"content":{"rendered":"<p>Ces saveurs se m\u00e9langent dans un \u00e9quilibre parfait pour cr\u00e9er une exp\u00e9rience qui captive vos sens et rafra\u00eechit votre palais.<\/p>\n<p><strong>Saveur riche et \u00e9quilibr\u00e9e :<\/strong><\/p>\n<ul>\n<li class=\"ql-indent-1\">La douceur des dattes se combine au tahini cr\u00e9meux et aux graines de s\u00e9same grill\u00e9es, ce qui lui conf\u00e8re une saveur distinctive et bien \u00e9quilibr\u00e9e. <\/li>\n<\/ul>\n<p><strong>Rempli de pr\u00e9cision et de qualit\u00e9 :<\/strong><\/p>\n<ul>\n<li class=\"ql-indent-1\">Chacune de ces dattes est remplie de tahini et de s\u00e9same avec pr\u00e9cision et soin, vous offrant une exp\u00e9rience savoureuse et distinctive \u00e0 chaque contact. <\/li>\n<\/ul>\n<p><strong>Une source naturelle d&#8217;\u00e9nergie :<\/strong><\/p>\n<ul>\n<li class=\"ql-indent-1\">Les dattes contiennent de nombreux nutriments importants tels que des sucres naturels, des fibres, des vitamines et des min\u00e9raux, ce qui en fait une source d&#8217;\u00e9nergie id\u00e9ale. <\/li>\n<\/ul>\n<p><strong>Convient \u00e0 tout moment :<\/strong><\/p>\n<ul>\n<li class=\"ql-indent-1\">Ces dattes constituent un choix id\u00e9al pour un en-cas sain ou un en-cas \u00e9nerg\u00e9tique pour combler vos besoins nutritionnels \u00e0 tout moment de la journ\u00e9e.<\/li>\n<\/ul>\n<p><strong>Vivez une exp\u00e9rience unique et app\u00e9tissante avec les dattes Sukkari farcies au tahini et au s\u00e9same, et profitez de leur d\u00e9licieuse saveur qui captive vos sens et vous procure des moments inoubliables de plaisir et de volupt\u00e9 ! <\/strong><\/p>\n","protected":false},"excerpt":{"rendered":"<p>Profitez d&#8217;une exp\u00e9rience d\u00e9licieuse et nutritive avec nos dattes farcies au tahini et au s\u00e9same, o\u00f9 la douceur naturelle des dattes est combin\u00e9e \u00e0 la saveur cr\u00e9meuse du tahini et du s\u00e9same grill\u00e9. <\/p>\n<p>&nbsp;<\/p>\n<p>&nbsp;<\/p>\n<p><strong><span style=\"font-size: 17px\">Enrob\u00e9 de pilule ?<\/span><\/strong><\/p>\n","protected":false},"featured_media":46316,"template":"","meta":[],"product_brand":[],"product_cat":[15],"product_tag":[],"class_list":{"0":"post-38409","1":"product","2":"type-product","3":"status-publish","4":"has-post-thumbnail","6":"product_cat-15","8":"first","9":"instock","10":"sale","11":"sold-individually","12":"shipping-taxable","13":"purchasable","14":"product-type-variable"},"aioseo_notices":[],"_links":{"self":[{"href":"https:\/\/saudi-dates.com\/fr\/wp-json\/wp\/v2\/product\/38409","targetHints":{"allow":["GET"]}}],"collection":[{"href":"https:\/\/saudi-dates.com\/fr\/wp-json\/wp\/v2\/product"}],"about":[{"href":"https:\/\/saudi-dates.com\/fr\/wp-json\/wp\/v2\/types\/product"}],"version-history":[{"count":0,"href":"https:\/\/saudi-dates.com\/fr\/wp-json\/wp\/v2\/product\/38409\/revisions"}],"wp:featuredmedia":[{"embeddable":true,"href":"https:\/\/saudi-dates.com\/fr\/wp-json\/wp\/v2\/media\/46316"}],"wp:attachment":[{"href":"https:\/\/saudi-dates.com\/fr\/wp-json\/wp\/v2\/media?parent=38409"}],"wp:term":[{"taxonomy":"product_brand","embeddable":true,"href":"https:\/\/saudi-dates.com\/fr\/wp-json\/wp\/v2\/product_brand?post=38409"},{"taxonomy":"product_cat","embeddable":true,"href":"https:\/\/saudi-dates.com\/fr\/wp-json\/wp\/v2\/product_cat?post=38409"},{"taxonomy":"product_tag","embeddable":true,"href":"https:\/\/saudi-dates.com\/fr\/wp-json\/wp\/v2\/product_tag?post=38409"}],"curies":[{"name":"wp","href":"https:\/\/api.w.org\/{rel}","templated":true}]}}