{"id":38384,"date":"2024-12-26T17:21:48","date_gmt":"2024-12-26T14:21:48","guid":{"rendered":"https:\/\/saudi-gift.com\/product\/sucre-humide-a-la-noix-de-coco\/"},"modified":"2024-12-26T17:21:48","modified_gmt":"2024-12-26T14:21:48","slug":"sucre-humide-a-la-noix-de-coco","status":"publish","type":"product","link":"https:\/\/saudi-dates.com\/fr\/produit\/sucre-humide-a-la-noix-de-coco\/","title":{"rendered":"Sucre humide \u00e0 la noix de coco"},"content":{"rendered":"<p>Un \u00e9quilibre parfait entre la douceur naturelle des dattes et la saveur distinctive de la nargine, ces dattes sont un choix parfait \u00e0 savourer \u00e0 tout moment de la journ\u00e9e. <\/p>\n<p><strong>Une saveur merveilleuse et unique :<\/strong><\/p>\n<ul>\n<li class=\"ql-indent-1\">Les dattes de sucre sont d\u00e9licieuses, et lorsqu&#8217;elles sont remplies de cr\u00e8me de narguil\u00e9 et de graines de narguil\u00e9, elles se transforment en quelque chose d&#8217;irr\u00e9sistible.  <\/li>\n<\/ul>\n<p><strong>Rempli de pr\u00e9cision et de qualit\u00e9 :<\/strong><\/p>\n<ul>\n<li class=\"ql-indent-1\">Chacune de ces dattes est m\u00e9ticuleusement remplie de cr\u00e8me de nargine et de graines de nargine, vous offrant une exp\u00e9rience savoureuse et distinctive \u00e0 chaque contact. <\/li>\n<\/ul>\n<p><strong>Une exp\u00e9rience unique et agr\u00e9able :<\/strong><\/p>\n<ul>\n<li class=\"ql-indent-1\">Profitez d&#8217;un app\u00e9tit nouveau et innovant avec les dattes nargine farcies, et vivez une exp\u00e9rience amusante et savoureuse. <\/li>\n<\/ul>\n<p><strong>Une source naturelle d&#8217;\u00e9nergie :<\/strong><\/p>\n<ul>\n<li class=\"ql-indent-1\">Les dattes contiennent de nombreux nutriments importants tels que des sucres naturels, des fibres, des vitamines et des min\u00e9raux, ce qui en fait une source d&#8217;\u00e9nergie id\u00e9ale. <\/li>\n<\/ul>\n<p><strong>Vivez une exp\u00e9rience unique et succulente avec les dattes sucr\u00e9es remplies de cr\u00e8me de nargine et de graines de nargine, et profitez de leur go\u00fbt d\u00e9licieux qui captive vos sens et vous procure des moments inoubliables de plaisir et de volupt\u00e9 ! <\/strong><\/p>\n","protected":false},"excerpt":{"rendered":"<p>Profitez d&#8217;une exp\u00e9rience d\u00e9licieuse unique avec les dattes fourr\u00e9es \u00e0 la cr\u00e8me et les haricots Nargin, qui associent le go\u00fbt sucr\u00e9 et nutritif des dattes naturelles \u00e0 la saveur d\u00e9licieusement cr\u00e9meuse du Nargin. <\/p>\n<p>&nbsp;<\/p>\n<p>&nbsp;<\/p>\n<p><strong><span style=\"font-size: 17px\">Enrob\u00e9 de pilule ?<\/span><\/strong><\/p>\n","protected":false},"featured_media":46328,"template":"","meta":[],"product_brand":[],"product_cat":[15],"product_tag":[2137,2136,2138],"class_list":{"0":"post-38384","1":"product","2":"type-product","3":"status-publish","4":"has-post-thumbnail","6":"product_cat-15","7":"product_tag-_-fr","8":"product_tag--fr","11":"first","12":"instock","13":"sale","14":"sold-individually","15":"shipping-taxable","16":"purchasable","17":"product-type-variable"},"aioseo_notices":[],"_links":{"self":[{"href":"https:\/\/saudi-dates.com\/fr\/wp-json\/wp\/v2\/product\/38384","targetHints":{"allow":["GET"]}}],"collection":[{"href":"https:\/\/saudi-dates.com\/fr\/wp-json\/wp\/v2\/product"}],"about":[{"href":"https:\/\/saudi-dates.com\/fr\/wp-json\/wp\/v2\/types\/product"}],"version-history":[{"count":0,"href":"https:\/\/saudi-dates.com\/fr\/wp-json\/wp\/v2\/product\/38384\/revisions"}],"wp:featuredmedia":[{"embeddable":true,"href":"https:\/\/saudi-dates.com\/fr\/wp-json\/wp\/v2\/media\/46328"}],"wp:attachment":[{"href":"https:\/\/saudi-dates.com\/fr\/wp-json\/wp\/v2\/media?parent=38384"}],"wp:term":[{"taxonomy":"product_brand","embeddable":true,"href":"https:\/\/saudi-dates.com\/fr\/wp-json\/wp\/v2\/product_brand?post=38384"},{"taxonomy":"product_cat","embeddable":true,"href":"https:\/\/saudi-dates.com\/fr\/wp-json\/wp\/v2\/product_cat?post=38384"},{"taxonomy":"product_tag","embeddable":true,"href":"https:\/\/saudi-dates.com\/fr\/wp-json\/wp\/v2\/product_tag?post=38384"}],"curies":[{"name":"wp","href":"https:\/\/api.w.org\/{rel}","templated":true}]}}