{"id":38359,"date":"2024-12-26T17:30:39","date_gmt":"2024-12-26T14:30:39","guid":{"rendered":"https:\/\/saudi-gift.com\/product\/sajaqi-aux-amandes-et-a-la-cardamome\/"},"modified":"2024-12-26T17:30:39","modified_gmt":"2024-12-26T14:30:39","slug":"sajaqi-aux-amandes-et-a-la-cardamome","status":"publish","type":"product","link":"https:\/\/saudi-dates.com\/fr\/produit\/sajaqi-aux-amandes-et-a-la-cardamome\/","title":{"rendered":"Sajaqi aux amandes et \u00e0 la cardamome"},"content":{"rendered":"","protected":false},"excerpt":{"rendered":"<p>Les dattes Sakai farcies aux amandes et \u00e0 la cardamome sont une exp\u00e9rience irr\u00e9sistible, combinant le go\u00fbt naturel et riche en vitamines et min\u00e9raux des dattes avec une touche d&#8217;amandes croquantes et la saveur unique de la cardamome. <\/p>\n<p>&nbsp;<\/p>\n<p>&nbsp;<\/p>\n<p><strong><span style=\"font-size: 17px\">Enrob\u00e9 de pilule ?<\/span><\/strong><\/p>\n","protected":false},"featured_media":46340,"template":"","meta":[],"product_brand":[],"product_cat":[15],"product_tag":[2136,2138],"class_list":{"0":"post-38359","1":"product","2":"type-product","3":"status-publish","4":"has-post-thumbnail","6":"product_cat-15","7":"product_tag--fr","8":"product_tag-_-fr","10":"first","11":"instock","12":"sale","13":"sold-individually","14":"shipping-taxable","15":"purchasable","16":"product-type-variable"},"aioseo_notices":[],"_links":{"self":[{"href":"https:\/\/saudi-dates.com\/fr\/wp-json\/wp\/v2\/product\/38359","targetHints":{"allow":["GET"]}}],"collection":[{"href":"https:\/\/saudi-dates.com\/fr\/wp-json\/wp\/v2\/product"}],"about":[{"href":"https:\/\/saudi-dates.com\/fr\/wp-json\/wp\/v2\/types\/product"}],"version-history":[{"count":0,"href":"https:\/\/saudi-dates.com\/fr\/wp-json\/wp\/v2\/product\/38359\/revisions"}],"wp:featuredmedia":[{"embeddable":true,"href":"https:\/\/saudi-dates.com\/fr\/wp-json\/wp\/v2\/media\/46340"}],"wp:attachment":[{"href":"https:\/\/saudi-dates.com\/fr\/wp-json\/wp\/v2\/media?parent=38359"}],"wp:term":[{"taxonomy":"product_brand","embeddable":true,"href":"https:\/\/saudi-dates.com\/fr\/wp-json\/wp\/v2\/product_brand?post=38359"},{"taxonomy":"product_cat","embeddable":true,"href":"https:\/\/saudi-dates.com\/fr\/wp-json\/wp\/v2\/product_cat?post=38359"},{"taxonomy":"product_tag","embeddable":true,"href":"https:\/\/saudi-dates.com\/fr\/wp-json\/wp\/v2\/product_tag?post=38359"}],"curies":[{"name":"wp","href":"https:\/\/api.w.org\/{rel}","templated":true}]}}