{"id":43838,"date":"2021-08-26T09:00:47","date_gmt":"2021-08-26T06:00:47","guid":{"rendered":"https:\/\/saudi-dates.com\/foire-aux-questions-faq\/"},"modified":"2025-02-03T11:58:38","modified_gmt":"2025-02-03T08:58:38","slug":"foire-aux-questions-faq","status":"publish","type":"page","link":"https:\/\/saudi-dates.com\/fr\/foire-aux-questions-faq\/","title":{"rendered":"Foire aux questions (FAQ)"},"content":{"rendered":"\t\t<div data-elementor-type=\"wp-page\" data-elementor-id=\"43838\" class=\"elementor elementor-43838 elementor-618\">\n\t\t\t\t\t\t<section class=\"wd-negative-gap elementor-section elementor-top-section elementor-element elementor-element-6c6f2176 elementor-section-full_width elementor-section-stretched elementor-section-height-default elementor-section-height-default\" data-id=\"6c6f2176\" data-element_type=\"section\" data-e-type=\"section\" data-settings=\"{&quot;stretch_section&quot;:&quot;section-stretched&quot;}\">\n\t\t\t\t\t\t<div class=\"elementor-container elementor-column-gap-default\">\n\t\t\t\t\t<div class=\"elementor-column elementor-col-100 elementor-top-column elementor-element elementor-element-72b5da9\" data-id=\"72b5da9\" data-element_type=\"column\" data-e-type=\"column\">\n\t\t\t<div class=\"elementor-widget-wrap elementor-element-populated\">\n\t\t\t\t\t\t<div class=\"elementor-element elementor-element-6742b490 elementor-widget elementor-widget-accordion\" data-id=\"6742b490\" data-element_type=\"widget\" data-e-type=\"widget\" data-widget_type=\"accordion.default\">\n\t\t\t\t<div class=\"elementor-widget-container\">\n\t\t\t\t\t\t\t<div class=\"elementor-accordion\">\n\t\t\t\t\t\t\t<div class=\"elementor-accordion-item\">\n\t\t\t\t\t<div id=\"elementor-tab-title-1731\" class=\"elementor-tab-title\" data-tab=\"1\" role=\"button\" aria-controls=\"elementor-tab-content-1731\" aria-expanded=\"false\">\n\t\t\t\t\t\t\t\t\t\t\t\t<a class=\"elementor-accordion-title\" tabindex=\"0\">Quels types de dates proposez-vous ?<\/a>\n\t\t\t\t\t<\/div>\n\t\t\t\t\t<div id=\"elementor-tab-content-1731\" class=\"elementor-tab-content elementor-clearfix\" data-tab=\"1\" role=\"region\" aria-labelledby=\"elementor-tab-title-1731\"><p>Nous proposons une large gamme de dattes telles que Alajwa, Sukkari, Majdoul, Khalas, Barahi, ainsi que des dattes biologiques et des sp\u00e9cialit\u00e9s. <\/p>\n<\/div>\n\t\t\t\t<\/div>\n\t\t\t\t\t\t\t<div class=\"elementor-accordion-item\">\n\t\t\t\t\t<div id=\"elementor-tab-title-1732\" class=\"elementor-tab-title\" data-tab=\"2\" role=\"button\" aria-controls=\"elementor-tab-content-1732\" aria-expanded=\"false\">\n\t\t\t\t\t\t\t\t\t\t\t\t<a class=\"elementor-accordion-title\" tabindex=\"0\">Comment puis-je passer une commande sur votre site web ?<\/a>\n\t\t\t\t\t<\/div>\n\t\t\t\t\t<div id=\"elementor-tab-content-1732\" class=\"elementor-tab-content elementor-clearfix\" data-tab=\"2\" role=\"region\" aria-labelledby=\"elementor-tab-title-1732\"><p>Pour passer une commande, parcourez nos produits, choisissez le type que vous souhaitez, ajoutez-le au panier, puis suivez les \u00e9tapes de paiement pour confirmer la commande.    <\/p>\n<\/div>\n\t\t\t\t<\/div>\n\t\t\t\t\t\t\t<div class=\"elementor-accordion-item\">\n\t\t\t\t\t<div id=\"elementor-tab-title-1733\" class=\"elementor-tab-title\" data-tab=\"3\" role=\"button\" aria-controls=\"elementor-tab-content-1733\" aria-expanded=\"false\">\n\t\t\t\t\t\t\t\t\t\t\t\t<a class=\"elementor-accordion-title\" tabindex=\"0\">Proposez-vous un service de livraison ?<\/a>\n\t\t\t\t\t<\/div>\n\t\t\t\t\t<div id=\"elementor-tab-content-1733\" class=\"elementor-tab-content elementor-clearfix\" data-tab=\"3\" role=\"region\" aria-labelledby=\"elementor-tab-title-1733\"><p>Oui, nous assurons la livraison dans toutes les r\u00e9gions du Royaume et votre commande sera exp\u00e9di\u00e9e dans un d\u00e9lai de 1 \u00e0 3 jours ouvrables, en fonction du lieu.  <\/p>\n<\/div>\n\t\t\t\t<\/div>\n\t\t\t\t\t\t\t<div class=\"elementor-accordion-item\">\n\t\t\t\t\t<div id=\"elementor-tab-title-1734\" class=\"elementor-tab-title\" data-tab=\"4\" role=\"button\" aria-controls=\"elementor-tab-content-1734\" aria-expanded=\"false\">\n\t\t\t\t\t\t\t\t\t\t\t\t<a class=\"elementor-accordion-title\" tabindex=\"0\">Puis-je modifier ou annuler ma commande apr\u00e8s le paiement ?<\/a>\n\t\t\t\t\t<\/div>\n\t\t\t\t\t<div id=\"elementor-tab-content-1734\" class=\"elementor-tab-content elementor-clearfix\" data-tab=\"4\" role=\"region\" aria-labelledby=\"elementor-tab-title-1734\"><p>Nous travaillons rapidement pour traiter vos commandes, mais si vous souhaitez modifier ou annuler votre commande, veuillez nous contacter d\u00e8s que possible via la section Contactez-nous.  <\/p>\n<\/div>\n\t\t\t\t<\/div>\n\t\t\t\t\t\t\t<div class=\"elementor-accordion-item\">\n\t\t\t\t\t<div id=\"elementor-tab-title-1735\" class=\"elementor-tab-title\" data-tab=\"5\" role=\"button\" aria-controls=\"elementor-tab-content-1735\" aria-expanded=\"false\">\n\t\t\t\t\t\t\t\t\t\t\t\t<a class=\"elementor-accordion-title\" tabindex=\"0\">Proposez-vous des r\u00e9ductions ou des offres sp\u00e9ciales ?<\/a>\n\t\t\t\t\t<\/div>\n\t\t\t\t\t<div id=\"elementor-tab-content-1735\" class=\"elementor-tab-content elementor-clearfix\" data-tab=\"5\" role=\"region\" aria-labelledby=\"elementor-tab-title-1735\"><p>Oui, nous proposons de temps en temps des r\u00e9ductions et des offres sp\u00e9ciales sur un certain nombre de dates. Suivez-nous sur les m\u00e9dias sociaux pour conna\u00eetre les derni\u00e8res offres.  <\/p>\n<\/div>\n\t\t\t\t<\/div>\n\t\t\t\t\t\t\t<div class=\"elementor-accordion-item\">\n\t\t\t\t\t<div id=\"elementor-tab-title-1736\" class=\"elementor-tab-title\" data-tab=\"6\" role=\"button\" aria-controls=\"elementor-tab-content-1736\" aria-expanded=\"false\">\n\t\t\t\t\t\t\t\t\t\t\t\t<a class=\"elementor-accordion-title\" tabindex=\"0\">Puis-je retourner ou \u00e9changer mes dates ?<\/a>\n\t\t\t\t\t<\/div>\n\t\t\t\t\t<div id=\"elementor-tab-content-1736\" class=\"elementor-tab-content elementor-clearfix\" data-tab=\"6\" role=\"region\" aria-labelledby=\"elementor-tab-title-1736\"><p>Oui, vous pouvez retourner ou \u00e9changer des produits dans les 7 jours suivant la r\u00e9ception de la commande, \u00e0 condition que le produit soit dans son \u00e9tat d&#8217;origine.  <\/p>\n<\/div>\n\t\t\t\t<\/div>\n\t\t\t\t\t\t\t\t\t\t<script type=\"application\/ld+json\">{\"@context\":\"https:\\\/\\\/schema.org\",\"@type\":\"FAQPage\",\"mainEntity\":[{\"@type\":\"Question\",\"name\":\"Quels types de dates proposez-vous ?\",\"acceptedAnswer\":{\"@type\":\"Answer\",\"text\":\"<p>Nous proposons une large gamme de dattes telles que Alajwa, Sukkari, Majdoul, Khalas, Barahi, ainsi que des dattes biologiques et des sp\\u00e9cialit\\u00e9s. <\\\/p>\\n\"}},{\"@type\":\"Question\",\"name\":\"Comment puis-je passer une commande sur votre site web ?\",\"acceptedAnswer\":{\"@type\":\"Answer\",\"text\":\"<p>Pour passer une commande, parcourez nos produits, choisissez le type que vous souhaitez, ajoutez-le au panier, puis suivez les \\u00e9tapes de paiement pour confirmer la commande.    <\\\/p>\\n\"}},{\"@type\":\"Question\",\"name\":\"Proposez-vous un service de livraison ?\",\"acceptedAnswer\":{\"@type\":\"Answer\",\"text\":\"<p>Oui, nous assurons la livraison dans toutes les r\\u00e9gions du Royaume et votre commande sera exp\\u00e9di\\u00e9e dans un d\\u00e9lai de 1 \\u00e0 3 jours ouvrables, en fonction du lieu.  <\\\/p>\\n\"}},{\"@type\":\"Question\",\"name\":\"Puis-je modifier ou annuler ma commande apr\\u00e8s le paiement ?\",\"acceptedAnswer\":{\"@type\":\"Answer\",\"text\":\"<p>Nous travaillons rapidement pour traiter vos commandes, mais si vous souhaitez modifier ou annuler votre commande, veuillez nous contacter d\\u00e8s que possible via la section Contactez-nous.  <\\\/p>\\n\"}},{\"@type\":\"Question\",\"name\":\"Proposez-vous des r\\u00e9ductions ou des offres sp\\u00e9ciales ?\",\"acceptedAnswer\":{\"@type\":\"Answer\",\"text\":\"<p>Oui, nous proposons de temps en temps des r\\u00e9ductions et des offres sp\\u00e9ciales sur un certain nombre de dates. Suivez-nous sur les m\\u00e9dias sociaux pour conna\\u00eetre les derni\\u00e8res offres.  <\\\/p>\\n\"}},{\"@type\":\"Question\",\"name\":\"Puis-je retourner ou \\u00e9changer mes dates ?\",\"acceptedAnswer\":{\"@type\":\"Answer\",\"text\":\"<p>Oui, vous pouvez retourner ou \\u00e9changer des produits dans les 7 jours suivant la r\\u00e9ception de la commande, \\u00e0 condition que le produit soit dans son \\u00e9tat d&#8217;origine.  <\\\/p>\\n\"}}]}<\/script>\n\t\t\t\t\t<\/div>\n\t\t\t\t\t\t<\/div>\n\t\t\t\t<\/div>\n\t\t\t\t<div class=\"elementor-element elementor-element-1c0d5db color-scheme-inherit text-left elementor-widget elementor-widget-text-editor\" data-id=\"1c0d5db\" data-element_type=\"widget\" data-e-type=\"widget\" data-widget_type=\"text-editor.default\">\n\t\t\t\t<div class=\"elementor-widget-container\">\n\t\t\t\t\t\t\t\t\t<p>Vous avez encore des questions ? <a href=\"https:\/\/saudi-dates.com\/fr\/appelez-nous\/\"><span style=\"color: #00ab55;\">D\u00e9posez-les ici<\/span><\/a><\/p>\n\t\t\t\t\t\t\t\t<\/div>\n\t\t\t\t<\/div>\n\t\t\t\t\t<\/div>\n\t\t<\/div>\n\t\t\t\t\t<\/div>\n\t\t<\/section>\n\t\t\t\t<\/div>\n\t\t","protected":false},"excerpt":{"rendered":"<p>Quels types de dates proposez-vous ? Nous proposons une large gamme de dattes telles que Alajwa, Sukkari, Majdoul, Khalas, Barahi,<\/p>\n","protected":false},"author":1,"featured_media":0,"parent":0,"menu_order":0,"comment_status":"closed","ping_status":"closed","template":"","meta":{"footnotes":""},"class_list":["post-43838","page","type-page","status-publish","hentry"],"aioseo_notices":[],"_links":{"self":[{"href":"https:\/\/saudi-dates.com\/fr\/wp-json\/wp\/v2\/pages\/43838","targetHints":{"allow":["GET"]}}],"collection":[{"href":"https:\/\/saudi-dates.com\/fr\/wp-json\/wp\/v2\/pages"}],"about":[{"href":"https:\/\/saudi-dates.com\/fr\/wp-json\/wp\/v2\/types\/page"}],"author":[{"embeddable":true,"href":"https:\/\/saudi-dates.com\/fr\/wp-json\/wp\/v2\/users\/1"}],"replies":[{"embeddable":true,"href":"https:\/\/saudi-dates.com\/fr\/wp-json\/wp\/v2\/comments?post=43838"}],"version-history":[{"count":0,"href":"https:\/\/saudi-dates.com\/fr\/wp-json\/wp\/v2\/pages\/43838\/revisions"}],"wp:attachment":[{"href":"https:\/\/saudi-dates.com\/fr\/wp-json\/wp\/v2\/media?parent=43838"}],"curies":[{"name":"wp","href":"https:\/\/api.w.org\/{rel}","templated":true}]}}