{"id":21350,"date":"2024-10-22T15:32:15","date_gmt":"2024-10-22T12:32:15","guid":{"rendered":"https:\/\/m3acom.com\/conditions-generales-dutilisation-2\/"},"modified":"2025-02-03T11:57:16","modified_gmt":"2025-02-03T08:57:16","slug":"conditions-generales-dutilisation-2","status":"publish","type":"page","link":"https:\/\/saudi-dates.com\/fr\/conditions-generales-dutilisation-2\/","title":{"rendered":"Conditions g\u00e9n\u00e9rales d&#8217;utilisation"},"content":{"rendered":"\n<p>Bienvenue \u00e0 Saudi Dates !<br\/>Saudi Dates Platform s&#8217;engage \u00e0 prot\u00e9ger vos donn\u00e9es personnelles et, en acceptant la politique de confidentialit\u00e9 pour les clients de Saudi Dates Platform, vous nous autorisez \u00e0 collecter et \u00e0 utiliser vos informations personnelles uniquement conform\u00e9ment \u00e0 la politique de confidentialit\u00e9 et sur une base tr\u00e8s limit\u00e9e.<br\/><br\/>Nous nous engageons \u00e0 ne pas vendre, utiliser ou divulguer vos donn\u00e9es personnelles \u00e0 qui que ce soit. Comment vos donn\u00e9es sont collect\u00e9es par Saudi Dates Platform : Nous appr\u00e9cions la confiance que vous nous accordez en nous fournissant vos informations personnelles. Nous demandons un ensemble de donn\u00e9es personnelles au client lors de l&#8217;ouverture d&#8217;un nouveau compte sur Saudi Dates Platform (telles que le nom, l&#8217;e-mail, le num\u00e9ro de t\u00e9l\u00e9phone portable pour authentifier le compte et autres), et ces donn\u00e9es doivent \u00eatre compl\u00e9t\u00e9es correctement pour terminer le processus d&#8217;enregistrement sur le site Web ou l&#8217;application et pour s&#8217;assurer qu&#8217;il n&#8217;y a pas d&#8217;informations fausses ou trompeuses. Nous vous demandons de nous fournir des informations exactes et compl\u00e8tes sur vous-m\u00eame, qui doivent \u00eatre mises \u00e0 jour si n\u00e9cessaire. Cette obligation est une condition \u00e0 la fourniture de nos services ou produits par l&#8217;interm\u00e9diaire de la plateforme Dates Saoudiennes.<br\/><br\/><br\/>Utilisation de vos informations personnelles : Nous avons besoin de vos informations personnelles uniquement pour vous fournir les meilleurs services et le meilleur support, pour mesurer et am\u00e9liorer nos services, pour ex\u00e9cuter les termes de notre accord avec vous, pour collecter les frais, pour vous fournir des alertes ou des emails promotionnels, et pour authentifier les informations que vous nous avez fournies avec des tiers, par exemple nous pouvons partager certaines de vos informations personnelles avec des banques ou autoriser des cartes de cr\u00e9dit pour traiter et authentifier des services avec des tiers \u00e0 des fins de s\u00e9curit\u00e9. Utilisation de vos informations personnelles et des informations d&#8217;autres utilisateurs :<br\/> 1\/ Les membres peuvent \u00eatre amen\u00e9s \u00e0 partager des informations personnelles entre eux, afin d&#8217;effectuer certaines op\u00e9rations sur la plateforme Dates Saoudiennes. Vous devez toujours respecter la confidentialit\u00e9 des autres membres.              <br\/> <br\/>2\/ Nous ne garantissons pas la confidentialit\u00e9 de vos informations lorsque vous les partagez avec d&#8217;autres membres, vous devez donc demander des informations sur le niveau de confidentialit\u00e9 et les contrats de s\u00e9curit\u00e9 \u00e0 tout autre membre du site avant de commencer \u00e0 leur fournir des donn\u00e9es ou informations financi\u00e8res ou personnelles, et vous pouvez vous r\u00e9f\u00e9rer au personnel du service client\u00e8le pour vous assurer de la validit\u00e9 et de la s\u00e9curit\u00e9 de la demande. 3\/ Ce contrat n&#8217;inclut pas la divulgation de vos informations personnelles \u00e0 un membre d&#8217;un autre site.<br\/>Vous acceptez d&#8217;utiliser toute information personnelle que vous recevez d&#8217;un membre d&#8217;un autre site dans le but de r\u00e9aliser une transaction sur la plateforme Dates Saoudiennes uniquement pour cette transaction, et que vous n&#8217;utiliserez pas les informations re\u00e7ues d&#8217;un membre d&#8217;un autre site \u00e0 d&#8217;autres fins. Mesures de s\u00e9curit\u00e9 :<br\/> 1\/ Nous collectons des donn\u00e9es d&#8217;utilisation et d&#8217;acc\u00e8s qui nous permettent d&#8217;\u00e9viter les comptes multiples ou les comportements frauduleux ou de prot\u00e9ger nos syst\u00e8mes contre les acc\u00e8s non autoris\u00e9s.<br\/><br\/><br\/>2\/ Nous pouvons partager ces donn\u00e9es avec des services sp\u00e9cialis\u00e9s et fiables de gestion de la fraude qui nous aident \u00e0 analyser ces donn\u00e9es. Informations sur les enfants : 1\/ Une autre partie de notre priorit\u00e9 est d&#8217;ajouter une protection pour les enfants lorsqu&#8217;ils utilisent l&#8217;Internet. Nous encourageons les parents et les tuteurs \u00e0 surveiller leurs activit\u00e9s en ligne, \u00e0 y participer et\/ou \u00e0 les contr\u00f4ler et \u00e0 les diriger.     <\/p>\n\n<p>2\/ Nous ne collectons pas sciemment d&#8217;informations personnelles identifiables aupr\u00e8s d&#8217;enfants de moins de 13 ans.<br\/><br\/><br\/>Si vous pensez que votre enfant a fourni ce type d&#8217;informations sur notre site web, nous vous encourageons vivement \u00e0 nous contacter imm\u00e9diatement et nous ferons de notre mieux pour supprimer rapidement ces informations de nos dossiers. Contactez-nous : Si vous n&#8217;\u00eates pas satisfait de l&#8217;une des conditions du pr\u00e9sent contrat, vous pouvez contacter notre service client\u00e8le avant d&#8217;utiliser les services de la plateforme Saudi Dates. Nous sommes heureux de r\u00e9pondre \u00e0 toutes vos questions et demandes par courrier \u00e9lectronique saudidates20@gmail.com.   <\/p>\n","protected":false},"excerpt":{"rendered":"<p>Bienvenue \u00e0 Saudi Dates !Saudi Dates Platform s&#8217;engage \u00e0 prot\u00e9ger vos donn\u00e9es personnelles et, en acceptant la politique de confidentialit\u00e9<\/p>\n","protected":false},"author":1,"featured_media":0,"parent":0,"menu_order":0,"comment_status":"closed","ping_status":"closed","template":"","meta":{"footnotes":""},"class_list":["post-21350","page","type-page","status-publish","hentry"],"aioseo_notices":[],"_links":{"self":[{"href":"https:\/\/saudi-dates.com\/fr\/wp-json\/wp\/v2\/pages\/21350","targetHints":{"allow":["GET"]}}],"collection":[{"href":"https:\/\/saudi-dates.com\/fr\/wp-json\/wp\/v2\/pages"}],"about":[{"href":"https:\/\/saudi-dates.com\/fr\/wp-json\/wp\/v2\/types\/page"}],"author":[{"embeddable":true,"href":"https:\/\/saudi-dates.com\/fr\/wp-json\/wp\/v2\/users\/1"}],"replies":[{"embeddable":true,"href":"https:\/\/saudi-dates.com\/fr\/wp-json\/wp\/v2\/comments?post=21350"}],"version-history":[{"count":0,"href":"https:\/\/saudi-dates.com\/fr\/wp-json\/wp\/v2\/pages\/21350\/revisions"}],"wp:attachment":[{"href":"https:\/\/saudi-dates.com\/fr\/wp-json\/wp\/v2\/media?parent=21350"}],"curies":[{"name":"wp","href":"https:\/\/api.w.org\/{rel}","templated":true}]}}