{"id":21348,"date":"2024-10-22T15:32:15","date_gmt":"2024-10-22T12:32:15","guid":{"rendered":"https:\/\/m3acom.com\/conditions-generales-dutilisation\/"},"modified":"2025-02-03T11:57:08","modified_gmt":"2025-02-03T08:57:08","slug":"conditions-generales-dutilisation","status":"publish","type":"page","link":"https:\/\/saudi-dates.com\/fr\/conditions-generales-dutilisation\/","title":{"rendered":"Conditions g\u00e9n\u00e9rales d&#8217;utilisation"},"content":{"rendered":"\n<p>Bienvenue \u00e0 Saudi Gift !<br\/>Les conditions g\u00e9n\u00e9rales de la plate-forme Saudi Gift constituent un contrat juridiquement contraignant entre vous et Saudi Gift, officiellement repr\u00e9sent\u00e9e par Hijaz Al Madinah Trading Organisation. Ces conditions g\u00e9n\u00e9rales nous prot\u00e8gent, prot\u00e8gent nos clients et tout visiteur utilisant ce site Internet. Veuillez lire attentivement les conditions g\u00e9n\u00e9rales suivantes avant d&#8217;utiliser le site Saudi Gift.  <br\/>L&#8217;utilisateur accepte que l&#8217;acc\u00e8s et l&#8217;utilisation de la plate-forme Saudi Gift &#8211; sous toutes ses formes &#8211; soient soumis aux conditions g\u00e9n\u00e9rales ci-dessous. Si vous avez une objection \u00e0 l&#8217;une de ces conditions, veuillez nous contacter avant de terminer le processus d&#8217;enregistrement. <\/p>\n\n<p>Saudi Gift Platform se r\u00e9serve le droit de changer, de modifier, d&#8217;amender, d&#8217;ajouter ou de supprimer des parties des conditions d&#8217;utilisation \u00e0 tout moment. Les modifications entrent en vigueur d\u00e8s leur publication sur le site web\/l&#8217;application, sans pr\u00e9avis. Veuillez consulter r\u00e9guli\u00e8rement les conditions d&#8217;utilisation et les conditions pour prendre connaissance de toutes les mises \u00e0 jour. En continuant \u00e0 utiliser le site, vous acceptez toutes les modifications apport\u00e9es aux conditions d&#8217;utilisation.   <\/p>\n\n<p><br\/><br\/><br\/>1- Adh\u00e9sion de l&#8217;utilisateur Vous devez ouvrir un compte sur la plateforme Saudi Gift pour pouvoir utiliser tout ou partie des services en respectant les conditions suivantes : a\/ Authenticit\u00e9 en fournissant des informations personnelles exactes. En acceptant la liste des conditions g\u00e9n\u00e9rales, le client reconna\u00eet que toutes les informations divulgu\u00e9es par lui sont vraies, correctes, \u00e0 jour et compl\u00e8tes, qu&#8217;elles lui correspondent et qu&#8217;elles correspondent \u00e0 ce qui est demand\u00e9 dans le formulaire d&#8217;inscription de Saudi Gift.  <br\/>&#8211; L&#8217;inscription et l&#8217;authentification du compte se font par le biais d&#8217;un num\u00e9ro de t\u00e9l\u00e9phone mobile ou d&#8217;un courriel, et aucun membre n&#8217;a le droit d&#8217;ouvrir plus d&#8217;un compte. <br\/>&#8211; Choisissez un nom d&#8217;utilisateur appropri\u00e9. Vous ne devez pas utiliser un langage abusif ou vulgaire ni violer les droits de propri\u00e9t\u00e9 intellectuelle d&#8217;une personne ou d&#8217;une entit\u00e9, faute de quoi un tel comportement frauduleux constitue une violation des Conditions et une infraction aux lois et r\u00e9glementations internationales.<br\/><br\/><br\/>&#8211; Lorsque vous cr\u00e9ez une boutique en ligne sur Saudi Gift, vous devez fournir des documents d&#8217;identification valides et originaux, comme nous l&#8217;avons sp\u00e9cifi\u00e9 (conform\u00e9ment aux lois applicables au Royaume d&#8217;Arabie saoudite) et comme nous le demandons par l&#8217;interm\u00e9diaire du site ou de votre compte de boutique. b. Vous \u00eates responsable de votre compte Vous \u00eates seul responsable de toute activit\u00e9 sur votre compte. Si vous partagez un compte avec d&#8217;autres personnes, la personne au nom de laquelle les informations d&#8217;enregistrement et de facturation du compte sont conserv\u00e9es est responsable en dernier ressort de toutes les activit\u00e9s. Si vous enregistrez une entit\u00e9 commerciale, vous garantissez personnellement que vous avez le pouvoir d&#8217;approuver des articles au nom de l&#8217;entreprise.<br\/><br\/>En outre, vos comptes ne sont plus transf\u00e9rables. c. Prot\u00e9gez votre mot de passe Comme indiqu\u00e9 ci-dessus, vous \u00eates seul responsable de toute activit\u00e9 sur votre compte, il est donc important de s\u00e9curiser le mot de passe de votre compte. Si vous constatez des activit\u00e9s suspectes sur votre compte, vous devez modifier votre mot de passe imm\u00e9diatement. En aucun cas, Saudi Gift Platform ne sera responsable des pertes que vous pourriez subir directement ou indirectement, moralement ou financi\u00e8rement, \u00e0 la suite de la divulgation de votre nom d&#8217;utilisateur ou de votre mot de passe.              <\/p>\n\n<p><br\/><br\/><br\/>2- Votre contenu Le contenu que vous publiez en utilisant nos Services est ce que nous appelons ici &#8221; Votre contenu &#8221; et comprend tout ce que vous publiez en utilisant nos Services (tels que les noms de magasins, les photos de profil, les photos de listes, les images de produits et de marchandises, les descriptions de listes, les commentaires, les critiques, les \u00e9valuations, les vid\u00e9os, les noms d&#8217;utilisateur, etc. a\/ Responsabilit\u00e9 de votre contenu Vous comprenez que vous \u00eates le seul responsable de votre contenu.<br\/><br\/>Vous reconnaissez que vous disposez de tous les droits n\u00e9cessaires sur votre contenu et que vous n&#8217;enfreignez ni ne violez les droits d&#8217;aucun tiers en le publiant. b\/ Autorisation d&#8217;utiliser votre contenu En publiant votre contenu par l&#8217;interm\u00e9diaire de nos Services, vous accordez \u00e0 la Plateforme Saudi Gift une licence d&#8217;utilisation. Nous ne revendiquons aucun droit de propri\u00e9t\u00e9 sur votre contenu, mais nous avons l&#8217;autorisation de l&#8217;utiliser pour aider la Plate-forme Cadeaux Saoudiens \u00e0 continuer et \u00e0 se d\u00e9velopper et pour pouvoir contribuer \u00e0 la promotion de votre boutique et de vos produits.<br\/><br\/>Ainsi, nous ne violerons aucun des droits que vous d\u00e9tenez sur votre contenu. c. Signalement d&#8217;un contenu non autoris\u00e9 La plate-forme Saudi Gift respecte les droits de propri\u00e9t\u00e9 intellectuelle et s&#8217;engage \u00e0 suivre les proc\u00e9dures l\u00e9gales appropri\u00e9es pour retirer des services les contenus qui constituent une violation de ces droits. Si un contenu dont vous \u00eates le propri\u00e9taire ou le d\u00e9tenteur des droits a \u00e9t\u00e9 publi\u00e9 dans les services de la plate-forme Saudi Gift sans votre autorisation et que vous souhaitez le retirer, veuillez contacter l&#8217;\u00e9quipe du service client\u00e8le de la plate-forme Saudi Gift. Si votre contenu porte atteinte \u00e0 la propri\u00e9t\u00e9 intellectuelle de quelqu&#8217;un d&#8217;autre, nous le retirerons si nous recevons une notification en bonne et due forme.<br\/><br\/><br\/>Nous vous en informerons le cas \u00e9ch\u00e9ant. d. D\u00e9livrance de licences ou d&#8217;autorisations Les propri\u00e9taires de boutiques en ligne qui exercent une profession r\u00e9glement\u00e9e n\u00e9cessitant une licence ou une autorisation d&#8217;exercer doivent fournir les informations suivantes : a. Les coordonn\u00e9es de l&#8217;organisme ou de l&#8217;institution professionnelle aupr\u00e8s duquel le prestataire de services est inscrit.<br\/><br\/><br\/><br\/>b- Le titre professionnel applicable et le nom du pays dans lequel le titre a \u00e9t\u00e9 d\u00e9livr\u00e9. c- Toute autre donn\u00e9e que la Plate-forme Saudi Gift juge importante de divulguer pour prot\u00e9ger le consommateur. e\/ Contenu inappropri\u00e9, faux ou trompeur Il existe certains types de contenu que nous ne souhaitons pas publier sur les services de la Plate-forme Saudi Gift (pour des raisons juridiques ou autres). Vous acceptez de ne pas publier de contenu abusif, vulgaire, mena\u00e7ant, diffamatoire ou autrement offensant, ou qui enfreint notre politique de clauses interdites ou toute autre partie de nos conditions. Vous acceptez \u00e9galement de ne pas publier de contenu qui soit faux ou trompeur ou qui utilise les services d&#8217;une mani\u00e8re trompeuse ou frauduleuse.                      <\/p>\n\n<p><br\/><br\/>3- Politique relative aux produits interdits La vente de produits et de marchandises interdits est interdite, et Saudi Gift Shop a le droit de lever toute interdiction mentionn\u00e9e ci-dessous sans autorisation pr\u00e9alable du vendeur : a. Produits contrefaits, non originaux, endommag\u00e9s, contrefaits, impropres \u00e0 l&#8217;utilisation, ou qui, par leur utilisation, pourraient causer des dommages \u00e0 l&#8217;utilisateur, que ce soit dans son int\u00e9r\u00eat ou dans sa sant\u00e9.  <br\/>B- Les objets dont la circulation est l\u00e9galement interdite dans le Royaume d&#8217;Arabie Saoudite.<br\/>c. la publication d&#8217;informations, de contenus ou de listes de marchandises qui (\u00e0 notre avis) peuvent mettre en p\u00e9ril la s\u00e9curit\u00e9 nationale.<\/p>\n\n<p><br\/><br\/>4- Politique de vente des boutiques en ligne Dans le cas o\u00f9 l&#8217;utilisateur cr\u00e9e une boutique en ligne sur Saudi Gift, l&#8217;utilisateur (que nous appellerons ici le &#8221; Vendeur &#8220;) se verra accorder la boutique avec le respect de tous les termes et conditions contenus dans ce contrat : a- Le vendeur est seul responsable de l&#8217;exactitude des donn\u00e9es du produit et de son absence de violations mentionn\u00e9es dans les points de la politique d&#8217;interdictions ci-dessus, l&#8217;honn\u00eatet\u00e9 et la sinc\u00e9rit\u00e9 doivent \u00eatre respect\u00e9es dans l&#8217;affichage des produits, et la publication du contraire peut exposer le vendeur \u00e0 la responsabilit\u00e9.  <br\/>B- Le vendeur doit pr\u00e9senter des photos r\u00e9elles et priv\u00e9es du produit et ne pas pr\u00e9senter de photos provenant d&#8217;Internet ou de photos contraires \u00e0 la r\u00e9alit\u00e9 et \u00e0 la v\u00e9rit\u00e9, et toute photo sera supprim\u00e9e si elle viole les droits de propri\u00e9t\u00e9 intellectuelle. <br\/>C- Le vendeur et le fournisseur de produits doivent respecter tous les contrats et commandes conclus avec d&#8217;autres membres.<br\/>D- Le vendeur doit fournir tous les d\u00e9tails des biens, d\u00e9crire les caract\u00e9ristiques de base des biens et afficher le prix des biens, y compris tous les frais suppl\u00e9mentaires tels que les frais d&#8217;exp\u00e9dition, etc.<br\/>L&#8217;acheteur et le vendeur doivent se mettre d&#8217;accord sur le mode d&#8217;exp\u00e9dition ou de livraison le plus appropri\u00e9 pour les deux parties et d\u00e9terminer \u00e0 l&#8217;avance l&#8217;heure de r\u00e9ception et s&#8217;y tenir.<br\/>\u00c0 moins que le marchand et l&#8217;acheteur ne conviennent d&#8217;un autre d\u00e9lai pour la livraison ou l&#8217;ex\u00e9cution du contrat, l&#8217;acheteur a le droit de r\u00e9silier le contrat en cas de retard de livraison ou d&#8217;ex\u00e9cution du contrat de plus de quinze jours \u00e0 compter de la date de livraison convenue, et de recouvrer tous les montants qu&#8217;il a pay\u00e9s en vertu du contrat pour les produits, biens, services ou autres obligations contractuelles affect\u00e9s par un tel retard.  <br\/>g. Le vendeur est tenu d&#8217;informer le consommateur des retards ou difficult\u00e9s rencontr\u00e9s qui ont une incidence importante sur l&#8217;ex\u00e9cution du contrat.<br\/>H- L&#8217;acheteur a le droit de retourner et de rembourser le prix de l&#8217;article s&#8217;il re\u00e7oit l&#8217;article sous une forme compl\u00e8tement diff\u00e9rente des caract\u00e9ristiques du produit d\u00e9crites ou convenues au moment de l&#8217;achat.<br\/>En cas de produit endommag\u00e9, vous devez contacter le vendeur et le service client\u00e8le de Saudi Gift Platform, afin de violer l&#8217;une des conditions de vente, qui est de s&#8217;assurer que les produits ne sont pas endommag\u00e9s. Si le produit est d\u00e9j\u00e0 endommag\u00e9, les d\u00e9fauts doivent \u00eatre mentionn\u00e9s lors de la mise en vente dans la boutique en ligne.  <\/p>\n\n<p><br\/><br\/><br\/>5- Votre utilisation de nos Services Nous vous accordons une licence limit\u00e9e, non exclusive, non transf\u00e9rable et r\u00e9vocable pour utiliser nos Services &#8211; sous r\u00e9serve notamment des conditions et restrictions suivantes : a. Ne pas utiliser nos Services pour enfreindre la loi : Vous vous engagez \u00e0 ne pas enfreindre les lois dans le cadre de votre utilisation des Services. Cela inclut toutes les lois locales, r\u00e9gionales ou internationales qui peuvent s&#8217;appliquer \u00e0 vous.<br\/><br\/>Par exemple, il vous incombe d&#8217;obtenir tous les permis ou licences requis par votre boutique ; vous ne pouvez rien vendre qui enfreigne les lois ; vous devez respecter notre politique de sanctions et ne pas vous livrer \u00e0 la fraude, au vol, \u00e0 un comportement anticoncurrentiel, \u00e0 un comportement mena\u00e7ant ou \u00e0 tout autre acte ill\u00e9gal ou criminel \u00e0 l&#8217;encontre de la Plate-forme Saudi Gift, d&#8217;un autre utilisateur de la Plate-forme Saudi Gift ou d&#8217;un tiers. b. Payer vos factures : vous \u00eates responsable du paiement de tous les frais que vous devez \u00e0 la Plate-forme Saudi Gift. Le propri\u00e9taire de la boutique est tenu de payer tous les frais dus \u00e0 la plate-forme (provenant des achats contre remboursement et autres) \u00e0 la fin de chaque mois civil.<br\/><br\/>Saudi Gift a le droit de geler les services du magasin apr\u00e8s la p\u00e9riode sp\u00e9cifi\u00e9e ci-dessus jusqu&#8217;\u00e0 ce que les frais requis soient pay\u00e9s. c. Ne pas tenter d&#8217;endommager nos syst\u00e8mes : vous acceptez de ne pas compromettre ou tenter de perturber nos services, par exemple en distribuant un virus ou tout autre code informatique malveillant.      <\/p>\n\n<p><br\/><br\/>6- Suspension ou annulation du compte a. Suspension par vous : Vous pouvez suspendre ou r\u00e9silier votre compte sur la plateforme Saudi Gift \u00e0 tout moment \u00e0 partir des param\u00e8tres de votre compte. Vous pouvez obtenir plus d&#8217;informations en contactant notre service client\u00e8le.<br\/><br\/>Vous devrez toujours payer les factures en souffrance. b. Suspension par Saudi Gift Platform : Nous pouvons r\u00e9silier ou suspendre votre compte (et tous les comptes associ\u00e9s) et votre acc\u00e8s aux services \u00e0 tout moment, pour quelque raison que ce soit et sans pr\u00e9avis. Dans ce cas, il est important de comprendre que vous n&#8217;avez aucun droit contractuel ou l\u00e9gal de continuer \u00e0 utiliser nos Services, par exemple pour vendre ou acheter via nos sites web ou nos applications mobiles. La Plateforme saoudienne de cadeaux peut refuser ses services \u00e0 quiconque, \u00e0 tout moment et pour toute raison qu&#8217;elle juge utile \u00e0 l&#8217;int\u00e9r\u00eat public et priv\u00e9. Si vous ou la Plateforme saoudienne de cadeaux r\u00e9siliez votre compte, vous pouvez perdre toutes les informations associ\u00e9es \u00e0 votre compte, y compris votre contenu.         <\/p>\n\n<p><br\/>7. modifications des conditions Nous pouvons mettre \u00e0 jour les pr\u00e9sentes conditions de temps \u00e0 autre.<br\/><br\/><br\/>Si nous estimons que les modifications sont importantes, nous vous en informerons d\u00e9finitivement en prenant l&#8217;une (ou plusieurs) des mesures suivantes : a. publier les modifications par l&#8217;interm\u00e9diaire des services b. vous envoyer un courrier \u00e9lectronique ou une lettre concernant les modifications. Vous pourrez ainsi d\u00e9cider si vous souhaitez continuer \u00e0 utiliser les services. Les modifications entreront en vigueur d\u00e8s leur publication. Il vous incombe de prendre connaissance des modifications et de vous familiariser avec elles. Votre utilisation des services apr\u00e8s les modifications constitue votre acceptation des conditions mises \u00e0 jour.     <br\/>Les Conditions, y compris toutes les politiques constituant les Conditions, remplacent tout autre accord entre vous et la Plateforme saoudienne de cadeaux en ce qui concerne les Services. Si une partie des conditions est jug\u00e9e non obligatoire, cette partie sera limit\u00e9e au minimum n\u00e9cessaire pour que les conditions restent pleinement en vigueur. Le fait que nous n&#8217;appliquions pas une partie des conditions ne constitue pas une renonciation \u00e0 notre droit d&#8217;appliquer ult\u00e9rieurement cette partie ou toute autre partie des conditions. Nous pouvons c\u00e9der n&#8217;importe lequel de nos droits et obligations en vertu des conditions.      <\/p>\n\n<p><br\/>12. contact Si vous avez des questions ou des demandes concernant les conditions g\u00e9n\u00e9rales, veuillez nous envoyer un courriel :  saudigiftss6@gmail.com<\/p>\n","protected":false},"excerpt":{"rendered":"<p>Bienvenue \u00e0 Saudi Gift !Les conditions g\u00e9n\u00e9rales de la plate-forme Saudi Gift constituent un contrat juridiquement contraignant entre vous et<\/p>\n","protected":false},"author":1,"featured_media":0,"parent":0,"menu_order":0,"comment_status":"closed","ping_status":"closed","template":"","meta":{"footnotes":""},"class_list":["post-21348","page","type-page","status-publish","hentry"],"aioseo_notices":[],"_links":{"self":[{"href":"https:\/\/saudi-dates.com\/fr\/wp-json\/wp\/v2\/pages\/21348","targetHints":{"allow":["GET"]}}],"collection":[{"href":"https:\/\/saudi-dates.com\/fr\/wp-json\/wp\/v2\/pages"}],"about":[{"href":"https:\/\/saudi-dates.com\/fr\/wp-json\/wp\/v2\/types\/page"}],"author":[{"embeddable":true,"href":"https:\/\/saudi-dates.com\/fr\/wp-json\/wp\/v2\/users\/1"}],"replies":[{"embeddable":true,"href":"https:\/\/saudi-dates.com\/fr\/wp-json\/wp\/v2\/comments?post=21348"}],"version-history":[{"count":0,"href":"https:\/\/saudi-dates.com\/fr\/wp-json\/wp\/v2\/pages\/21348\/revisions"}],"wp:attachment":[{"href":"https:\/\/saudi-dates.com\/fr\/wp-json\/wp\/v2\/media?parent=21348"}],"curies":[{"name":"wp","href":"https:\/\/api.w.org\/{rel}","templated":true}]}}